{"id":2199,"date":"2024-09-11T14:31:13","date_gmt":"2024-09-11T11:31:13","guid":{"rendered":"https:\/\/arktisenlapinys.fi\/?page_id=2199"},"modified":"2024-10-22T13:18:12","modified_gmt":"2024-10-22T10:18:12","slug":"pirros-suojjlem-mearroozz","status":"publish","type":"page","link":"https:\/\/arktisenlapinys.fi\/sms-fi\/pirros-suojjlem-mearroozz\/","title":{"rendered":"Pirr\u00f5s-su\u00f5jjlem-me\u00e4rr\u00f5\u00f5zz"},"content":{"rendered":"\n<div class=\"wp-block-group has-global-padding is-layout-constrained wp-block-group-is-layout-constrained\">\n<div class=\"wp-block-columns is-layout-flex wp-container-core-columns-is-layout-1 wp-block-columns-is-layout-flex\">\n<div class=\"wp-block-column is-layout-flow wp-block-column-is-layout-flow\" style=\"flex-basis:66.66%\">\n<div class=\"wp-block-group is-layout-flow wp-block-group-is-layout-flow\">\n<h2 class=\"wp-block-heading\">Pirr\u00f5s-su\u00f5jjlem-me\u00e4rr\u00f5\u00f5zz<\/h2>\n\n\n\n<div class=\"wp-block-group has-alys-trans-red-background-color has-background has-global-padding is-layout-constrained wp-container-core-group-is-layout-1 wp-block-group-is-layout-constrained\" style=\"border-radius:1.75em;margin-top:1em;margin-bottom:1em;padding-top:2em;padding-right:1em;padding-bottom:2em;padding-left:1em\">\n<p>Aarktla\u017e Lappi pirr\u00f5s-su\u00f5jjlummu\u017e toi\u02b9mmjemvuu\u02b9d koo\u02b9ddin Je\u00e4n\u00f5\u00f5\u01e5\u01e5\u00e2st, Aanrest da Uccjoo\u01e5\u01e5\u00e2st lie rajjum p\u00e4\u00e4ikla\u017e tuejjee\u02b9jid vu\u00e2\u0111\u0111\u00f5\u00f5vvi pirr\u00f5s-su\u00f5jjlem-me\u00e4rr\u00f5\u00f5zz, koid \u00e2lgg j\u00e4\u00e4\u02b9\u01e9\u01e9ted l\u00e4\u00e4\u02b9jj\u0161i\u00f5tteem paald\u00e2st. Ju\u00f5\u02b9\u01e9\u01e9 jee\u02b9rab k\u00e5\u00e5\u02b9dd me\u00e4rr\u00f5\u00f5zz lie kaunnmest seeid vue\u02b9ljes ru\u00f5bd\u00e2st le\u02b9be mobiilne\u00e4vvain seeid loopp\u00e2st.<\/p>\n\n\n\n<p>Pirr\u00f5s-su\u00f5jjlem-me\u00e4rr\u00f5\u00f5zzi peei\u02b9vtummu\u0161 di me\u00e4rr\u00f5\u00f5zzi raajjm\u00f5\u0161 Su\u00e4\u02b9\u0111jel da Muonio koo\u02b9ddi voudda lij p\u00e4\u00e4\u02b9res \u00e4\u00e4i\u02b9j j\u00e5\u00e5\u02b9ttmen (2024\u20132025). Peei\u02b9vtummu\u017e lij \u01e9i\u00f5\u010d\u010dum \u00e4\u00e4i\u02b9jpoddsen mottjam l\u00e4\u00e4\u02b9jj\u0161i\u00f5tteem di vu\u00f5\u02b9jji \u010di\u00f5lggeem di\u00f5tt. Valm\u0161t\u00f5\u00f5ll\u00e2m v\u00e4\u00e4ras lij vu\u00e2\u0111\u0111uum tu\u00e2jj-joukk, koozz ko\u02b9lle ALY pirr\u00f5sj\u00e5\u00e5\u02b9\u0111teei di ee\u02b9ttk\u00f5\u00f5\u02b9sti toi\u02b9mmjemvuu\u02b9d ju\u00f5\u02b9\u01e9\u01e9 k\u00e5\u00e5\u02b9ddest.<\/p>\n\n\n\n<p>Valm\u0161t\u00f5\u00f5llm\u00f5\u00f5\u017e\u017e \u00f5uddnem mie\u02b9ldd juu\u02b9rdet v\u00e4\u02b9ldded \u00f5httvu\u00f5\u0111 jee\u02b9res \u010d\u00f5\u00f5n\u00e2sjooukid da k\u00e5\u02b9ddnii\u02b9\u01e9\u01e9id va\u02b9rrjet vaaiktemvuei\u02b9ttemvu\u00f5\u0111. Vuei\u02b9tlva\u017e noor\u00f5\u00f5ttm\u00f5\u00f5\u017e\u017e da t\u00f5i \u00e4i\u02b9\u01e7\u01e7taaul t\u00e4\u02b9r\u01e9sm\u00e2\u02b9vve valm\u0161t\u00f5\u00f5ll\u00e2mtu\u00e2j \u00f5uddnem mie\u02b9ldd.<\/p>\n<\/div>\n\n\n\n<hr class=\"wp-block-separator has-alpha-channel-opacity\" style=\"margin-top:2em;margin-bottom:4em\"\/>\n<\/div>\n<\/div>\n\n\n\n<div class=\"wp-block-column is-layout-flow wp-block-column-is-layout-flow\" style=\"flex-basis:33.33%\">\n<h3 class=\"wp-block-heading\">Asiakirjat<\/h3>\n\n\n\n<div class=\"wp-block-file links\"><a id=\"wp-block-file--media-d56d7606-adf6-4fdc-8e4b-358d86cf36fc\" href=\"https:\/\/arktisenlapinys.fi\/wp-content\/uploads\/Enonteki\u00f6n-kunnan-ymp\u00e4rist\u00f6nsuojelum\u00e4\u00e4r\u00e4ykset.pdf\">Enonteki\u00f6n kunnan ymp\u00e4rist\u00f6nsuojelum\u00e4\u00e4r\u00e4ykset (pdf)<\/a><\/div>\n\n\n\n<div class=\"wp-block-file links\"><a id=\"wp-block-file--media-ed628a62-eb7f-4ecb-9e9b-4cf556861663\" href=\"https:\/\/arktisenlapinys.fi\/wp-content\/uploads\/Inarin-kunnan-ymp\u00e4rist\u00f6nsuojelum\u00e4\u00e4r\u00e4ykset.pdf\">Inarin kunnan ymp\u00e4rist\u00f6nsuojelum\u00e4\u00e4r\u00e4ykset (pdf)<\/a><\/div>\n\n\n\n<div class=\"wp-block-file links\"><a id=\"wp-block-file--media-986aa24d-30f3-4fe9-8d51-da41b4f89442\" href=\"https:\/\/arktisenlapinys.fi\/wp-content\/uploads\/UTSJOKI_Voimassaolevat_ysm\u00e4\u00e4r\u00e4ykset.pdf\">Utsjoen kunnan ymp\u00e4rist\u00f6nsuojelum\u00e4\u00e4r\u00e4ykset (pdf)<\/a><\/div>\n<\/div>\n<\/div>\n<\/div>\n","protected":false},"excerpt":{"rendered":"<p>Pirr\u00f5s-su\u00f5jjlem-me\u00e4rr\u00f5\u00f5zz Aarktla\u017e Lappi pirr\u00f5s-su\u00f5jjlummu\u017e toi\u02b9mmjemvuu\u02b9d koo\u02b9ddin Je\u00e4n\u00f5\u00f5\u01e5\u01e5\u00e2st, Aanrest da Uccjoo\u01e5\u01e5\u00e2st lie rajjum p\u00e4\u00e4ikla\u017e tuejjee\u02b9jid vu\u00e2\u0111\u0111\u00f5\u00f5vvi pirr\u00f5s-su\u00f5jjlem-me\u00e4rr\u00f5\u00f5zz, koid \u00e2lgg j\u00e4\u00e4\u02b9\u01e9\u01e9ted l\u00e4\u00e4\u02b9jj\u0161i\u00f5tteem paald\u00e2st. Ju\u00f5\u02b9\u01e9\u01e9 jee\u02b9rab k\u00e5\u00e5\u02b9dd me\u00e4rr\u00f5\u00f5zz lie kaunnmest seeid vue\u02b9ljes ru\u00f5bd\u00e2st le\u02b9be mobiilne\u00e4vvain seeid loopp\u00e2st. Pirr\u00f5s-su\u00f5jjlem-me\u00e4rr\u00f5\u00f5zzi peei\u02b9vtummu\u0161 di me\u00e4rr\u00f5\u00f5zzi raajjm\u00f5\u0161 Su\u00e4\u02b9\u0111jel da Muonio koo\u02b9ddi voudda lij p\u00e4\u00e4\u02b9res \u00e4\u00e4i\u02b9j j\u00e5\u00e5\u02b9ttmen (2024\u20132025). Peei\u02b9vtummu\u017e lij \u01e9i\u00f5\u010d\u010dum \u00e4\u00e4i\u02b9jpoddsen mottjam l\u00e4\u00e4\u02b9jj\u0161i\u00f5tteem [&hellip;]<\/p>\n","protected":false},"author":1,"featured_media":1627,"parent":0,"menu_order":0,"comment_status":"closed","ping_status":"closed","template":"","meta":{"footnotes":""},"class_list":["post-2199","page","type-page","status-publish","has-post-thumbnail","hentry"],"_links":{"self":[{"href":"https:\/\/arktisenlapinys.fi\/sms-fi\/wp-json\/wp\/v2\/pages\/2199","targetHints":{"allow":["GET"]}}],"collection":[{"href":"https:\/\/arktisenlapinys.fi\/sms-fi\/wp-json\/wp\/v2\/pages"}],"about":[{"href":"https:\/\/arktisenlapinys.fi\/sms-fi\/wp-json\/wp\/v2\/types\/page"}],"author":[{"embeddable":true,"href":"https:\/\/arktisenlapinys.fi\/sms-fi\/wp-json\/wp\/v2\/users\/1"}],"replies":[{"embeddable":true,"href":"https:\/\/arktisenlapinys.fi\/sms-fi\/wp-json\/wp\/v2\/comments?post=2199"}],"version-history":[{"count":3,"href":"https:\/\/arktisenlapinys.fi\/sms-fi\/wp-json\/wp\/v2\/pages\/2199\/revisions"}],"predecessor-version":[{"id":2202,"href":"https:\/\/arktisenlapinys.fi\/sms-fi\/wp-json\/wp\/v2\/pages\/2199\/revisions\/2202"}],"wp:featuredmedia":[{"embeddable":true,"href":"https:\/\/arktisenlapinys.fi\/sms-fi\/wp-json\/wp\/v2\/media\/1627"}],"wp:attachment":[{"href":"https:\/\/arktisenlapinys.fi\/sms-fi\/wp-json\/wp\/v2\/media?parent=2199"}],"curies":[{"name":"wp","href":"https:\/\/api.w.org\/{rel}","templated":true}]}}