{"id":2174,"date":"2024-09-20T11:41:32","date_gmt":"2024-09-20T08:41:32","guid":{"rendered":"https:\/\/arktisenlapinys.fi\/?page_id=2174"},"modified":"2024-10-22T13:24:24","modified_gmt":"2024-10-22T10:24:24","slug":"vuallamvuottciol%c7%a5tos","status":"publish","type":"page","link":"https:\/\/arktisenlapinys.fi\/sms-fi\/vuallamvuottciol%c7%a5tos\/","title":{"rendered":"Vu\u00e4llamvu\u00f5tt\u010di\u00f5l\u01e5t\u00f5s"},"content":{"rendered":"\n<div class=\"wp-block-group is-layout-flow wp-block-group-is-layout-flow\" style=\"margin-top:2em;margin-bottom:2em\">\n<h1 class=\"wp-block-heading\">Vu\u00e4llamvu\u00f5tt\u010di\u00f5l\u01e5t\u00f5s<\/h1>\n\n\n\n<div class=\"wp-block-group has-alys-trans-red-background-color has-background has-global-padding is-layout-constrained wp-container-core-group-is-layout-1 wp-block-group-is-layout-constrained\" style=\"border-radius:1.75em;margin-top:1em;margin-bottom:1em;padding-top:2em;padding-right:1em;padding-bottom:2em;padding-left:1em\">\n<p>T\u00e4t vu\u00e4llamvu\u00f5tt\u010di\u00f5l\u01e5t\u00f5s ku\u00e2skk k\u00e4\u00e4zzk\u00f5\u00f5zz www.arktisenlapinys.fi da lij rajjum 30.9.2024. K\u00e4\u00e4zzk\u00f5\u00f5zz ku\u00e2skk l\u00e4\u00e4\u02b9\u01e9\u01e9 digitaal\u02bcla\u017e k\u00e4\u00e4zzk\u00f5\u00f5zzi ta\u02b9rjjumm\u0161est, ko\u02b9st \u00f5udldet, \u0161to \u00f5\u00f5lm\u00e2s ne\u02b9ttk\u00e4\u00e4zzk\u00f5\u00f5zz \u00e2\u02b9l\u01e7\u01e7e lee\u02b9d vu\u00e4llamnalla. Le\u00e4\u02b9p \u00e4rvvt\u00f5\u00f5ll\u00e2m k\u00e4\u00e4zzk\u00f5\u00f5zz vu\u00e4llamvu\u00f5\u0111 jiijj.<\/p>\n\n\n\n<h2 class=\"wp-block-heading has-medium-font-size\"><strong>Digik\u00e4\u00e4zzk\u00f5\u00f5zz vu\u00e4llamvu\u00f5\u0111 vue\u02b9\u01e9\u01e9<\/strong><\/h2>\n\n\n\n<p>Teudd vu\u00e4llamvu\u00f5ttkai\u02b9bbj\u00f5\u00f5zzid vu\u00e4zzas.<\/p>\n\n\n\n<h2 class=\"wp-block-heading has-medium-font-size\"><strong>Ij-vu\u00e4llamnall\u0161em siisk\u00f5s<\/strong><\/h2>\n\n\n\n<h3 class=\"wp-block-heading has-medium-font-size\"><strong>Ne\u02b9ttseidd\u00f5s ij le\u00e4kku ve\u00e2l pukines kai\u02b9bbj\u00f5\u00f5zzi me\u00e2ldla\u017e<\/strong><\/h3>\n\n\n\n<ul class=\"wp-block-list\">\n<li><strong>\u00c4\u02b9\u0161\u0161\u01e9ee\u02b9rj da lomaakk<\/strong>: Aarktla\u017e Lappi pirr\u00f5s-su\u00f5jjlummu\u017e ne\u02b9ttseeidain lie me\u00e2ldd\u00f5ste\u00e2tt\u00f5\u00f5zz (pdf, doc, docx), koin puk jie le\u00e4kku vu\u00e4llamnalla \u00e5\u00e5rrai. Ne\u02b9ttseeidain lie \u0161e pdf-lomaakk, kook puk jie le\u00e4kku vu\u00e4llamnalla \u00e5\u00e5rrai. Lomaakkid da \u00e4\u02b9\u0161\u0161\u01e9ii\u02b9rjid juu\u02b9rdet peei\u02b9vted vu\u00e4llamvu\u00f5ttkai\u02b9bbj\u00f5\u00f5zzi me\u00e2ldli\u02b9\u017e\u017een. Vu\u00e4llamvu\u00f5ttkai\u02b9bbj\u00f5\u00f5zz, kookk jie tiuddu: 1.4.5 Tee\u02b9kst \u010du\u00e4\u02b9jteei koov da 1.1.1 Ij-tekstuaal\u02bcla\u017e siisk\u00f5s.<\/li>\n<\/ul>\n\n\n\n<p><strong>Vu\u00e2mm\u0161i\u01e9-a vu\u00e4llamvu\u00f5ttv\u00e4\u00e4\u02b9n mij digik\u00e4\u00e4zzk\u00f5\u00f5zz\u00e2st? I\u02b9lmmet t\u00f5n mi\u02b9jjid da tuejjeep pue\u02b9rm\u00f5\u00f5zzeen v\u00e4\u00e4\u02b9nnvu\u00f5\u0111 teevvma.<\/strong><\/p>\n\n\n\n<p>Uu\u02b9d vu\u00e4llamvu\u00f5\u0111 ku\u00f5skki maacct\u00f5\u00f5zz ne\u02b9ttp\u00e5\u00e5\u02b9\u0161t mie\u02b9ldd vu\u00f5lttee\u02b9l ne\u02b9ttp\u00e5\u00e5\u02b9\u0161t addr\u00f5\u02b9sse: kirjaamo@sodankyla.fi. T\u00e4\u02b9r\u01e9sm\u00e2\u00e2tt maacct\u00f5\u00f5zz\u00e2st, \u0161to k\u00f5\u00f5\u010d\u010dm\u00f5\u00f5\u017e\u017e\u00e2st lij <a href=\"https:\/\/arktisenlapinys.fi\/sms-fi\/\" data-type=\"page\" data-id=\"1840\">www.arktisenlapinys.fi<\/a> -seidd\u00f5s.<\/p>\n\n\n\n<h2 class=\"wp-block-heading has-medium-font-size\"><strong>Vu\u00e5pp\u00e2mve\u02b9r\u01e7\u01e7ne\u01e9<\/strong><\/h2>\n\n\n\n<p>Jos vu\u00e2mm\u0161ak seidd\u00f5\u00f5zz\u00e2st vu\u00e4llamvu\u00f5ttvaigg\u00f5\u00f5zzid, uu\u02b9d vu\u00f5\u0161\u0161\u00e2n maacct\u00f5\u00f5zz mi\u02b9jjid seidd\u00f5\u00f5zz tu\u00f5\u02b9ll\u02bcjeeja. Va\u02b9stt\u00f5\u00f5zz\u00e2st vu\u00e4itt m\u00f5\u00f5nn\u00e2d 14 pei\u02b9vved. Jos ji\u00f5k le\u00e4kku too\u0111va\u017e vu\u00e4\u01ef\u01efmad va\u02b9stt\u00f5\u02b9sse le\u02b9be ji\u00f5k vu\u00e4\u01ef\u01ef va\u02b9stt\u00f5\u00f5zz ni voo\u02b9ps ku\u00f5i\u02b9t ne\u00e4\u02b9ttel se\u02b9st, <a href=\"https:\/\/www.saavutettavuusvaatimukset.fi\/oikeutesi\/\">vu\u00e4itak tuejjeed i\u02b9lmmt\u00f5\u00f5zz Saujj-L\u00e4\u00e4\u02b9dd vu\u02b9vddvaald\u00e2\u0161mkonttra<\/a>. Saujj-L\u00e4\u00e4\u02b9dd vu\u02b9vddvaald\u00e2\u0161mkontt\u00e2r seeidast vu\u00e4\u02b9pstet t\u00e4rkka, m\u00f5\u00f5n nalla i\u02b9lmmt\u00f5\u00f5zz vu\u00e4itt tuejjeed da m\u00f5\u00f5n nalla \u00e4\u00e4\u02b9\u0161\u0161 \u01e9i\u00f5tt\u02bct\u00f5\u00f5l\u00e2t.<\/p>\n\n\n\n<h2 class=\"wp-block-heading has-medium-font-size\"><strong>Vu\u00e5pp\u00e2mve\u02b9r\u01e7\u01e7nee\u02b9\u01e9\u01e9 \u00f5httvu\u00f5tt-te\u00e2\u0111<\/strong><\/h2>\n\n\n\n<ul class=\"wp-block-list list-style-none\">\n<li>Saujj-L\u00e4\u00e4\u02b9dd vu\u02b9vddvaald\u00e2\u0161mkoont\u00e2r<\/li>\n\n\n\n<li>Vu\u00e4llamvu\u00f5\u0111 vu\u00e5ppam ju\u00e2\u01e5\u01e5as<\/li>\n\n\n\n<li>www.saavutettavuusvaatimukset.fi<\/li>\n\n\n\n<li>saavutettavuus@avi.fi<\/li>\n\n\n\n<li>Te\u02b9lfoon-n\u00e2\u00e2mar k\u00f5\u00f5sk\u00f5s 0295 016\u202f000<\/li>\n<\/ul>\n<\/div>\n\n\n\n<hr class=\"wp-block-separator has-alpha-channel-opacity\" style=\"margin-top:2em;margin-bottom:4em\"\/>\n<\/div>\n","protected":false},"excerpt":{"rendered":"<p>Vu\u00e4llamvu\u00f5tt\u010di\u00f5l\u01e5t\u00f5s T\u00e4t vu\u00e4llamvu\u00f5tt\u010di\u00f5l\u01e5t\u00f5s ku\u00e2skk k\u00e4\u00e4zzk\u00f5\u00f5zz www.arktisenlapinys.fi da lij rajjum 30.9.2024. K\u00e4\u00e4zzk\u00f5\u00f5zz ku\u00e2skk l\u00e4\u00e4\u02b9\u01e9\u01e9 digitaal\u02bcla\u017e k\u00e4\u00e4zzk\u00f5\u00f5zzi ta\u02b9rjjumm\u0161est, ko\u02b9st \u00f5udldet, \u0161to \u00f5\u00f5lm\u00e2s ne\u02b9ttk\u00e4\u00e4zzk\u00f5\u00f5zz \u00e2\u02b9l\u01e7\u01e7e lee\u02b9d vu\u00e4llamnalla. Le\u00e4\u02b9p \u00e4rvvt\u00f5\u00f5ll\u00e2m k\u00e4\u00e4zzk\u00f5\u00f5zz vu\u00e4llamvu\u00f5\u0111 jiijj. Digik\u00e4\u00e4zzk\u00f5\u00f5zz vu\u00e4llamvu\u00f5\u0111 vue\u02b9\u01e9\u01e9 Teudd vu\u00e4llamvu\u00f5ttkai\u02b9bbj\u00f5\u00f5zzid vu\u00e4zzas. Ij-vu\u00e4llamnall\u0161em siisk\u00f5s Ne\u02b9ttseidd\u00f5s ij le\u00e4kku ve\u00e2l pukines kai\u02b9bbj\u00f5\u00f5zzi me\u00e2ldla\u017e Vu\u00e2mm\u0161i\u01e9-a vu\u00e4llamvu\u00f5ttv\u00e4\u00e4\u02b9n mij digik\u00e4\u00e4zzk\u00f5\u00f5zz\u00e2st? I\u02b9lmmet t\u00f5n mi\u02b9jjid da tuejjeep pue\u02b9rm\u00f5\u00f5zzeen v\u00e4\u00e4\u02b9nnvu\u00f5\u0111 [&hellip;]<\/p>\n","protected":false},"author":1,"featured_media":0,"parent":0,"menu_order":0,"comment_status":"closed","ping_status":"closed","template":"no-title","meta":{"footnotes":""},"class_list":["post-2174","page","type-page","status-publish","hentry"],"_links":{"self":[{"href":"https:\/\/arktisenlapinys.fi\/sms-fi\/wp-json\/wp\/v2\/pages\/2174","targetHints":{"allow":["GET"]}}],"collection":[{"href":"https:\/\/arktisenlapinys.fi\/sms-fi\/wp-json\/wp\/v2\/pages"}],"about":[{"href":"https:\/\/arktisenlapinys.fi\/sms-fi\/wp-json\/wp\/v2\/types\/page"}],"author":[{"embeddable":true,"href":"https:\/\/arktisenlapinys.fi\/sms-fi\/wp-json\/wp\/v2\/users\/1"}],"replies":[{"embeddable":true,"href":"https:\/\/arktisenlapinys.fi\/sms-fi\/wp-json\/wp\/v2\/comments?post=2174"}],"version-history":[{"count":4,"href":"https:\/\/arktisenlapinys.fi\/sms-fi\/wp-json\/wp\/v2\/pages\/2174\/revisions"}],"predecessor-version":[{"id":2178,"href":"https:\/\/arktisenlapinys.fi\/sms-fi\/wp-json\/wp\/v2\/pages\/2174\/revisions\/2178"}],"wp:attachment":[{"href":"https:\/\/arktisenlapinys.fi\/sms-fi\/wp-json\/wp\/v2\/media?parent=2174"}],"curies":[{"name":"wp","href":"https:\/\/api.w.org\/{rel}","templated":true}]}}