{"id":1832,"date":"2020-03-11T08:29:40","date_gmt":"2020-03-11T06:29:40","guid":{"rendered":"https:\/\/arktisenlapinys.fi\/?page_id=1832"},"modified":"2026-04-14T11:20:11","modified_gmt":"2026-04-14T08:20:11","slug":"ohttvuodtead","status":"publish","type":"page","link":"https:\/\/arktisenlapinys.fi\/sms-fi\/ohttvuodtead\/","title":{"rendered":"\u00d5httvu\u00f5tt-te\u00e2\u0111"},"content":{"rendered":"\n<div class=\"wp-block-group has-global-padding is-layout-constrained wp-block-group-is-layout-constrained\">\n<h2 class=\"wp-block-heading\">Aarktla\u017e Lappi pirr\u00f5s-su\u00f5jjlummu\u017e \u00f5httvu\u00f5\u0111te\u00e2\u0111 da tu\u00e2jjla\u017ek\u00e5\u02b9dd<\/h2>\n\n\n\n<div class=\"wp-block-group has-global-padding is-layout-constrained wp-block-group-is-layout-constrained\" style=\"margin-top:2em;margin-bottom:2em\">\n<h3 class=\"wp-block-heading has-medium-font-size\"><strong>L\u00e5\u00e5\u02b9ppooccm\u00f5\u00f5\u017e\u017e, ci\u00e2lk\u00e2lmraukkm\u00f5\u00f5\u017e\u017e da jee\u02b9res veer\u01e5la\u017e \u00e4\u02b9\u0161\u0161\u01e9ee\u02b9rj:<\/strong><\/h3>\n\n\n\n<ul class=\"wp-block-list list-style-none\">\n<li>kirjaamo@sodankyla.fi \/ Arktisen Lapin ymp\u00e4rist\u00f6nsuojelu, PL 60, 99601 Sodankyl\u00e4<\/li>\n<\/ul>\n\n\n\n<h3 class=\"wp-block-heading has-medium-font-size\"><strong>H\u00e4itti\u02b9lmmt\u00f5\u00f5zz, te\u00e2\u0111st\u00f5\u00f5llm\u00f5\u00f5\u017e\u017e, te\u00e2\u0111t\u00f5\u00f5zz da jee\u02b9res \u00e4\u00e4\u02b9\u0161\u0161:<\/strong><\/h3>\n\n\n\n<ul class=\"wp-block-list list-style-none\">\n<li><a href=\"mailto:ymparistonsuojelu@sodankyla.fi\">ymparistonsuojelu@sodankyla.fi<\/a><\/li>\n<\/ul>\n\n\n\n<hr class=\"wp-block-separator has-alpha-channel-opacity\" style=\"margin-top:2em;margin-bottom:4em\"\/>\n<\/div>\n\n\n\n<div class=\"wp-block-group is-layout-flow wp-block-group-is-layout-flow\" style=\"margin-top:2em;margin-bottom:2em\">\n<ul class=\"wp-block-list list-style-none\">\n<li style=\"margin-top:1em;margin-bottom:1em\"><strong>Pirr\u00f5s-\u0161urr Teresa Ojala<\/strong>, (te\u02b9l. 040 720 5665)<\/li>\n\n\n\n<li style=\"margin-top:1em;margin-bottom:1em\"><strong>Pirr\u00f5st\u00e4\u00e4\u02b9r\u01e9steei<\/strong>, Su\u00e4\u02b9\u0111jel t\u00e5immp\u00e4i\u02b9\u01e9\u01e9 <\/li>\n\n\n\n<li style=\"margin-top:1em;margin-bottom:1em\"><strong>Pirr\u00f5st\u00e4\u00e4\u02b9r\u01e9steei<\/strong> <strong>Reetta Junttila<\/strong>, Su\u00e4\u02b9\u0111jel t\u00e5immp\u00e4i\u02b9\u01e9\u01e9 (te\u02b9l. 040 186 0214)<\/li>\n\n\n\n<li style=\"margin-top:1em;margin-bottom:1em\"><strong>Pirr\u00f5s\u00e4\u02b9\u0161\u0161tobddi Tommi Maasilta<\/strong>, Su\u00e4\u02b9\u0111jel t\u00e5immp\u00e4i\u02b9\u01e9\u01e9 (te\u02b9l. 040 578 9729)<\/li>\n\n\n\n<li style=\"margin-top:1em;margin-bottom:1em\"><strong>Pirr\u00f5st\u00e4\u00e4\u02b9r\u01e9steei Petteri Hoisko<\/strong>, \u00c2\u02b9vvel t\u00e5immp\u00e4i\u02b9\u01e9\u01e9 (te\u02b9l. 040 546 3218)<\/li>\n\n\n\n<li style=\"margin-top:1em;margin-bottom:1em\"><strong>Pirr\u00f5st\u00e4\u00e4\u02b9r\u01e9steei Joonas Neuvonen<\/strong>, Muonio t\u00e5immp\u00e4i\u02b9\u01e9\u01e9 (te\u02b9l. 040 153 5227)<\/li>\n<\/ul>\n<\/div>\n\n\n\n<p class=\"border-left has-alys-white-color has-alys-grey-background-color has-text-color has-background has-link-color wp-elements-2abf005c80b97b51badfa73f57ed6df3\">Tu\u00e2jjla\u017ek\u00e5\u00e5\u02b9dd ne\u02b9ttp\u00e5\u00e5\u02b9\u0161taddr\u00f5\u00f5zz li\u00e2 \u00e5\u00e5\u02b9ble\u01e9 etunimi.sukunimi@sodankyla.fi.<\/p>\n\n\n\n<div class=\"wp-block-group has-global-padding is-layout-constrained wp-block-group-is-layout-constrained\">\n<hr class=\"wp-block-separator has-css-opacity\" style=\"margin-top:2em;margin-bottom:4em\"\/>\n\n\n\n<h3 class=\"wp-block-heading has-medium-font-size\"><strong>J\u00e5\u00e5\u02b9ttemaddr\u00f5s:<\/strong><\/h3>\n\n\n\n<ul class=\"wp-block-list list-style-none\">\n<li>Su\u00e4\u02b9\u0111jel k\u00e5\u02b9ddkoont\u00e2r, J\u00e4\u00e4merentie 1, 99600 Sodankyl\u00e4<\/li>\n\n\n\n<li>Aanar k\u00e5\u00e5\u02b9dd pirr\u00f5sju\u00e2\u01e5\u01e5as, Piiskuntie 2, 99&nbsp;800 Ivalo<\/li>\n\n\n\n<li>Muonio k\u00e5\u00e5\u02b9dd teeknla\u017e koont\u00e2r, Puthaanrannantie 15b, 99&nbsp;300 Muonio<\/li>\n\n\n\n<li>Je\u00e4n\u00f5\u00f5\u01e5\u01e5 k\u00e5\u02b9ddkoont\u00e2r, Ounastie 165 99&nbsp;400 Enonteki\u00f6<\/li>\n\n\n\n<li>Uccjoo\u01e5\u01e5 k\u00e5\u02b9ddkoont\u00e2r, Luossa 1a, 99&nbsp;980 Utsjoki<\/li>\n<\/ul>\n\n\n\n<p>K\u00e4\u00e4zzk\u00e2\u02b9sttep puki koo\u02b9ddi t\u00e5immpaai\u02b9\u01e9in su\u00e5ppm\u00f5\u00f5\u017e\u017e mie\u02b9ldd. Su\u00e5v kaaun\u00f5\u00f5ttm\u00f5\u00f5\u017e\u017e\u00e2st p\u00e2i ooudbe\u00e4\u02b9lnn te\u02b9lfoonin le\u02b9be ne\u02b9ttp\u00e5\u00e5\u02b9\u0161tin. Vu\u00e5pp\u00e2maa\u02b9\u0161\u0161in v\u00e4\u00e4\u02b9ld \u00f5httvu\u00f5\u0111 vu\u00f5ss-s\u00e2\u00e2\u02b9jest jiijjad vuu\u02b9d pirr\u00f5st\u00e4\u00e4\u02b9r\u01e9steeja.<\/p>\n<\/div>\n\n\n\n<div class=\"wp-block-group has-global-padding is-layout-constrained wp-block-group-is-layout-constrained\" style=\"margin-top:2em;margin-bottom:2em\">\n<hr class=\"wp-block-separator has-alpha-channel-opacity\" style=\"margin-top:2em;margin-bottom:4em\"\/>\n\n\n\n<h3 class=\"wp-block-heading has-medium-font-size\"><strong>Laaskt\u00f5saddr\u00f5s:<\/strong><\/h3>\n\n\n\n<ul class=\"wp-block-list list-style-none\">\n<li>Sodankyl\u00e4n kunta&nbsp;<\/li>\n\n\n\n<li>Arktisen Lapin ymp\u00e4rist\u00f6nsuojelu<\/li>\n\n\n\n<li>003701931691<\/li>\n\n\n\n<li>PL 5016<\/li>\n\n\n\n<li>02066 DOCUSCAN<\/li>\n<\/ul>\n\n\n\n<ul class=\"wp-block-list list-style-none\">\n<li>Ne\u02b9ttlaasktemoperaattor: CGI Suomi Oy<\/li>\n\n\n\n<li>Ne\u02b9ttlaaskt\u00f5saddr\u00f5s: 003701931691<\/li>\n\n\n\n<li>V\u00e4\u00e4\u02b9lteei ti\u00f5tt: 003703575029<\/li>\n\n\n\n<li>Vii\u02b9ttj\u00f5s: Ymp\u00e4rist\u00f6nsuojelu<\/li>\n<\/ul>\n<\/div>\n<\/div>\n","protected":false},"excerpt":{"rendered":"<p>Aarktla\u017e Lappi pirr\u00f5s-su\u00f5jjlummu\u017e \u00f5httvu\u00f5\u0111te\u00e2\u0111 da tu\u00e2jjla\u017ek\u00e5\u02b9dd L\u00e5\u00e5\u02b9ppooccm\u00f5\u00f5\u017e\u017e, ci\u00e2lk\u00e2lmraukkm\u00f5\u00f5\u017e\u017e da jee\u02b9res veer\u01e5la\u017e \u00e4\u02b9\u0161\u0161\u01e9ee\u02b9rj: H\u00e4itti\u02b9lmmt\u00f5\u00f5zz, te\u00e2\u0111st\u00f5\u00f5llm\u00f5\u00f5\u017e\u017e, te\u00e2\u0111t\u00f5\u00f5zz da jee\u02b9res \u00e4\u00e4\u02b9\u0161\u0161: Tu\u00e2jjla\u017ek\u00e5\u00e5\u02b9dd ne\u02b9ttp\u00e5\u00e5\u02b9\u0161taddr\u00f5\u00f5zz li\u00e2 \u00e5\u00e5\u02b9ble\u01e9 etunimi.sukunimi@sodankyla.fi. J\u00e5\u00e5\u02b9ttemaddr\u00f5s: K\u00e4\u00e4zzk\u00e2\u02b9sttep puki koo\u02b9ddi t\u00e5immpaai\u02b9\u01e9in su\u00e5ppm\u00f5\u00f5\u017e\u017e mie\u02b9ldd. Su\u00e5v kaaun\u00f5\u00f5ttm\u00f5\u00f5\u017e\u017e\u00e2st p\u00e2i ooudbe\u00e4\u02b9lnn te\u02b9lfoonin le\u02b9be ne\u02b9ttp\u00e5\u00e5\u02b9\u0161tin. Vu\u00e5pp\u00e2maa\u02b9\u0161\u0161in v\u00e4\u00e4\u02b9ld \u00f5httvu\u00f5\u0111 vu\u00f5ss-s\u00e2\u00e2\u02b9jest jiijjad vuu\u02b9d pirr\u00f5st\u00e4\u00e4\u02b9r\u01e9steeja. Laaskt\u00f5saddr\u00f5s:<\/p>\n","protected":false},"author":1,"featured_media":2109,"parent":0,"menu_order":0,"comment_status":"closed","ping_status":"closed","template":"","meta":{"footnotes":""},"class_list":["post-1832","page","type-page","status-publish","has-post-thumbnail","hentry"],"_links":{"self":[{"href":"https:\/\/arktisenlapinys.fi\/sms-fi\/wp-json\/wp\/v2\/pages\/1832","targetHints":{"allow":["GET"]}}],"collection":[{"href":"https:\/\/arktisenlapinys.fi\/sms-fi\/wp-json\/wp\/v2\/pages"}],"about":[{"href":"https:\/\/arktisenlapinys.fi\/sms-fi\/wp-json\/wp\/v2\/types\/page"}],"author":[{"embeddable":true,"href":"https:\/\/arktisenlapinys.fi\/sms-fi\/wp-json\/wp\/v2\/users\/1"}],"replies":[{"embeddable":true,"href":"https:\/\/arktisenlapinys.fi\/sms-fi\/wp-json\/wp\/v2\/comments?post=1832"}],"version-history":[{"count":15,"href":"https:\/\/arktisenlapinys.fi\/sms-fi\/wp-json\/wp\/v2\/pages\/1832\/revisions"}],"predecessor-version":[{"id":2694,"href":"https:\/\/arktisenlapinys.fi\/sms-fi\/wp-json\/wp\/v2\/pages\/1832\/revisions\/2694"}],"wp:featuredmedia":[{"embeddable":true,"href":"https:\/\/arktisenlapinys.fi\/sms-fi\/wp-json\/wp\/v2\/media\/2109"}],"wp:attachment":[{"href":"https:\/\/arktisenlapinys.fi\/sms-fi\/wp-json\/wp\/v2\/media?parent=1832"}],"curies":[{"name":"wp","href":"https:\/\/api.w.org\/{rel}","templated":true}]}}