{"id":1812,"date":"2020-03-11T08:28:51","date_gmt":"2020-03-11T06:28:51","guid":{"rendered":"https:\/\/arktisenlapinys.fi\/?page_id=1812"},"modified":"2024-09-30T08:52:16","modified_gmt":"2024-09-30T05:52:16","slug":"maddaunnsi-valddmos","status":"publish","type":"page","link":"https:\/\/arktisenlapinys.fi\/sms-fi\/maddaunnsi-valddmos\/","title":{"rendered":"M\u00e4ddaunnsi v\u00e4lddm\u00f5\u0161"},"content":{"rendered":"\n<div class=\"wp-block-group has-global-padding is-layout-constrained wp-block-group-is-layout-constrained\">\n<div class=\"wp-block-columns is-layout-flex wp-container-core-columns-is-layout-1 wp-block-columns-is-layout-flex\">\n<div class=\"wp-block-column is-layout-flow wp-block-column-is-layout-flow\" style=\"flex-basis:66.66%\">\n<div class=\"wp-block-group has-global-padding is-layout-constrained wp-block-group-is-layout-constrained\">\n<h2 class=\"wp-block-heading\">M\u00e4ddaunnsi v\u00e4\u02b9lddeml\u00e5\u00e5\u02b9pp<\/h2>\n\n\n\n<div class=\"wp-block-group has-alys-trans-red-background-color has-background has-global-padding is-layout-constrained wp-container-core-group-is-layout-1 wp-block-group-is-layout-constrained\" style=\"border-radius:1.75em;margin-top:1em;margin-bottom:1em;padding-top:2em;padding-right:1em;padding-bottom:2em;padding-left:1em\">\n<p>M\u00e4ddaunnsi v\u00e4lddm\u00f5\u0161 jee\u02b9res \u01e5u jiijj\u00e2s dommtarbb\u00e2\u00e2nnm\u00f5\u02b9\u0161\u0161e \u00f5\u00f5l\u01e5at p\u00e2i m\u00e4ddaaun\u00e2sl\u00e4\u00e4\u02b9jj me\u00e2ldla\u017e l\u00e5\u00e5\u02b9v. L\u00e5\u00e5\u02b9ppooccm\u00f5\u00f5\u017e\u017e\u00e2st \u010du\u00e4\u02b9jtemnalla \u00e5\u00e5rrai te\u00e2\u0111ain da v\u00e4\u02b9lddemplaan siisk\u00f5\u00f5zz\u00e2st da rajjsest lij \u0161i\u00f5ttuum t\u00e4\u00e4\u02b9r\u01e9e\u02b9ld m\u00e4ddaunnsi v\u00e4lddm\u00f5\u00f5\u017e\u017e\u00e2st uvddum riikksu\u00e5vt\u00f5\u00f5zz aset\u00f5\u00f5zz\u00e2st.. M\u00e4ddaunnsi v\u00e4\u02b9lddemloo\u02b9vi \u01e9i\u00f5tt\u02bct\u00f5\u00f5llm\u00f5\u00f5\u017e\u017e\u00e2st pe\u02b9rrjet m\u00e4\u00e4us, k\u00e5\u00e5\u02b9tt lij me\u00e4\u02b9rt\u00f5llum m\u00e4ddaaun\u00e2stariiff\u00e2st.<\/p>\n<\/div>\n\n\n\n<hr class=\"wp-block-separator has-alpha-channel-opacity\" style=\"margin-top:2em;margin-bottom:4em\"\/>\n<\/div>\n\n\n\n<div class=\"wp-block-group has-global-padding is-layout-constrained wp-block-group-is-layout-constrained\">\n<h2 class=\"wp-block-heading\">M\u00e4ddaunnsi v\u00e4\u02b9lddeml\u00e5\u00e5\u02b9ppooccm\u00f5\u00f5\u017e\u017e da pirr\u00f5sl\u00e5\u00e5\u02b9ppooccm\u00f5\u00f5\u017e\u017e \u00f5httsa\u017e\u01e9i\u00f5tt\u02bct\u00f5\u00f5llm\u00f5\u0161<\/h2>\n\n\n\n<div class=\"wp-block-group has-alys-trans-red-background-color has-background has-global-padding is-layout-constrained wp-container-core-group-is-layout-3 wp-block-group-is-layout-constrained\" style=\"border-radius:1.75em;margin-top:1em;margin-bottom:1em;padding-top:2em;padding-right:1em;padding-bottom:2em;padding-left:1em\">\n<p>Pirr\u00f5sl\u00e5\u00e5\u02b9v taarb\u0161et pirr\u00f5s-su\u00f5jjlemaset\u00f5\u00f5zz 2 \u00a7 me\u00e2ldla\u017e m\u00e4ddaunnsi v\u00e4lddm\u00f5\u02b9\u0161\u0161e \u00f5httnee\u02b9l.<\/p>\n<\/div>\n\n\n\n<hr class=\"wp-block-separator has-alpha-channel-opacity\" style=\"margin-top:2em;margin-bottom:4em\"\/>\n<\/div>\n\n\n\n<div class=\"wp-block-group has-global-padding is-layout-constrained wp-block-group-is-layout-constrained\">\n<h2 class=\"wp-block-heading\">Ku\u00e5iv\u00e2saaun\u00e2snjie\u02b9\u0161\u0161 nje\u00e4\u02b9\u0161\u0161hu\u00e2llplaan<\/h2>\n\n\n\n<div class=\"wp-block-group has-alys-trans-red-background-color has-background has-global-padding is-layout-constrained wp-container-core-group-is-layout-5 wp-block-group-is-layout-constrained\" style=\"border-radius:1.75em;margin-top:1em;margin-bottom:1em;padding-top:2em;padding-right:1em;padding-bottom:2em;padding-left:1em\">\n<p>Ku\u00e5iv\u00e2saaun\u00e2snjie\u02b9\u0161\u0161 nje\u00e4\u02b9\u0161\u0161hu\u00e2llplaan \u00e2lgg raajj\u00e2d m\u00e4ddaunnsi v\u00e4\u02b9lddemtoi\u02b9mmjumm\u0161est \u0161\u00f5dd\u00e2m ku\u00e5iv\u00e2saaun\u00e2snjie\u02b9\u0161\u0161est. Plaan tuejjeet l\u00e5\u00e5\u02b9vme\u00e2ldla\u017e toi\u02b9mmjumm\u0161est da t\u00f5n t\u00e5\u00e5imtet vu\u00e5pp\u00e2mve\u02b9r\u01e7\u01e7nekka.<\/p>\n<\/div>\n\n\n\n<hr class=\"wp-block-separator has-alpha-channel-opacity\" style=\"margin-top:2em;margin-bottom:4em\"\/>\n<\/div>\n<\/div>\n\n\n\n<div class=\"wp-block-column is-layout-flow wp-block-column-is-layout-flow\" style=\"flex-basis:33.33%\">\n<h3 class=\"wp-block-heading\">Asiakirjat<\/h3>\n\n\n\n<div class=\"wp-block-group links is-layout-flow wp-block-group-is-layout-flow\" style=\"margin-top:1em;margin-bottom:1em\">\n<div class=\"wp-block-file has-link-color wp-elements-b9301d53c1a7fd487666f551649c1d1f\"><a href=\"https:\/\/arktisenlapinys.fi\/wp-content\/uploads\/Ohje-maa-ainesluvan-hakemiseen-2021.pdf\">Ohje maa-ainesten ottamisluvan hakemiseen (pdf)<\/a><\/div>\n\n\n\n<div class=\"wp-block-file has-link-color wp-elements-79066e93fba3bfbd37a5dfb9205b8c5b\"><a href=\"https:\/\/arktisenlapinys.fi\/wp-content\/uploads\/ymparistonsuojeluviranomaisen_maa_aineslain_mukainen_taksa_2023_227491.pdf\">Maa-aineslain mukainen taksa (pdf)<\/a><\/div>\n\n\n\n<div class=\"wp-block-file has-link-color wp-elements-601300dfa41ce167662905f71a8241eb\"><a href=\"https:\/\/arktisenlapinys.fi\/wp-content\/uploads\/ymparistonsuojeluviranomaisen_vakuuksien_kasittelyn_periaatteet_2023_227493.pdf\">Maa-aineslain ja ymp\u00e4rist\u00f6nsuojelulain mukaiset vakuudet (pdf)<\/a><\/div>\n\n\n\n<div class=\"wp-block-file has-link-color wp-elements-78c92dbe489c5145963929e60daec562\"><a href=\"https:\/\/arktisenlapinys.fi\/wp-content\/uploads\/Maa-ainesten-ottamislupahakemus-1.docx\">Lupahakemus maa-ainesten ottamiseen (doc)<\/a><\/div>\n\n\n\n<div class=\"wp-block-file has-link-color wp-elements-24feed54d2a61ba5a5d15b364f863df6\"><a href=\"https:\/\/arktisenlapinys.fi\/wp-content\/uploads\/Kaivannaisj\u00e4tteen-j\u00e4tehuoltosuunnitelma.doc\">Kaivannaisj\u00e4tteen j\u00e4tehuoltosuunnitelma (doc)<\/a><\/div>\n\n\n\n<div class=\"wp-block-file has-link-color wp-elements-f58362d38a9a96d79210650a890bb9d5\"><a href=\"https:\/\/arktisenlapinys.fi\/wp-content\/uploads\/Kotitarveotto-lomake-1.docx\">Ilmoituslomake maa-ainesten kotitarveotto (doc)<\/a><\/div>\n<\/div>\n\n\n\n<h3 class=\"wp-block-heading links\" style=\"margin-top:1em;margin-bottom:1em\">Linkit<\/h3>\n\n\n\n<p class=\"links\" style=\"margin-top:1em;margin-bottom:1em\"><a href=\"https:\/\/www.finlex.fi\/fi\/laki\/ajantasa\/1981\/19810555\">Maa-aineslaki (555\/1981)<\/a><\/p>\n\n\n\n<p class=\"links\" style=\"margin-top:1em;margin-bottom:1em\"><a href=\"https:\/\/www.finlex.fi\/fi\/laki\/alkup\/2005\/20050926\">Valtioneuvoston asetus maa-ainesten ottamisesta (926\/2005)<\/a><\/p>\n\n\n\n<p class=\"links\" style=\"margin-top:1em;margin-bottom:1em\"><a href=\"https:\/\/www.finlex.fi\/fi\/laki\/ajantasa\/2014\/20140713\">Valtioneuvoston asetus ymp\u00e4rist\u00f6nsuojelusta (713\/2014)<\/a><\/p>\n<\/div>\n<\/div>\n<\/div>\n","protected":false},"excerpt":{"rendered":"<p>M\u00e4ddaunnsi v\u00e4\u02b9lddeml\u00e5\u00e5\u02b9pp M\u00e4ddaunnsi v\u00e4lddm\u00f5\u0161 jee\u02b9res \u01e5u jiijj\u00e2s dommtarbb\u00e2\u00e2nnm\u00f5\u02b9\u0161\u0161e \u00f5\u00f5l\u01e5at p\u00e2i m\u00e4ddaaun\u00e2sl\u00e4\u00e4\u02b9jj me\u00e2ldla\u017e l\u00e5\u00e5\u02b9v. L\u00e5\u00e5\u02b9ppooccm\u00f5\u00f5\u017e\u017e\u00e2st \u010du\u00e4\u02b9jtemnalla \u00e5\u00e5rrai te\u00e2\u0111ain da v\u00e4\u02b9lddemplaan siisk\u00f5\u00f5zz\u00e2st da rajjsest lij \u0161i\u00f5ttuum t\u00e4\u00e4\u02b9r\u01e9e\u02b9ld m\u00e4ddaunnsi v\u00e4lddm\u00f5\u00f5\u017e\u017e\u00e2st uvddum riikksu\u00e5vt\u00f5\u00f5zz aset\u00f5\u00f5zz\u00e2st.. M\u00e4ddaunnsi v\u00e4\u02b9lddemloo\u02b9vi \u01e9i\u00f5tt\u02bct\u00f5\u00f5llm\u00f5\u00f5\u017e\u017e\u00e2st pe\u02b9rrjet m\u00e4\u00e4us, k\u00e5\u00e5\u02b9tt lij me\u00e4\u02b9rt\u00f5llum m\u00e4ddaaun\u00e2stariiff\u00e2st. M\u00e4ddaunnsi v\u00e4\u02b9lddeml\u00e5\u00e5\u02b9ppooccm\u00f5\u00f5\u017e\u017e da pirr\u00f5sl\u00e5\u00e5\u02b9ppooccm\u00f5\u00f5\u017e\u017e \u00f5httsa\u017e\u01e9i\u00f5tt\u02bct\u00f5\u00f5llm\u00f5\u0161 Pirr\u00f5sl\u00e5\u00e5\u02b9v taarb\u0161et pirr\u00f5s-su\u00f5jjlemaset\u00f5\u00f5zz 2 \u00a7 me\u00e2ldla\u017e m\u00e4ddaunnsi v\u00e4lddm\u00f5\u02b9\u0161\u0161e \u00f5httnee\u02b9l. Ku\u00e5iv\u00e2saaun\u00e2snjie\u02b9\u0161\u0161 nje\u00e4\u02b9\u0161\u0161hu\u00e2llplaan [&hellip;]<\/p>\n","protected":false},"author":1,"featured_media":1618,"parent":0,"menu_order":0,"comment_status":"closed","ping_status":"closed","template":"","meta":{"footnotes":""},"class_list":["post-1812","page","type-page","status-publish","has-post-thumbnail","hentry"],"_links":{"self":[{"href":"https:\/\/arktisenlapinys.fi\/sms-fi\/wp-json\/wp\/v2\/pages\/1812","targetHints":{"allow":["GET"]}}],"collection":[{"href":"https:\/\/arktisenlapinys.fi\/sms-fi\/wp-json\/wp\/v2\/pages"}],"about":[{"href":"https:\/\/arktisenlapinys.fi\/sms-fi\/wp-json\/wp\/v2\/types\/page"}],"author":[{"embeddable":true,"href":"https:\/\/arktisenlapinys.fi\/sms-fi\/wp-json\/wp\/v2\/users\/1"}],"replies":[{"embeddable":true,"href":"https:\/\/arktisenlapinys.fi\/sms-fi\/wp-json\/wp\/v2\/comments?post=1812"}],"version-history":[{"count":5,"href":"https:\/\/arktisenlapinys.fi\/sms-fi\/wp-json\/wp\/v2\/pages\/1812\/revisions"}],"predecessor-version":[{"id":1819,"href":"https:\/\/arktisenlapinys.fi\/sms-fi\/wp-json\/wp\/v2\/pages\/1812\/revisions\/1819"}],"wp:featuredmedia":[{"embeddable":true,"href":"https:\/\/arktisenlapinys.fi\/sms-fi\/wp-json\/wp\/v2\/media\/1618"}],"wp:attachment":[{"href":"https:\/\/arktisenlapinys.fi\/sms-fi\/wp-json\/wp\/v2\/media?parent=1812"}],"curies":[{"name":"wp","href":"https:\/\/api.w.org\/{rel}","templated":true}]}}