{"id":1793,"date":"2024-09-05T11:39:01","date_gmt":"2024-09-05T08:39:01","guid":{"rendered":"https:\/\/arktisenlapinys.fi\/?page_id=1793"},"modified":"2024-10-30T08:56:46","modified_gmt":"2024-10-30T06:56:46","slug":"ovdasijdo","status":"publish","type":"page","link":"https:\/\/arktisenlapinys.fi\/smn-fi\/","title":{"rendered":"Ovd\u00e2sij\u0111o"},"content":{"rendered":"\n<div class=\"wp-block-cover is-light hero\" style=\"margin-top:0;margin-bottom:0;padding-top:0;padding-bottom:0\"><span aria-hidden=\"true\" class=\"wp-block-cover__background has-background-dim-0 has-background-dim\"><\/span><img loading=\"lazy\" decoding=\"async\" width=\"2560\" height=\"1920\" src=\"https:\/\/arktisenlapinys.fi\/wp-content\/uploads\/2024\/09\/img20240805173202-scaled.jpg\" class=\"wp-block-cover__image-background wp-post-image\" alt=\"\" data-object-fit=\"cover\" data-object-position=\"50% 70%\" style=\"object-position:50% 70%;\" srcset=\"https:\/\/arktisenlapinys.fi\/wp-content\/uploads\/2024\/09\/img20240805173202-scaled.jpg 2560w, https:\/\/arktisenlapinys.fi\/wp-content\/uploads\/2024\/09\/img20240805173202-300x225.jpg 300w, https:\/\/arktisenlapinys.fi\/wp-content\/uploads\/2024\/09\/img20240805173202-1024x768.jpg 1024w, https:\/\/arktisenlapinys.fi\/wp-content\/uploads\/2024\/09\/img20240805173202-768x576.jpg 768w, https:\/\/arktisenlapinys.fi\/wp-content\/uploads\/2024\/09\/img20240805173202-1536x1152.jpg 1536w, https:\/\/arktisenlapinys.fi\/wp-content\/uploads\/2024\/09\/img20240805173202-2048x1536.jpg 2048w\" sizes=\"auto, (max-width: 2560px) 100vw, 2560px\" \/><div class=\"wp-block-cover__inner-container is-layout-flow wp-block-cover-is-layout-flow\">\n<h1 class=\"wp-block-heading has-text-align-center content-hidden has-large-font-size\">Arkt\u00e2sii Laapi pir\u00e2ssuoj\u00e2lem<\/h1>\n<\/div><\/div>\n\n\n\n<div class=\"wp-block-group has-global-padding is-layout-constrained wp-block-group-is-layout-constrained\"><form role=\"search\" method=\"get\" action=\"https:\/\/arktisenlapinys.fi\/smn-fi\/\" class=\"wp-block-search__button-inside wp-block-search__text-button custom-searchbar wp-block-search\"    ><label class=\"wp-block-search__label screen-reader-text\" for=\"wp-block-search__input-1\" >Uus\u00e2<\/label><div class=\"wp-block-search__inside-wrapper \" ><input class=\"wp-block-search__input has-roboto-font-family\" id=\"wp-block-search__input-1\" placeholder=\"Uus\u00e2 sisk\u00e1ld\u00e2s\u00e2id siij\u0111oin\" value=\"\" type=\"search\" name=\"s\" required \/><button aria-label=\"Uus\u00e2\" class=\"wp-block-search__button has-roboto-font-family wp-element-button\" type=\"submit\" >Uus\u00e2<\/button><\/div><\/form><\/div>\n\n\n\n<div class=\"wp-block-group has-global-padding is-layout-constrained wp-block-group-is-layout-constrained\" style=\"margin-top:2em;margin-bottom:2em\">\n<div class=\"wp-block-group fp-cta-grid is-layout-grid wp-container-core-group-is-layout-10 wp-block-group-is-layout-grid\">\n<div class=\"wp-block-group fp-grid-item has-alys-white-color has-alys-grey-background-color has-text-color has-background has-link-color wp-elements-c3c2b92ac08b751f3e713e476d994ba4 wp-container-content-1 is-layout-flow wp-block-group-is-layout-flow\" style=\"border-radius:0.3em;border-right-color:var(--wp--preset--color--alys-red);border-right-width:6px;border-bottom-color:var(--wp--preset--color--alys-red);border-bottom-width:6px;border-left-color:var(--wp--preset--color--alys-red);border-left-width:6px;padding-top:2em;padding-right:2em;padding-bottom:1em;padding-left:2em\">\n<h2 class=\"wp-block-heading has-text-align-left has-large-font-size\"><a href=\"https:\/\/arktisenlapinys.fi\/smn-fi\/lope-ja-kocceemaasih\/\" data-type=\"page\" data-id=\"1773\">Lope- j\u00e1 kocceem\u00e4\u00e4\u0161ih<\/a><\/h2>\n\n\n\n<p class=\"has-medium-font-size\">Pir\u00e2ssuoj\u00e2lemlaav\u00e2 mi\u00e4ld\u00e1siih lope-, almott\u00e2s- j\u00e1 registeristem\u00e4\u00e4\u0161ih.<\/p>\n<\/div>\n\n\n\n<div class=\"wp-block-group fp-grid-item has-alys-white-color has-alys-grey-background-color has-text-color has-background has-link-color wp-elements-78991c05d67dc1da6253d4f7ec359c8c wp-container-content-2 is-layout-flow wp-block-group-is-layout-flow\" style=\"border-radius:0.3em;border-right-color:var(--wp--preset--color--alys-red);border-right-width:6px;border-bottom-color:var(--wp--preset--color--alys-red);border-bottom-width:6px;border-left-color:var(--wp--preset--color--alys-red);border-left-width:6px;padding-top:2em;padding-right:2em;padding-bottom:1em;padding-left:2em\">\n<h2 class=\"wp-block-heading has-text-align-left has-large-font-size\"><a href=\"https:\/\/arktisenlapinys.fi\/smn-fi\/eennamamnasij-valdim\/\" data-type=\"page\" data-id=\"1769\">Eenn\u00e2mamn\u00e2sij v\u00e4ldim<\/a><\/h2>\n\n\n\n<p class=\"has-medium-font-size\">Eenn\u00e2mamn\u00e2sij v\u00e4ldim\u00e2n loht\u00e2seijee amn\u00e2st\u00e2h, ravvuuh love uc\u00e2m\u00e2n.<\/p>\n<\/div>\n\n\n\n<div class=\"wp-block-group fp-grid-item has-alys-white-color has-alys-grey-background-color has-text-color has-background has-link-color wp-elements-b434147542b4c3ff889cde37130c2f06 wp-container-content-3 is-layout-flow wp-block-group-is-layout-flow\" style=\"border-radius:0.3em;border-right-color:var(--wp--preset--color--alys-red);border-right-width:6px;border-bottom-color:var(--wp--preset--color--alys-red);border-bottom-width:6px;border-left-color:var(--wp--preset--color--alys-red);border-left-width:6px;padding-top:2em;padding-right:2em;padding-bottom:1em;padding-left:2em\">\n<h2 class=\"wp-block-heading has-text-align-left has-large-font-size\"><a href=\"https:\/\/arktisenlapinys.fi\/smn-fi\/pasattashuolattas\/\" data-type=\"page\" data-id=\"1762\">Pas\u00e2tt\u00e2shuol\u00e2tt\u00e2s<\/a><\/h2>\n\n\n\n<p class=\"has-medium-font-size\">Pas\u00e2tt\u00e2shuol\u00e2tt\u00e2s\u00e2n, var\u00e2lijd pas\u00e2tt\u00e2ss\u00e1id j\u00e1 lu\u00e1n\u00e1ttumalmott\u00e2ss\u00e1id kyeskee ravvuuh.<\/p>\n<\/div>\n\n\n\n<div class=\"wp-block-group fp-grid-item has-alys-white-color has-alys-grey-background-color has-text-color has-background has-link-color wp-elements-78f4d59202f3678d7807d0cf5cd2295b wp-container-content-4 is-layout-flow wp-block-group-is-layout-flow\" style=\"border-radius:0.3em;border-right-color:var(--wp--preset--color--alys-red);border-right-width:6px;border-bottom-color:var(--wp--preset--color--alys-red);border-bottom-width:6px;border-left-color:var(--wp--preset--color--alys-red);border-left-width:6px;padding-top:2em;padding-right:2em;padding-bottom:1em;padding-left:2em\">\n<h2 class=\"wp-block-heading has-text-align-left has-large-font-size\"><a href=\"https:\/\/arktisenlapinys.fi\/smn-fi\/piadguiaassam-pasattascaasih\/\" data-type=\"page\" data-id=\"1759\">Pi\u00e4\u0111guiaass\u00e2m pas\u00e2tt\u00e2s\u010d\u00e4\u00e4sih<\/a><\/h2>\n\n\n\n<p class=\"has-medium-font-size\">Ravvuuh t\u00e1lutu\u00e1lu\u010daasij kie\u0111\u00e2vu\u0161mist \u010du\u00e1kkipaaihij ulguupi\u00e4l\u00e1in ku\u00e1vluin.<\/p>\n<\/div>\n\n\n\n<div class=\"wp-block-group fp-grid-item has-alys-white-color has-alys-grey-background-color has-text-color has-background has-link-color wp-elements-597264d548969a5afe72d455aec9fc87 wp-container-content-5 is-layout-flow wp-block-group-is-layout-flow\" style=\"border-radius:0.3em;border-right-color:var(--wp--preset--color--alys-red);border-right-width:6px;border-bottom-color:var(--wp--preset--color--alys-red);border-bottom-width:6px;border-left-color:var(--wp--preset--color--alys-red);border-left-width:6px;padding-top:2em;padding-right:2em;padding-bottom:1em;padding-left:2em\">\n<h2 class=\"wp-block-heading has-text-align-left has-large-font-size\"><a href=\"https:\/\/arktisenlapinys.fi\/smn-fi\/eres-aasih\/\" data-type=\"page\" data-id=\"1778\">Eres \u00e4\u00e4\u0161ih<\/a><\/h2>\n\n\n\n<p class=\"has-medium-font-size\">Meccijotol\u00e2hlaav\u00e2, \u010d\u00e4cijotol\u00e2hlaav\u00e2, olgolih\u00e2demlaav\u00e2 j\u00e1 \u010d\u00e4cilaav\u00e2 mi\u00e4ld\u00e1siih \u00e4\u00e4\u0161ih.<\/p>\n<\/div>\n\n\n\n<div class=\"wp-block-group fp-grid-item has-alys-white-color has-alys-grey-background-color has-text-color has-background has-link-color wp-elements-5af99c34c814b04ce49f8e33417248d4 wp-container-content-6 is-layout-flow wp-block-group-is-layout-flow\" style=\"border-radius:0.3em;border-right-color:var(--wp--preset--color--alys-red);border-right-width:6px;border-bottom-color:var(--wp--preset--color--alys-red);border-bottom-width:6px;border-left-color:var(--wp--preset--color--alys-red);border-left-width:6px;padding-top:2em;padding-right:2em;padding-bottom:1em;padding-left:2em\">\n<h2 class=\"wp-block-heading has-text-align-left has-large-font-size\"><a href=\"https:\/\/arktisenlapinys.fi\/smn-fi\/pirassuojalemmiaradasah\/\" data-type=\"page\" data-id=\"1913\">Pir\u00e2ssuoj\u00e2lemmi\u00ad\u00e4r\u00e1d\u00e2sah<\/a><\/h2>\n\n\n\n<p class=\"has-medium-font-size\">Ti\u00e4\u0111uh toim\u00e2ku\u00e1vlu kield\u00e2i p\u00e1ih\u00e1lijn pir\u00e2ssuoj\u00e2lemmi\u00e4r\u00e1d\u00e2s\u00e2in.<\/p>\n<\/div>\n\n\n\n<div class=\"wp-block-group fp-grid-item has-alys-white-color has-alys-grey-background-color has-text-color has-background has-link-color wp-elements-b0a44c30cebd998d2fc3775310a64748 wp-container-content-7 is-layout-flow wp-block-group-is-layout-flow\" style=\"border-radius:0.3em;border-right-color:var(--wp--preset--color--alys-red);border-right-width:6px;border-bottom-color:var(--wp--preset--color--alys-red);border-bottom-width:6px;border-left-color:var(--wp--preset--color--alys-red);border-left-width:6px;padding-top:2em;padding-right:2em;padding-bottom:1em;padding-left:2em\">\n<h2 class=\"wp-block-heading has-text-align-left has-large-font-size\"><a href=\"https:\/\/sodankyla.tweb.fi\/\/ktwebbin\/dbisa.dll\/ktwebscr\/kuullist_tweb.htm\" data-type=\"link\" data-id=\"https:\/\/sodankyla.tweb.fi\/\/ktwebbin\/dbisa.dll\/ktwebscr\/kuullist_tweb.htm\">Kulluutt\u00e2sah<\/a><\/h2>\n\n\n\n<p class=\"has-medium-font-size\">Kie\u0111\u00e2vu\u0161\u0161\u00e2mvu\u00e1l\u00e1sij lopeuc\u00e2mu\u0161\u00e2i j\u00e1 almott\u00e2saa\u0161ij sehe mi\u00e4r\u00e1d\u00e2saa\u0161ij kulluutt\u00e2sah.<\/p>\n<\/div>\n\n\n\n<div class=\"wp-block-group fp-grid-item has-alys-white-color has-alys-grey-background-color has-text-color has-background has-link-color wp-elements-3bd5dde169927c2bc42d9b297e194a7e wp-container-content-8 is-layout-flow wp-block-group-is-layout-flow\" style=\"border-radius:0.3em;border-right-color:var(--wp--preset--color--alys-red);border-right-width:6px;border-bottom-color:var(--wp--preset--color--alys-red);border-bottom-width:6px;border-left-color:var(--wp--preset--color--alys-red);border-left-width:6px;padding-top:2em;padding-right:2em;padding-bottom:1em;padding-left:2em\">\n<h2 class=\"wp-block-heading has-text-align-left has-large-font-size\"><a href=\"https:\/\/sodankyla.tweb.fi\/\/ktwebbin\/dbisa.dll\/ktwebscr\/epj_tek_tweb.htm\" data-type=\"link\" data-id=\"https:\/\/sodankyla.tweb.fi\/\/ktwebbin\/dbisa.dll\/ktwebscr\/epj_tek_tweb.htm\">Mi\u00e4r\u00e1d\u00e2stooh\u00e2m<\/a><\/h2>\n\n\n\n<p class=\"has-medium-font-size\">Virgehald\u00e2\u0161eijeemi\u00e4r\u00e1d\u00e2sah, pir\u00e2sju\u00e1hus \u00e4\u0161\u0161ilistoh j\u00e1 pevdikirjeh.<\/p>\n<\/div>\n<\/div>\n<\/div>\n\n\n\n<div class=\"wp-block-group has-global-padding is-layout-constrained wp-block-group-is-layout-constrained\">\n<h2 class=\"wp-block-heading\">Majemuuh ti\u00e4\u0111\u00e1tt\u00e2sah<\/h2>\n\n\n\n<div class=\"wp-block-group has-global-padding is-layout-constrained wp-block-group-is-layout-constrained\">\n<div class=\"wp-block-query is-layout-flow wp-block-query-is-layout-flow\"><ul class=\"custom-article-excerpt wp-block-post-template is-layout-flow wp-block-post-template-is-layout-flow\"><li class=\"wp-block-post post-2639 post type-post status-publish format-standard hentry category-aigikyevdil category-uncategorized-smn-fi\">\n\n<hr class=\"wp-block-separator has-css-opacity\"\/>\n\n\n\n\n<div class=\"has-link-color wp-elements-8e76ad2eeee687ce00675c1eb584d7da wp-block-post-date has-text-color has-alys-grey-color\"><time datetime=\"2025-11-21T13:55:35+02:00\">21.11.2025<\/time><\/div>\n\n<h2 class=\"has-link-color wp-elements-d63cba5dc5f288c0037a5c3ae00ef001 wp-block-post-title has-text-color has-alys-red-color has-large-font-size has-roboto-font-family\">Arktisii Laapi pir\u00e2ssuoj\u00e2lem \u00e4\u0161\u0161ig\u00e2stu\u0111\u00e2v\u00e2\u0161vuot\u00e2koij\u00e2d\u00e2ll\u00e2m 2025<\/h2>\n\n<div class=\"wp-block-post-excerpt\"><p class=\"wp-block-post-excerpt__excerpt\">Arktisen Lapin ymp\u00e4rist\u00f6nsuojelu vastaa Sodankyl\u00e4n, Inarin, Muonion, Enonteki\u00f6n ja Utsjoen kuntien ymp\u00e4rist\u00f6nsuojeluviranomaisen teht\u00e4vist\u00e4. Ker\u00e4\u00e4mme nyt palautetta kehitt\u00e4\u00e4ksemme toimintaamme, ja toivomme vastauksia sek\u00e4 alueen asukkailta ett\u00e4 elinkeinonharjoittajilta. Kyselyyn vastaaminen vie vain muutaman minuutin,&hellip;<\/p><p class=\"wp-block-post-excerpt__more-text\"><a class=\"wp-block-post-excerpt__more-link\" href=\"https:\/\/arktisenlapinys.fi\/smn-fi\/arktisen-lapin-ymparistonsuojelun-asiakastyytyvaisyyskysely\/\">Luuv\u00e2 lase<\/a><\/p><\/div>\n<\/li><li class=\"wp-block-post post-2407 post type-post status-publish format-standard hentry category-aigikyevdil category-uncategorized-smn-fi\">\n\n<hr class=\"wp-block-separator has-css-opacity\"\/>\n\n\n\n\n<div class=\"has-link-color wp-elements-8e76ad2eeee687ce00675c1eb584d7da wp-block-post-date has-text-color has-alys-grey-color\"><time datetime=\"2021-09-07T11:46:05+03:00\">7.9.2021<\/time><\/div>\n\n<h2 class=\"has-link-color wp-elements-d63cba5dc5f288c0037a5c3ae00ef001 wp-block-post-title has-text-color has-alys-red-color has-large-font-size has-roboto-font-family\">PIR\u00c2SSUOJ\u00c2LEMVIRGEOM\u00c2H\u00c1\u00c1 TI\u00c4\u0110\u00c1TT\u00c2S<\/h2>\n\n<div class=\"wp-block-post-excerpt\"><p class=\"wp-block-post-excerpt__excerpt\">Pir\u00e2ssuoj\u00e2lemvirgeom\u00e2h\u00e2\u0161 haalijd mu\u0161totti\u0111 jiell\u00e2hellei poo\u0161k\u00e2i olm\u00e2 kie\u0111\u00e2vu\u0161mist. Pas\u00e2tt\u00e2slaav\u00e2 72 \u00a7 mield pirr\u00e2s\u00e2n ij u\u00e1\u017eu kye\u0111\u0111i\u0111 pas\u00e2tt\u00e2s, hilgo\u0111 maa\u0161in, pierg\u00e2s, fi\u00e4vru, k\u00e1rb\u00e1 t\u00e2i eres tii\u014bg\u00e2 ige lye\u0161ti\u0111 amn\u00e2s tienuuvt, ete tot pu\u00e1ht\u00e1 tov\u00e2tti\u0111&hellip;<\/p><p class=\"wp-block-post-excerpt__more-text\"><a class=\"wp-block-post-excerpt__more-link\" href=\"https:\/\/arktisenlapinys.fi\/smn-fi\/pirassuojalemvirgeomahaa-tiadattas\/\">Luuv\u00e2 lase<\/a><\/p><\/div>\n<\/li><li class=\"wp-block-post post-2455 post type-post status-publish format-standard hentry category-aigikyevdil category-uncategorized-smn-fi\">\n\n<hr class=\"wp-block-separator has-css-opacity\"\/>\n\n\n\n\n<div class=\"has-link-color wp-elements-8e76ad2eeee687ce00675c1eb584d7da wp-block-post-date has-text-color has-alys-grey-color\"><time datetime=\"2020-11-03T15:12:22+02:00\">3.11.2020<\/time><\/div>\n\n<h2 class=\"has-link-color wp-elements-d63cba5dc5f288c0037a5c3ae00ef001 wp-block-post-title has-text-color has-alys-red-color has-large-font-size has-roboto-font-family\">Ti\u00e4\u0111\u00e1tt\u00e2s pir\u00e2ssuoj\u00e2lemkenig\u00e2svuo\u0111\u00e2in poccui piemm\u00e2mist jie\u014b\u00e2ku\u00e1vluin<\/h2>\n\n<div class=\"wp-block-post-excerpt\"><p class=\"wp-block-post-excerpt__excerpt\">Arkt\u00e2sii Laapi pir\u00e2ssuoj\u00e2lem v\u00e4stid kield\u00e2 pir\u00e2ssuoj\u00e2lemvirgeom\u00e2h\u00e1\u00e1 pargoin Su\u00e1\u0111igil, Aanaar, Muonio, I\u00e4nuduv j\u00e1 Ucjuv kield\u00e2in, j\u00e1 koc\u00e1 n\u00e1vt meid pu\u00e1suitu\u00e1lu tov\u00e2ttem pir\u00e2svaikutt\u00e2s\u00e2id ku\u00e1vlust. Pu\u00e1suitu\u00e1lu lii i\u00e4l\u00e1tt\u00e2stoim\u00e2. Pir\u00e2ssuoj\u00e2lemlaav\u00e2 mield toim\u00e2h\u00e1rjutteijest kalga le\u0111e ti\u00e4tu suu&hellip;<\/p><p class=\"wp-block-post-excerpt__more-text\"><a class=\"wp-block-post-excerpt__more-link\" href=\"https:\/\/arktisenlapinys.fi\/smn-fi\/tiadattas-pirassuojalemkenigasvuodain-poccui-piemmamist-jienakuavluin\/\">Luuv\u00e2 lase<\/a><\/p><\/div>\n<\/li><\/ul>\n\n<\/div>\n<\/div>\n<\/div>\n","protected":false},"excerpt":{"rendered":"<p>Lope- j\u00e1 kocceem\u00e4\u00e4\u0161ih Pir\u00e2ssuoj\u00e2lemlaav\u00e2 mi\u00e4ld\u00e1siih lope-, almott\u00e2s- j\u00e1 registeristem\u00e4\u00e4\u0161ih. Eenn\u00e2mamn\u00e2sij v\u00e4ldim Eenn\u00e2mamn\u00e2sij v\u00e4ldim\u00e2n loht\u00e2seijee amn\u00e2st\u00e2h, ravvuuh love uc\u00e2m\u00e2n. Pas\u00e2tt\u00e2shuol\u00e2tt\u00e2s Pas\u00e2tt\u00e2shuol\u00e2tt\u00e2s\u00e2n, var\u00e2lijd pas\u00e2tt\u00e2ss\u00e1id j\u00e1 lu\u00e1n\u00e1ttumalmott\u00e2ss\u00e1id kyeskee ravvuuh. Pi\u00e4\u0111guiaass\u00e2m pas\u00e2tt\u00e2s\u010d\u00e4\u00e4sih Ravvuuh t\u00e1lutu\u00e1lu\u010daasij kie\u0111\u00e2vu\u0161mist \u010du\u00e1kkipaaihij ulguupi\u00e4l\u00e1in ku\u00e1vluin. Eres \u00e4\u00e4\u0161ih Meccijotol\u00e2hlaav\u00e2, \u010d\u00e4cijotol\u00e2hlaav\u00e2, olgolih\u00e2demlaav\u00e2 j\u00e1 \u010d\u00e4cilaav\u00e2 mi\u00e4ld\u00e1siih \u00e4\u00e4\u0161ih. Pir\u00e2ssuoj\u00e2lemmi\u00ad\u00e4r\u00e1d\u00e2sah Ti\u00e4\u0111uh toim\u00e2ku\u00e1vlu kield\u00e2i p\u00e1ih\u00e1lijn pir\u00e2ssuoj\u00e2lemmi\u00e4r\u00e1d\u00e2s\u00e2in. Kulluutt\u00e2sah Kie\u0111\u00e2vu\u0161\u0161\u00e2mvu\u00e1l\u00e1sij lopeuc\u00e2mu\u0161\u00e2i j\u00e1 almott\u00e2saa\u0161ij sehe [&hellip;]<\/p>\n","protected":false},"author":1,"featured_media":1700,"parent":0,"menu_order":0,"comment_status":"closed","ping_status":"closed","template":"no-title","meta":{"footnotes":""},"class_list":["post-1793","page","type-page","status-publish","has-post-thumbnail","hentry"],"_links":{"self":[{"href":"https:\/\/arktisenlapinys.fi\/smn-fi\/wp-json\/wp\/v2\/pages\/1793","targetHints":{"allow":["GET"]}}],"collection":[{"href":"https:\/\/arktisenlapinys.fi\/smn-fi\/wp-json\/wp\/v2\/pages"}],"about":[{"href":"https:\/\/arktisenlapinys.fi\/smn-fi\/wp-json\/wp\/v2\/types\/page"}],"author":[{"embeddable":true,"href":"https:\/\/arktisenlapinys.fi\/smn-fi\/wp-json\/wp\/v2\/users\/1"}],"replies":[{"embeddable":true,"href":"https:\/\/arktisenlapinys.fi\/smn-fi\/wp-json\/wp\/v2\/comments?post=1793"}],"version-history":[{"count":11,"href":"https:\/\/arktisenlapinys.fi\/smn-fi\/wp-json\/wp\/v2\/pages\/1793\/revisions"}],"predecessor-version":[{"id":2296,"href":"https:\/\/arktisenlapinys.fi\/smn-fi\/wp-json\/wp\/v2\/pages\/1793\/revisions\/2296"}],"wp:featuredmedia":[{"embeddable":true,"href":"https:\/\/arktisenlapinys.fi\/smn-fi\/wp-json\/wp\/v2\/media\/1700"}],"wp:attachment":[{"href":"https:\/\/arktisenlapinys.fi\/smn-fi\/wp-json\/wp\/v2\/media?parent=1793"}],"curies":[{"name":"wp","href":"https:\/\/api.w.org\/{rel}","templated":true}]}}