{"id":1790,"date":"2020-03-11T08:29:40","date_gmt":"2020-03-11T06:29:40","guid":{"rendered":"https:\/\/arktisenlapinys.fi\/?page_id=1790"},"modified":"2026-05-08T10:04:37","modified_gmt":"2026-05-08T07:04:37","slug":"ohtavuotatiaduh","status":"publish","type":"page","link":"https:\/\/arktisenlapinys.fi\/smn-fi\/ohtavuotatiaduh\/","title":{"rendered":"Oht\u00e2vuot\u00e2ti\u00e4\u0111uh"},"content":{"rendered":"\n<div class=\"wp-block-group has-global-padding is-layout-constrained wp-block-group-is-layout-constrained\">\n<h2 class=\"wp-block-heading\">Arkt\u00e2sii Laapi pir\u00e2ssuoj\u00e2lem oht\u00e2vuot\u00e2ti\u00e4\u0111uh j\u00e1 pargeeh<\/h2>\n\n\n\n<div class=\"wp-block-group has-global-padding is-layout-constrained wp-block-group-is-layout-constrained\" style=\"margin-top:2em;margin-bottom:2em\">\n<h3 class=\"wp-block-heading has-medium-font-size\"><strong>Lopeuc\u00e2mu\u0161ah, ci\u00e4lkk\u00e1mu\u0161t\u00e1ttumeh j\u00e1 eres virg\u00e1liih \u00e4\u0161\u0161ikirjeh: <\/strong><\/h3>\n\n\n\n<ul class=\"wp-block-list list-style-none\">\n<li><a href=\"mailto:kirjaamo@sodankyla.fi\">kirjaamo@sodankyla.fi<\/a> \/ Arktisen Lapin ymp\u00e4rist\u00f6nsuojelu, PL 60, 99601 Sodankyl\u00e4<\/li>\n<\/ul>\n\n\n\n<h3 class=\"wp-block-heading has-medium-font-size\"><strong>H\u00e1ittualmott\u00e2sah, ti\u00e4\u0111u\u0161t\u00e2lmeh, ti\u00e4\u0111\u00e1tt\u00e2sah j\u00e1 eres \u00e4\u00e4\u0161ih:<\/strong><\/h3>\n\n\n\n<ul class=\"wp-block-list list-style-none\">\n<li><a href=\"mailto:ymparistonsuojelu@sodankyla.fi\">ymparistonsuojelu@sodankyla.fi<\/a><\/li>\n<\/ul>\n\n\n\n<hr class=\"wp-block-separator has-alpha-channel-opacity\" style=\"margin-top:2em;margin-bottom:4em\"\/>\n<\/div>\n\n\n\n<div class=\"wp-block-group is-layout-flow wp-block-group-is-layout-flow\" style=\"margin-top:2em;margin-bottom:2em\">\n<ul class=\"wp-block-list list-style-none\">\n<li style=\"margin-top:1em;margin-bottom:1em\"><strong>Pir\u00e2shovd\u00e2 Teresa Ojala<\/strong>, (puh. 040 720 5665)<\/li>\n\n\n\n<li style=\"margin-top:1em;margin-bottom:1em\"><strong>Pir\u00e2st\u00e4rhisteijee<\/strong>, Su\u00e1\u0111igil toim\u00e2saje<\/li>\n\n\n\n<li style=\"margin-top:1em;margin-bottom:1em\"><strong>Pir\u00e2st\u00e4rhisteijee<\/strong>, Su\u00e1\u0111igil toim\u00e2saje<\/li>\n\n\n\n<li style=\"margin-top:1em;margin-bottom:1em\"><strong>Pir\u00e2s\u00e4\u0161\u0161itobdee Tommi Maasilta<\/strong>, Su\u00e1\u0111igil toim\u00e2saje (puh. 040 578 9729)<\/li>\n\n\n\n<li style=\"margin-top:1em;margin-bottom:1em\"><strong>Pir\u00e2st\u00e4rhisteijee Petteri Hoisko<\/strong>, Avveel toim\u00e2saje (puh. 040 546 3218)<\/li>\n\n\n\n<li style=\"margin-top:1em;margin-bottom:1em\"><strong>Pir\u00e2st\u00e4rhisteijee Joonas Neuvonen<\/strong>, Muonio toim\u00e2saje (puh. 040 153 5227)<\/li>\n<\/ul>\n<\/div>\n\n\n\n<p class=\"border-left has-alys-white-color has-alys-grey-background-color has-text-color has-background has-link-color wp-elements-406a1b2e4653f8fdc6293e82c0d0ab75\">Pargei \u0161le\u0111g\u00e2post\u00e2\u010dujott\u00e2sah l\u00e1\u00e1 h\u00e4\u00e4mist ovd\u00e2nomm\u00e2.suh\u00e2nomm\u00e2@sodankyla.fi.<\/p>\n\n\n\n<div class=\"wp-block-group has-global-padding is-layout-constrained wp-block-group-is-layout-constrained\">\n<hr class=\"wp-block-separator has-css-opacity\" style=\"margin-top:2em;margin-bottom:4em\"\/>\n\n\n\n<h3 class=\"wp-block-heading has-medium-font-size\"><strong>Jotteem\u010dujott\u00e2sah<\/strong>: <\/h3>\n\n\n\n<ul class=\"wp-block-list list-style-none\">\n<li>Su\u00e1\u0111igil kield\u00e2virg\u00e1d\u00e2h, J\u00e4\u00e4merentie 1, 99600 Su\u00e1\u0111igil<\/li>\n\n\n\n<li>Aanaar kield\u00e2 pir\u00e2soht\u00e2d\u00e2h, Piiskuntie 2, 99800 Avveel<\/li>\n\n\n\n<li>Muonio kield\u00e2 teknis\u00e2\u0161 toim\u00e2tt\u00e2h, Puthaanrannantie 15b, 99300 Muonio<\/li>\n\n\n\n<li>I\u00e4nuduv kield\u00e2virg\u00e1d\u00e2h, Ounastie 165, 99400 I\u00e4nud\u00e2h<\/li>\n\n\n\n<li>Ucjuv kield\u00e2virg\u00e1d\u00e2h, Luossa 1a, 99980 Ucjuuh\u00e2<\/li>\n<\/ul>\n\n\n\n<p>Mij palv\u00e2lep puoh kield\u00e2i toim\u00e2soojijn sop\u00e2mu\u0161 mield. Soov\u00e2 teiv\u00e2mist ain muuneeld puhelin t\u00e2i \u0161le\u0111g\u00e2poost\u00e2 peht. Kocceemaa\u0161ijn v\u00e4\u00e4ldi oht\u00e2vuo\u0111\u00e2 vuos\u00e2saajeest jieij\u00e2d ku\u00e1vlu pir\u00e2st\u00e4rhisteijei.<\/p>\n<\/div>\n\n\n\n<div class=\"wp-block-group has-global-padding is-layout-constrained wp-block-group-is-layout-constrained\" style=\"margin-top:2em;margin-bottom:2em\">\n<hr class=\"wp-block-separator has-alpha-channel-opacity\" style=\"margin-top:2em;margin-bottom:4em\"\/>\n\n\n\n<h3 class=\"wp-block-heading has-medium-font-size\"><strong>Rekigistem\u010dujott\u00e2s:<\/strong><\/h3>\n\n\n\n<ul class=\"wp-block-list list-style-none\">\n<li>Sodankyl\u00e4n kunta&nbsp;<\/li>\n\n\n\n<li>Arktisen Lapin ymp\u00e4rist\u00f6nsuojelu<\/li>\n\n\n\n<li>003701931691<\/li>\n\n\n\n<li>PL 5016<\/li>\n\n\n\n<li>02066 DOCUSCAN<\/li>\n<\/ul>\n\n\n\n<ul class=\"wp-block-list list-style-none\">\n<li>Viermireekkigoperaattor: CGI Suomi Oy<\/li>\n\n\n\n<li>Viermireekkig\u010dujott\u00e2s\/OVT-tubd\u00e2ld\u00e2h: 003701931691<\/li>\n\n\n\n<li>Sirdee tubd\u00e2ld\u00e2h: 003703575029<\/li>\n\n\n\n<li>\u010cujos: Ymp\u00e4rist\u00f6nsuojelu<\/li>\n<\/ul>\n<\/div>\n<\/div>\n","protected":false},"excerpt":{"rendered":"<p>Arkt\u00e2sii Laapi pir\u00e2ssuoj\u00e2lem oht\u00e2vuot\u00e2ti\u00e4\u0111uh j\u00e1 pargeeh Lopeuc\u00e2mu\u0161ah, ci\u00e4lkk\u00e1mu\u0161t\u00e1ttumeh j\u00e1 eres virg\u00e1liih \u00e4\u0161\u0161ikirjeh: H\u00e1ittualmott\u00e2sah, ti\u00e4\u0111u\u0161t\u00e2lmeh, ti\u00e4\u0111\u00e1tt\u00e2sah j\u00e1 eres \u00e4\u00e4\u0161ih: Pargei \u0161le\u0111g\u00e2post\u00e2\u010dujott\u00e2sah l\u00e1\u00e1 h\u00e4\u00e4mist ovd\u00e2nomm\u00e2.suh\u00e2nomm\u00e2@sodankyla.fi. Jotteem\u010dujott\u00e2sah: Mij palv\u00e2lep puoh kield\u00e2i toim\u00e2soojijn sop\u00e2mu\u0161 mield. Soov\u00e2 teiv\u00e2mist ain muuneeld puhelin t\u00e2i \u0161le\u0111g\u00e2poost\u00e2 peht. Kocceemaa\u0161ijn v\u00e4\u00e4ldi oht\u00e2vuo\u0111\u00e2 vuos\u00e2saajeest jieij\u00e2d ku\u00e1vlu pir\u00e2st\u00e4rhisteijei. Rekigistem\u010dujott\u00e2s:<\/p>\n","protected":false},"author":1,"featured_media":2107,"parent":0,"menu_order":0,"comment_status":"closed","ping_status":"closed","template":"","meta":{"footnotes":""},"class_list":["post-1790","page","type-page","status-publish","has-post-thumbnail","hentry"],"_links":{"self":[{"href":"https:\/\/arktisenlapinys.fi\/smn-fi\/wp-json\/wp\/v2\/pages\/1790","targetHints":{"allow":["GET"]}}],"collection":[{"href":"https:\/\/arktisenlapinys.fi\/smn-fi\/wp-json\/wp\/v2\/pages"}],"about":[{"href":"https:\/\/arktisenlapinys.fi\/smn-fi\/wp-json\/wp\/v2\/types\/page"}],"author":[{"embeddable":true,"href":"https:\/\/arktisenlapinys.fi\/smn-fi\/wp-json\/wp\/v2\/users\/1"}],"replies":[{"embeddable":true,"href":"https:\/\/arktisenlapinys.fi\/smn-fi\/wp-json\/wp\/v2\/comments?post=1790"}],"version-history":[{"count":15,"href":"https:\/\/arktisenlapinys.fi\/smn-fi\/wp-json\/wp\/v2\/pages\/1790\/revisions"}],"predecessor-version":[{"id":2699,"href":"https:\/\/arktisenlapinys.fi\/smn-fi\/wp-json\/wp\/v2\/pages\/1790\/revisions\/2699"}],"wp:featuredmedia":[{"embeddable":true,"href":"https:\/\/arktisenlapinys.fi\/smn-fi\/wp-json\/wp\/v2\/media\/2107"}],"wp:attachment":[{"href":"https:\/\/arktisenlapinys.fi\/smn-fi\/wp-json\/wp\/v2\/media?parent=1790"}],"curies":[{"name":"wp","href":"https:\/\/api.w.org\/{rel}","templated":true}]}}