{"id":1786,"date":"2024-09-04T12:03:58","date_gmt":"2024-09-04T09:03:58","guid":{"rendered":"https:\/\/arktisenlapinys.fi\/?page_id=1786"},"modified":"2026-04-14T10:50:36","modified_gmt":"2026-04-14T07:50:36","slug":"ornijdume","status":"publish","type":"page","link":"https:\/\/arktisenlapinys.fi\/smn-fi\/ornijdume\/","title":{"rendered":"Ornijdume"},"content":{"rendered":"\n<div class=\"wp-block-group has-global-padding is-layout-constrained wp-block-group-is-layout-constrained\">\n<div class=\"wp-block-columns is-layout-flex wp-container-core-columns-is-layout-1 wp-block-columns-is-layout-flex\">\n<div class=\"wp-block-column is-layout-flow wp-block-column-is-layout-flow\" style=\"flex-basis:66.66%\">\n<div class=\"wp-block-group is-layout-flow wp-block-group-is-layout-flow\">\n<h2 class=\"wp-block-heading\">Arkt\u00e2sii Laapi pir\u00e2ssuoj\u00e2lem<\/h2>\n\n\n\n<div class=\"wp-block-group has-alys-trans-red-background-color has-background has-global-padding is-layout-constrained wp-container-core-group-is-layout-1 wp-block-group-is-layout-constrained\" style=\"border-radius:1.75em;margin-top:1em;margin-bottom:1em;padding-top:2em;padding-right:1em;padding-bottom:2em;padding-left:1em\">\n<p>Su\u00e1\u0111igil kield\u00e2 v\u00e4stid Su\u00e1\u0111igil, Aanaar, Muonio, I\u00e4nuduv j\u00e1 Ucjuv kield\u00e2i pir\u00e2ssuoj\u00e2lemvirgeom\u00e2h\u00e1\u00e1 pargoin. Pir\u00e2ssuoj\u00e2lemvirgeom\u00e2h\u00e2\u017e\u017e\u00e2n tu\u00e1im\u00e1 teknisii l\u00e4vdikode vu\u00e1l\u00e1s\u00e2\u0161 pir\u00e2sju\u00e1vus.&nbsp;<\/p>\n\n\n\n<p>Pir\u00e2ssuoj\u00e2lemvirgeom\u00e2h\u00e1\u00e1 pargon lii pir\u00e2ssuoj\u00e2lem kocceem j\u00e1 ovdedem v\u00e1r\u00e1s kield\u00e2st:<\/p>\n\n\n\n<ol class=\"wp-block-list\">\n<li>huol\u00e2tti\u0111 pargoin, moh l\u00e1\u00e1 laav\u00e2st t\u00e2i ton vu\u00e1\u0111uld as\u00e2ttum t\u00e2i meridum ton hoitt\u00e1mn\u00e1\u00e1l;<\/li>\n\n\n\n<li>huol\u00e2tti\u0111 jieij\u00e2s u\u00e1sild pir\u00e2ssuoj\u00e2lem vu\u00e1v\u00e1\u00e1mist j\u00e1 oovdedmist;<\/li>\n\n\n\n<li>huol\u00e2tti\u0111 pirr\u00e2s tile \u010du\u00e1vumist sehe toos loht\u00e2seijee \u010dielgiitt\u00e2s\u00e2in j\u00e1 tutk\u00e2mu\u0161\u00e2in;<\/li>\n\n\n\n<li>u\u00e1s\u00e1listi\u0111 kield\u00e2st t\u00e1rbulii pir\u00e2ssuoj\u00e2lm\u00e2n kyeskee stivrim j\u00e1 ravvim orniim\u00e2n;<\/li>\n\n\n\n<li>adeli\u0111 ci\u00e4lkk\u00e1mu\u0161\u00e2id sehe tooh\u00e2\u0111 i\u00e4vtutt\u00e2s\u00e2id j\u00e1 alguid pir\u00e2ssuoj\u00e2lm\u00e2n loht\u00e2seijee aa\u0161ijn nubbijd virgeom\u00e2h\u00e1id;<\/li>\n\n\n\n<li>huol\u00e2tti\u0111 jieij\u00e2s u\u00e1sild pir\u00e2ssuoj\u00e2lm\u00e2n kyeskee tie\u0111eetmist, \u010duovviimist j\u00e1 \u0161kovliimist kield\u00e2st;<\/li>\n\n\n\n<li>ovdedi\u0111 kield\u00e2 oovt\u00e2stpargo nuubij virgeom\u00e2h\u00e1iguin j\u00e1 si\u00e4rv\u00e1duv\u00e2iguin pir\u00e2ssuoj\u00e2lem\u00e4\u00e4\u0161ist sehe<\/li>\n\n\n\n<li>porg\u00e2\u0111 eres pargoid, moh l\u00e1\u00e1 meridum toos jo\u0111ettemnjuolg\u00e2duss\u00e1in.<\/li>\n<\/ol>\n\n\n\n<p>Kield\u00e2 pir\u00e2ssuoj\u00e2lemvirgeom\u00e2h\u00e1\u00e1 pargoin lii toos lasseen as\u00e2ttum pir\u00e2ssuoj\u00e2lemlaav\u00e2st, pas\u00e2tt\u00e2slaav\u00e2st, eenn\u00e2mamn\u00e2slaav\u00e2st, \u010d\u00e4cihuol\u00e2tt\u00e2slaav\u00e2st, \u010d\u00e4cilaav\u00e2st, meccijotol\u00e2hlaav\u00e2st j\u00e1 \u010d\u00e4cijotol\u00e2hlaav\u00e2st. Taah pargoh l\u00e1\u00e1 i\u00e4n\u00e1\u00e1\u0161 lope- j\u00e1 kocceemvirgeom\u00e2h\u00e2\u0161pargoh.<\/p>\n<\/div>\n\n\n\n<hr class=\"wp-block-separator has-alpha-channel-opacity\" style=\"margin-top:2em;margin-bottom:4em\"\/>\n<\/div>\n\n\n\n<div class=\"wp-block-group is-layout-flow wp-block-group-is-layout-flow\">\n<h2 class=\"wp-block-heading\">Pir\u00e2sju\u00e1vus<\/h2>\n\n\n\n<div class=\"wp-block-group has-alys-trans-red-background-color has-background has-global-padding is-layout-constrained wp-container-core-group-is-layout-3 wp-block-group-is-layout-constrained\" style=\"border-radius:1.75em;margin-top:1em;margin-bottom:1em;padding-top:2em;padding-right:1em;padding-bottom:2em;padding-left:1em\">\n<p>Pir\u00e2sju\u00e1hus jes\u00e2neh j\u00e1 v\u00e4rijes\u00e2neh toim\u00e2paajeest 2021-2025:<\/p>\n\n\n\n<p>Su\u00e1\u0111igil: Juha Karppinen (Marja Kuusela), Lea Aikio (Juha Varis)<br>Aanaar: sj Janne Tervahauta (Miia K\u00e4rn\u00e4), Anu Avaskari (Ari Seipiharju)<br>Muonio: Priitta P\u00f6yht\u00e4ri-Tr\u00f8en (Sakari Sil\u00e9n)<br>I\u00e4nud\u00e2h: vsj Birgitta Eira (Jarmo N\u00e4kk\u00e4l\u00e4j\u00e4rvi)<br>Ucjuuh\u00e2: Aulis Nordberg (Sammol Lukkari)<\/p>\n<\/div>\n\n\n\n<hr class=\"wp-block-separator has-alpha-channel-opacity\" style=\"margin-top:2em;margin-bottom:4em\"\/>\n<\/div>\n\n\n\n<div id=\"tietosuoja\" class=\"wp-block-group is-layout-flow wp-block-group-is-layout-flow\">\n<h2 class=\"wp-block-heading\">Ti\u00e4tusyeji<\/h2>\n\n\n\n<div class=\"wp-block-group has-alys-trans-red-background-color has-background has-global-padding is-layout-constrained wp-container-core-group-is-layout-5 wp-block-group-is-layout-constrained\" style=\"border-radius:1.75em;margin-top:1em;margin-bottom:1em;padding-top:2em;padding-right:1em;padding-bottom:2em;padding-left:1em\">\n<p>\u00c1rktala\u0161 Lappi birassuodjalanguovlu \u010doagg\u00e1 persovdnadie\u0111uid ear\u00e1l\u00e1gan eisev\u00e1ldebargguid \u010da\u0111aheami v\u00e1r\u00e1s. Diehtosuodje\u010dilgehusat g\u00e1vdnojit Soa\u0111egili gieldda neahttasiidduin \u010duovvova\u010d\u010dat:<\/p>\n\n\n\n<p>Tietosuojaselosteet -&gt; Tekniset palvelut -&gt; Ymp\u00e4rist\u00f6nsuojelun kehitt\u00e4mis- ja edist\u00e4misteht\u00e4vien tietovaranto \/ Ymp\u00e4rist\u00f6nsuojelun tietovaranto.<\/p>\n<\/div>\n\n\n\n<hr class=\"wp-block-separator has-alpha-channel-opacity\" style=\"margin-top:2em;margin-bottom:4em\"\/>\n<\/div>\n<\/div>\n\n\n\n<div class=\"wp-block-column is-layout-flow wp-block-column-is-layout-flow\" style=\"padding-top:0;flex-basis:33.33%\">\n<h2 class=\"wp-block-heading\">\u00c4\u0161\u0161ikirjeh<\/h2>\n\n\n\n<div class=\"wp-block-buttons is-layout-flex wp-block-buttons-is-layout-flex\">\n<div class=\"wp-block-button is-style-fill\"><a class=\"wp-block-button__link has-text-align-left wp-element-button\" href=\"https:\/\/arktisenlapinys.fi\/wp-content\/uploads\/2026\/03\/Arktisen-Lapin-ymparistonsuojelun-valvontasuunnitelma-2026-2029-11.12.2025-\u00a7-36-1.pdf\">Arktisen Lapin ymp\u00e4rist\u00f6nsuojelun valvontasuunnitelma 2025-2029<\/a><\/div>\n<\/div>\n\n\n\n<div class=\"wp-block-file links\"><a id=\"wp-block-file--media-24710c7c-6694-4d02-873b-ec4ddf0316ae\" href=\"https:\/\/arktisenlapinys.fi\/wp-content\/uploads\/Yhteistoimintasopimus-1.1.2020.pdf\">Yhteistoimintasopimus 1.1.2020 (pdf)<\/a><\/div>\n\n\n\n<div class=\"wp-block-file links\"><a id=\"wp-block-file--media-44b23898-db79-4ba6-a120-54c881d6f1e5\" href=\"https:\/\/arktisenlapinys.fi\/wp-content\/uploads\/Ymp\u00e4rist\u00f6nsuojeluviranomaisen-delegointiluettelo-1.3.2024-\u00a7-5.pdf\">Ymp\u00e4rist\u00f6nsuojeluviranomaisen delegointiluettelo 1.3.2024 \u00a7 5 (pdf)<\/a><\/div>\n\n\n\n<div class=\"wp-block-group has-global-padding is-layout-constrained wp-block-group-is-layout-constrained\" style=\"margin-top:0\">\n<div class=\"wp-block-group is-layout-grid wp-container-core-group-is-layout-17 wp-block-group-is-layout-grid\" style=\"margin-top:0em;margin-bottom:4em;padding-top:0em\">\n<div class=\"wp-block-group coa-grid-item has-global-padding is-layout-constrained wp-block-group-is-layout-constrained\">\n<h3 class=\"wp-block-heading has-text-align-center has-link-color has-roboto-font-family has-medium-font-size wp-elements-ff9ae0c192abfa65b0485a945108d7a2\" style=\"margin-top:1em;margin-bottom:1em;font-style:normal;font-weight:400\"><a href=\"https:\/\/sodankyla.fi\">Su\u00e1\u0111igil kield\u00e2<\/a><\/h3>\n\n\n\n<div class=\"wp-block-group is-content-justification-center is-nowrap is-layout-flex wp-container-core-group-is-layout-7 wp-block-group-is-layout-flex\">\n<figure class=\"wp-block-image size-full is-resized\"><img decoding=\"async\" src=\"https:\/\/arktisenlapinys.fi\/wp-content\/uploads\/2024\/09\/Sodankyla.vaakuna.svg\" alt=\"Sodankyl\u00e4n vaakuna\" class=\"wp-image-1308\" style=\"width:107px;height:auto\"\/><\/figure>\n<\/div>\n<\/div>\n\n\n\n<div class=\"wp-block-group coa-grid-item has-global-padding is-layout-constrained wp-block-group-is-layout-constrained\">\n<h3 class=\"wp-block-heading has-text-align-center has-link-color has-roboto-font-family has-medium-font-size wp-elements-d858f90648381d398f6a5f0584c17fd7\" style=\"margin-top:1em;margin-bottom:1em;font-style:normal;font-weight:400\"><a href=\"https:\/\/inari.fi\">Aanaar kield\u00e2<\/a><\/h3>\n\n\n\n<div class=\"wp-block-group is-content-justification-center is-nowrap is-layout-flex wp-container-core-group-is-layout-9 wp-block-group-is-layout-flex\">\n<figure class=\"wp-block-image size-full is-resized\"><img decoding=\"async\" src=\"https:\/\/arktisenlapinys.fi\/wp-content\/uploads\/2024\/09\/Inari.vaakuna.svg\" alt=\"Inarin vaakuna\" class=\"wp-image-1307\" style=\"width:107px;height:auto\"\/><\/figure>\n<\/div>\n<\/div>\n\n\n\n<div class=\"wp-block-group coa-grid-item has-global-padding is-layout-constrained wp-block-group-is-layout-constrained\">\n<h3 class=\"wp-block-heading has-text-align-center has-link-color has-roboto-font-family has-medium-font-size wp-elements-fa8ab5f31c563f4f01131c2f2c93d578\" style=\"margin-top:1em;margin-bottom:1em;font-style:normal;font-weight:400\"><a href=\"https:\/\/muonio.fi\">Muonio kield\u00e2<\/a><\/h3>\n\n\n\n<div class=\"wp-block-group is-content-justification-center is-nowrap is-layout-flex wp-container-core-group-is-layout-11 wp-block-group-is-layout-flex\">\n<figure class=\"wp-block-image size-full is-resized\"><img decoding=\"async\" src=\"https:\/\/arktisenlapinys.fi\/wp-content\/uploads\/2024\/09\/Muonio.vaakuna.svg\" alt=\"Muonion vaakuna\" class=\"wp-image-1306\" style=\"width:107px;height:auto\"\/><\/figure>\n<\/div>\n<\/div>\n\n\n\n<div class=\"wp-block-group coa-grid-item has-global-padding is-layout-constrained wp-block-group-is-layout-constrained\">\n<h3 class=\"wp-block-heading has-text-align-center has-link-color has-roboto-font-family has-medium-font-size wp-elements-1f74cdb1221e6decd7bdcf658884be83\" style=\"margin-top:1em;margin-bottom:1em;font-style:normal;font-weight:400\"><a href=\"https:\/\/utsjoki.fi\">Ucjuv kield\u00e2<\/a><\/h3>\n\n\n\n<div class=\"wp-block-group is-content-justification-center is-nowrap is-layout-flex wp-container-core-group-is-layout-13 wp-block-group-is-layout-flex\">\n<figure class=\"wp-block-image size-full is-resized\"><img decoding=\"async\" src=\"https:\/\/arktisenlapinys.fi\/wp-content\/uploads\/2024\/09\/Utsjoki.vaakuna.svg\" alt=\"Utsjoen vaakuna\" class=\"wp-image-1305\" style=\"width:107px;height:auto\"\/><\/figure>\n<\/div>\n<\/div>\n\n\n\n<div class=\"wp-block-group coa-grid-item has-global-padding is-layout-constrained wp-block-group-is-layout-constrained\">\n<h3 class=\"wp-block-heading has-text-align-center has-link-color has-roboto-font-family has-medium-font-size wp-elements-c394ae7470141bec9acc96c0c72ac727\" style=\"margin-top:1em;margin-bottom:1em;font-style:normal;font-weight:400\"><a href=\"https:\/\/enontekio.fi\">I\u00e4nuduv kield\u00e2<\/a><\/h3>\n\n\n\n<div class=\"wp-block-group is-content-justification-center is-nowrap is-layout-flex wp-container-core-group-is-layout-15 wp-block-group-is-layout-flex\">\n<figure class=\"wp-block-image size-full is-resized\"><img decoding=\"async\" src=\"https:\/\/arktisenlapinys.fi\/wp-content\/uploads\/2024\/09\/Enontekio.vaakuna.svg\" alt=\"Enonteki\u00f6n vaakuna\" class=\"wp-image-1304\" style=\"width:107px;height:auto\"\/><\/figure>\n<\/div>\n<\/div>\n<\/div>\n<\/div>\n<\/div>\n<\/div>\n<\/div>\n","protected":false},"excerpt":{"rendered":"<p>Arkt\u00e2sii Laapi pir\u00e2ssuoj\u00e2lem Su\u00e1\u0111igil kield\u00e2 v\u00e4stid Su\u00e1\u0111igil, Aanaar, Muonio, I\u00e4nuduv j\u00e1 Ucjuv kield\u00e2i pir\u00e2ssuoj\u00e2lemvirgeom\u00e2h\u00e1\u00e1 pargoin. Pir\u00e2ssuoj\u00e2lemvirgeom\u00e2h\u00e2\u017e\u017e\u00e2n tu\u00e1im\u00e1 teknisii l\u00e4vdikode vu\u00e1l\u00e1s\u00e2\u0161 pir\u00e2sju\u00e1vus.&nbsp; Pir\u00e2ssuoj\u00e2lemvirgeom\u00e2h\u00e1\u00e1 pargon lii pir\u00e2ssuoj\u00e2lem kocceem j\u00e1 ovdedem v\u00e1r\u00e1s kield\u00e2st: Kield\u00e2 pir\u00e2ssuoj\u00e2lemvirgeom\u00e2h\u00e1\u00e1 pargoin lii toos lasseen as\u00e2ttum pir\u00e2ssuoj\u00e2lemlaav\u00e2st, pas\u00e2tt\u00e2slaav\u00e2st, eenn\u00e2mamn\u00e2slaav\u00e2st, \u010d\u00e4cihuol\u00e2tt\u00e2slaav\u00e2st, \u010d\u00e4cilaav\u00e2st, meccijotol\u00e2hlaav\u00e2st j\u00e1 \u010d\u00e4cijotol\u00e2hlaav\u00e2st. Taah pargoh l\u00e1\u00e1 i\u00e4n\u00e1\u00e1\u0161 lope- j\u00e1 kocceemvirgeom\u00e2h\u00e2\u0161pargoh. Pir\u00e2sju\u00e1vus Pir\u00e2sju\u00e1hus jes\u00e2neh [&hellip;]<\/p>\n","protected":false},"author":1,"featured_media":1646,"parent":0,"menu_order":0,"comment_status":"closed","ping_status":"closed","template":"","meta":{"footnotes":""},"class_list":["post-1786","page","type-page","status-publish","has-post-thumbnail","hentry"],"_links":{"self":[{"href":"https:\/\/arktisenlapinys.fi\/smn-fi\/wp-json\/wp\/v2\/pages\/1786","targetHints":{"allow":["GET"]}}],"collection":[{"href":"https:\/\/arktisenlapinys.fi\/smn-fi\/wp-json\/wp\/v2\/pages"}],"about":[{"href":"https:\/\/arktisenlapinys.fi\/smn-fi\/wp-json\/wp\/v2\/types\/page"}],"author":[{"embeddable":true,"href":"https:\/\/arktisenlapinys.fi\/smn-fi\/wp-json\/wp\/v2\/users\/1"}],"replies":[{"embeddable":true,"href":"https:\/\/arktisenlapinys.fi\/smn-fi\/wp-json\/wp\/v2\/comments?post=1786"}],"version-history":[{"count":11,"href":"https:\/\/arktisenlapinys.fi\/smn-fi\/wp-json\/wp\/v2\/pages\/1786\/revisions"}],"predecessor-version":[{"id":2684,"href":"https:\/\/arktisenlapinys.fi\/smn-fi\/wp-json\/wp\/v2\/pages\/1786\/revisions\/2684"}],"wp:featuredmedia":[{"embeddable":true,"href":"https:\/\/arktisenlapinys.fi\/smn-fi\/wp-json\/wp\/v2\/media\/1646"}],"wp:attachment":[{"href":"https:\/\/arktisenlapinys.fi\/smn-fi\/wp-json\/wp\/v2\/media?parent=1786"}],"curies":[{"name":"wp","href":"https:\/\/api.w.org\/{rel}","templated":true}]}}