{"id":1778,"date":"2020-03-11T08:29:30","date_gmt":"2020-03-11T06:29:30","guid":{"rendered":"https:\/\/arktisenlapinys.fi\/?page_id=1778"},"modified":"2025-01-21T14:47:51","modified_gmt":"2025-01-21T12:47:51","slug":"eres-aasih","status":"publish","type":"page","link":"https:\/\/arktisenlapinys.fi\/smn-fi\/eres-aasih\/","title":{"rendered":"Eres \u00e4\u00e4\u0161ih"},"content":{"rendered":"\n<div class=\"wp-block-group has-global-padding is-layout-constrained wp-block-group-is-layout-constrained\">\n<div class=\"wp-block-columns is-layout-flex wp-container-core-columns-is-layout-1 wp-block-columns-is-layout-flex\">\n<div class=\"wp-block-column is-layout-flow wp-block-column-is-layout-flow\" style=\"flex-basis:66.66%\">\n<div class=\"wp-block-group is-layout-flow wp-block-group-is-layout-flow\">\n<h2 class=\"wp-block-heading\">Meccijotol\u00e2hlaah\u00e2<\/h2>\n\n\n\n<div class=\"wp-block-group has-alys-trans-red-background-color has-background has-global-padding is-layout-constrained wp-container-core-group-is-layout-1 wp-block-group-is-layout-constrained\" style=\"border-radius:1.75em;margin-top:1em;margin-bottom:1em;padding-top:2em;padding-right:1em;padding-bottom:2em;padding-left:1em\">\n<p>Meccijotol\u00e2hlaav\u00e2 mield moottorfi\u00e4vroin t\u00e1b\u00e1htuvvee ki\u0161toi j\u00e1 h\u00e1rjutt\u00e2s\u00e2i ki\u00e4rdulii t\u00e2i pisov\u00e2\u0161 orniim\u00e2n si\u00e4mm\u00e1\u00e1 en\u00e2duv\u00e2st kalga uucc\u00e2\u0111 kield\u00e2 pir\u00e2ssuoj\u00e2lemvirgeom\u00e2h\u00e1\u00e1 love. <\/p>\n\n\n\n<p>Love ij kuitt\u00e2g taarb\u00e2\u0161 taan t\u00e1rgutt\u00e2s\u00e2n sajatt\u00e2hkaavast v\u00e4ridum ku\u00e1vlun ige ku\u00e1vlun, moos lii adelum pir\u00e2ssuoj\u00e2lemlaav\u00e2st u\u00e1ivildum pir\u00e2slope. En\u00e2duvv\u00e1in u\u00e1ivilduvvoo eenn\u00e2mku\u00e1vlu sehe jie\u014b\u00e2 lu\u00e1vdim \u010d\u00e4ciku\u00e1vlu. <\/p>\n\n\n\n<p>Meid ovt\u00e2sk\u00e2s t\u00e1b\u00e1htus orniim\u00e2n kalga uucc\u00e2\u0111 love, jis lii vyerdimist, ete t\u00e1b\u00e1htus toov\u00e2t merh\u00e2\u0161ittee hem\u00e2d\u00e2s lu\u00e1ndun, eres pirr\u00e2s\u00e2n, as\u00e2m\u00e2n, almos virkosmittemki\u00e4vtun, kyelipiivdon t\u00e2i eres almos t\u00e2i priivaat hi\u00e4tun. <\/p>\n\n\n\n<p>Tooim\u00e2 orniim\u00e2n kalga le\u0111e ku\u00e1vlu om\u00e2steijee t\u00e2i hald\u00e2\u0161eijee miett\u00e2m. Lope occoo pir\u00e2ssuoj\u00e2lemvirgeom\u00e2h\u00e1\u00e1st uucc\u00e2mlu\u00e1m\u00e1ttuvv\u00e1in, mon tun kaavnah siij\u0111o u\u00e1lgispel roobd\u00e2st. Uc\u00e2mu\u0161 toim\u00e2ttuvvoo kirjimkonttur\u00e2n.<\/p>\n\n\n\n<p>Pir\u00e2ssuoj\u00e2lemvirgeom\u00e2h\u00e2\u0161 v\u00e4stid meid toim\u00e2ku\u00e1vlu kield\u00e2i meccijotol\u00e2hlaav\u00e2 mi\u00e4ld\u00e1sij moottorki\u00e4lkk\u00e1ki\u00e4inui ki\u00e4inuvu\u00e1v\u00e1\u00e1mij tuhhitmist sehe ki\u00e4inui kosk\u00e2pudd\u00e2sijn t\u00e2i ucc\u00e2 sirdemijn.<\/p>\n\n\n\n<p>Meccijotoluv kocem\u00e2n loht\u00e2seijee aa\u0161ijn oht\u00e2vuot\u00e2v\u00e4ldimijd kalga \u010dujotti\u0111 <a href=\"https:\/\/www.poliisi.fi\/lappi\/yhteystiedot\" target=\"_blank\" rel=\"noreferrer noopener\"><mark style=\"background-color:rgba(0, 0, 0, 0);color:#3c1cc0\" class=\"has-inline-color\">Laapi poolisl\u00e1j\u00e1d\u00e2s\u00e2n<\/mark><\/a>\u00a0teik\u00e2 staat\u00e2 eenn\u00e2m- j\u00e1 \u010d\u00e4ciku\u00e1vlui u\u00e1sild <a href=\"https:\/\/www.eraluvat.fi\/erapalvelut\/eravalvonta.htm\"><mark style=\"background-color:rgba(0, 0, 0, 0);color:#3c1cc0\" class=\"has-inline-color\">Meccihald\u00e2tt\u00e2s meccipivdokocem\u00e2n<\/mark><\/a>.<\/p>\n<\/div>\n\n\n\n<hr class=\"wp-block-separator has-css-opacity\" style=\"margin-top:2em;margin-bottom:4em\"\/>\n<\/div>\n\n\n\n<div class=\"wp-block-group is-layout-flow wp-block-group-is-layout-flow\">\n<h2 class=\"wp-block-heading\">\u010c\u00e4cijotol\u00e2hlaah\u00e2<\/h2>\n\n\n\n<div class=\"wp-block-group has-alys-trans-red-background-color has-background has-global-padding is-layout-constrained wp-container-core-group-is-layout-3 wp-block-group-is-layout-constrained\" style=\"border-radius:1.75em;margin-top:1em;margin-bottom:1em;padding-top:2em;padding-right:1em;padding-bottom:2em;padding-left:1em\">\n<p>\u010c\u00e4cijotol\u00e2hlaav\u00e2 mield moottoristum \u010d\u00e4cifi\u00e4vroin t\u00e1b\u00e1htuvvee ki\u0161toi, h\u00e1rjutt\u00e2s\u00e2i t\u00e2i eres t\u00e1b\u00e1htus\u00e2i ki\u00e4rdulii t\u00e2i pisov\u00e2\u0161 orniim\u00e2n si\u00e4mm\u00e1\u00e1 \u010d\u00e4ciku\u00e1vlust kalga uucc\u00e2\u0111 kield\u00e2 pir\u00e2ssuoj\u00e2lemvirgeom\u00e2h\u00e1\u00e1st love. <\/p>\n\n\n\n<p>Love ij kuitt\u00e2g taarb\u00e2\u0161 taan t\u00e1rgutt\u00e2s\u00e2n sajatt\u00e2hkaavast v\u00e4ridum ku\u00e1vlun ige ku\u00e1vlun, moos lii adelum pir\u00e2ssuoj\u00e2lemlaav\u00e2st u\u00e1ivildum pir\u00e2slope. Love kalga uucc\u00e2\u0111 meid ovt\u00e2sk\u00e2s t\u00e1b\u00e1htus orniim\u00e2n, jis lii vyerdimist, ete t\u00e1b\u00e1htus toov\u00e2t merh\u00e2\u0161ittee pir\u00e2shem\u00e2d\u00e2s\u00e2id. <\/p>\n\n\n\n<p>Love pu\u00e1ht\u00e1 mie\u0111etti\u0111 tu\u0161, jis \u010d\u00e4ciku\u00e1vlu om\u00e2steijee lii adel\u00e2m toos jieij\u00e2s miett\u00e2m. Lope occoo pir\u00e2ssuoj\u00e2lemvirgeom\u00e2h\u00e1\u00e1st uucc\u00e2mlu\u00e1m\u00e1ttuvv\u00e1in, mon tun kaavnah siij\u0111o u\u00e1lgispel roobd\u00e2st.<\/p>\n<\/div>\n\n\n\n<hr class=\"wp-block-separator has-css-opacity\" style=\"margin-top:2em;margin-bottom:4em\"\/>\n<\/div>\n\n\n\n<div class=\"wp-block-group is-layout-flow wp-block-group-is-layout-flow\">\n<h2 class=\"wp-block-heading\">Olgonlih\u00e2demlaah\u00e2<\/h2>\n\n\n\n<div class=\"wp-block-group has-alys-trans-red-background-color has-background has-global-padding is-layout-constrained wp-container-core-group-is-layout-5 wp-block-group-is-layout-constrained\" style=\"border-radius:1.75em;margin-top:1em;margin-bottom:1em;padding-top:2em;padding-right:1em;padding-bottom:2em;padding-left:1em\">\n<p>Arkt\u00e2sii Laapi pir\u00e2ssuoj\u00e2lem tu\u00e1im\u00e1 olgonlih\u00e2demlaav\u00e2 mi\u00e4ld\u00e1sii leir\u00e2d\u00e2tt\u00e2msajevirgeom\u00e2h\u00e2\u017e\u017e\u00e2n toim\u00e2ku\u00e1vlustis. Leir\u00e2d\u00e2tt\u00e2msaje vu\u00e1\u0111udem r\u00e4\u00e4jist kalga majemust\u00e1\u00e1 3 mp ovdil tooim\u00e2 alg\u00e2ttem tooh\u00e2\u0111 almott\u00e2s kield\u00e2 leir\u00e2d\u00e2tt\u00e2msajevirgeom\u00e2h\u00e2\u017e\u00e2n. <\/p>\n\n\n\n<p>Almott\u00e2s pu\u00e1ht\u00e1 tooh\u00e2\u0111 rijj\u00e2h\u00e1m\u00e1s\u00e2\u017e\u017e\u00e2n. Almott\u00e2s kalga annee\u0111 sistees t\u00e1rbulijd ti\u00e4\u0111uid leir\u00e2d\u00e2tt\u00e2msaje tu\u00e1llest j\u00e1 saje sajaduv\u00e2st sehe tooim\u00e2 lu\u00e1ndust j\u00e1 vij\u0111oduv\u00e2st.<\/p>\n<\/div>\n\n\n\n<hr class=\"wp-block-separator has-css-opacity\" style=\"margin-top:2em;margin-bottom:4em\"\/>\n<\/div>\n\n\n\n<div class=\"wp-block-group is-layout-flow wp-block-group-is-layout-flow\">\n<h2 class=\"wp-block-heading\">\u010c\u00e4cilaah\u00e2<\/h2>\n\n\n\n<div class=\"wp-block-group has-alys-trans-red-background-color has-background has-global-padding is-layout-constrained wp-container-core-group-is-layout-7 wp-block-group-is-layout-constrained\" style=\"border-radius:1.75em;margin-top:1em;margin-bottom:1em;padding-top:2em;padding-right:1em;padding-bottom:2em;padding-left:1em\">\n<p>\u010c\u00e4cilaav\u00e2 mi\u00e4ld\u00e1siih \u00e4\u00e4\u0161ih kuleh i\u00e4n\u00e1\u00e1\u0161 eres virgeom\u00e2h\u00e1id. Kield\u00e2 pir\u00e2ssuoj\u00e2lemvirgeom\u00e2h\u00e1\u00e1 toim\u00e2v\u00e1\u00e1ld\u00e1n kul\u00e1 t\u00e1lutu\u00e1lu\u010d\u00e4\u00e4si ki\u00e4vtu raijim sehe aijui ku\u00e1ivum\u00e2n kyeskee \u00e4\u00e4\u0161ih, eereeb \u010d\u00e4ciku\u00e1vlu pill\u00e2\u0161uum\u00e2n kyeskee aijui ku\u00e1ivum\u00e4\u0161\u0161i sehe \u010d\u00e4citu\u00e1luhaah\u00e2 j\u00e1 aijui ku\u00e1ivumtoim\u00e2tt\u00e2s.<\/p>\n<\/div>\n\n\n\n<hr class=\"wp-block-separator has-css-opacity\" style=\"margin-top:2em;margin-bottom:4em\"\/>\n<\/div>\n<\/div>\n\n\n\n<div class=\"wp-block-column is-layout-flow wp-block-column-is-layout-flow\" style=\"flex-basis:33.33%\">\n<h3 class=\"wp-block-heading\">Asiakirjat<\/h3>\n\n\n\n<div class=\"wp-block-file links has-link-color wp-elements-c987e1ce0400330edd443b6360aa4c6e\" style=\"margin-top:1em;margin-bottom:1em\"><a href=\"https:\/\/arktisenlapinys.fi\/wp-content\/uploads\/Lupahakemus-MaastolL-30-\u00a7-tai-VesilL-106-\u00a7.pdf\" target=\"_blank\" rel=\"noreferrer noopener\">Lupahakemus maastoliikenne- tai vesiliikennelain mukaisiin kilpailuihin tai harjoituksiin (pdf)<\/a><\/div>\n\n\n\n<div class=\"wp-block-file links has-link-color wp-elements-84a425350e139f30667ad43c265fda8a\" style=\"margin-top:1em;margin-bottom:1em\"><a href=\"https:\/\/arktisenlapinys.fi\/wp-content\/uploads\/Lupahakemus-MaastolL-30-\u00a7-tai-VesilL-106-\u00a7.docx\" target=\"_blank\" rel=\"noreferrer noopener\">Lupahakemus maastoliikenne- tai vesiliikennelain mukaisiin kilpailuihin tai harjoituksiin (docx)<\/a><\/div>\n\n\n\n<h3 class=\"wp-block-heading links\" style=\"margin-top:1em;margin-bottom:1em\">Linkit<\/h3>\n\n\n\n<p class=\"links\" style=\"margin-top:1em;margin-bottom:1em\"><a href=\"https:\/\/www.finlex.fi\/fi\/laki\/ajantasa\/1995\/19951710\">Maastoliikennelaki (1710\/1995)<\/a><\/p>\n\n\n\n<p class=\"links\" style=\"margin-top:1em;margin-bottom:1em\"><a href=\"https:\/\/www.finlex.fi\/fi\/laki\/ajantasa\/2019\/20190782\">Vesiliikennelaki (782\/2019)<\/a><\/p>\n\n\n\n<p class=\"links\" style=\"margin-top:1em;margin-bottom:1em\"><a href=\"https:\/\/www.finlex.fi\/fi\/laki\/ajantasa\/1973\/19730606\">Ulkoilulaki (606\/1973)<\/a><\/p>\n\n\n\n<p class=\"links\" style=\"margin-top:1em;margin-bottom:1em\"><a href=\"https:\/\/www.finlex.fi\/fi\/laki\/ajantasa\/2011\/20110587\">Vesilaki (587\/2011)<\/a><\/p>\n<\/div>\n<\/div>\n<\/div>\n","protected":false},"excerpt":{"rendered":"<p>Meccijotol\u00e2hlaah\u00e2 Meccijotol\u00e2hlaav\u00e2 mield moottorfi\u00e4vroin t\u00e1b\u00e1htuvvee ki\u0161toi j\u00e1 h\u00e1rjutt\u00e2s\u00e2i ki\u00e4rdulii t\u00e2i pisov\u00e2\u0161 orniim\u00e2n si\u00e4mm\u00e1\u00e1 en\u00e2duv\u00e2st kalga uucc\u00e2\u0111 kield\u00e2 pir\u00e2ssuoj\u00e2lemvirgeom\u00e2h\u00e1\u00e1 love. Love ij kuitt\u00e2g taarb\u00e2\u0161 taan t\u00e1rgutt\u00e2s\u00e2n sajatt\u00e2hkaavast v\u00e4ridum ku\u00e1vlun ige ku\u00e1vlun, moos lii adelum pir\u00e2ssuoj\u00e2lemlaav\u00e2st u\u00e1ivildum pir\u00e2slope. En\u00e2duvv\u00e1in u\u00e1ivilduvvoo eenn\u00e2mku\u00e1vlu sehe jie\u014b\u00e2 lu\u00e1vdim \u010d\u00e4ciku\u00e1vlu. Meid ovt\u00e2sk\u00e2s t\u00e1b\u00e1htus orniim\u00e2n kalga uucc\u00e2\u0111 love, jis lii vyerdimist, ete t\u00e1b\u00e1htus [&hellip;]<\/p>\n","protected":false},"author":1,"featured_media":1664,"parent":0,"menu_order":0,"comment_status":"closed","ping_status":"closed","template":"","meta":{"footnotes":""},"class_list":["post-1778","page","type-page","status-publish","has-post-thumbnail","hentry"],"_links":{"self":[{"href":"https:\/\/arktisenlapinys.fi\/smn-fi\/wp-json\/wp\/v2\/pages\/1778","targetHints":{"allow":["GET"]}}],"collection":[{"href":"https:\/\/arktisenlapinys.fi\/smn-fi\/wp-json\/wp\/v2\/pages"}],"about":[{"href":"https:\/\/arktisenlapinys.fi\/smn-fi\/wp-json\/wp\/v2\/types\/page"}],"author":[{"embeddable":true,"href":"https:\/\/arktisenlapinys.fi\/smn-fi\/wp-json\/wp\/v2\/users\/1"}],"replies":[{"embeddable":true,"href":"https:\/\/arktisenlapinys.fi\/smn-fi\/wp-json\/wp\/v2\/comments?post=1778"}],"version-history":[{"count":5,"href":"https:\/\/arktisenlapinys.fi\/smn-fi\/wp-json\/wp\/v2\/pages\/1778\/revisions"}],"predecessor-version":[{"id":2438,"href":"https:\/\/arktisenlapinys.fi\/smn-fi\/wp-json\/wp\/v2\/pages\/1778\/revisions\/2438"}],"wp:featuredmedia":[{"embeddable":true,"href":"https:\/\/arktisenlapinys.fi\/smn-fi\/wp-json\/wp\/v2\/media\/1664"}],"wp:attachment":[{"href":"https:\/\/arktisenlapinys.fi\/smn-fi\/wp-json\/wp\/v2\/media?parent=1778"}],"curies":[{"name":"wp","href":"https:\/\/api.w.org\/{rel}","templated":true}]}}