{"id":1759,"date":"2020-03-11T08:29:07","date_gmt":"2020-03-11T06:29:07","guid":{"rendered":"https:\/\/arktisenlapinys.fi\/?page_id=1759"},"modified":"2024-09-23T13:55:46","modified_gmt":"2024-09-23T10:55:46","slug":"piadguiaassam-pasattascaasih","status":"publish","type":"page","link":"https:\/\/arktisenlapinys.fi\/smn-fi\/piadguiaassam-pasattascaasih\/","title":{"rendered":"Pi\u00e4\u0111guiaass\u00e2m pas\u00e2tt\u00e2s\u010d\u00e4\u00e4sih"},"content":{"rendered":"\n<div class=\"wp-block-group has-global-padding is-layout-constrained wp-block-group-is-layout-constrained\">\n<div class=\"wp-block-columns is-layout-flex wp-container-core-columns-is-layout-1 wp-block-columns-is-layout-flex\">\n<div class=\"wp-block-column is-layout-flow wp-block-column-is-layout-flow\" style=\"flex-basis:66.66%\">\n<div class=\"wp-block-group is-layout-flow wp-block-group-is-layout-flow\">\n<h2 class=\"wp-block-heading\">Pi\u00e4\u0111guiaass\u00e2m pas\u00e2tt\u00e2s\u010daasij kie\u0111\u00e2vu\u0161\u0161\u00e2m<\/h2>\n\n\n\n<div class=\"wp-block-group has-alys-trans-red-background-color has-background has-global-padding is-layout-constrained wp-container-core-group-is-layout-1 wp-block-group-is-layout-constrained\" style=\"border-radius:1.75em;margin-top:1em;margin-bottom:1em;padding-top:2em;padding-right:1em;padding-bottom:2em;padding-left:1em\">\n<p>Pi\u00e4\u0111guiaass\u00e2m pas\u00e2tt\u00e2s\u010dassijn u\u00e1ivilduvvojeh pas\u00e2tt\u00e2s\u010d\u00e4civi\u00e4rm\u00e1duv\u00e2i ulguubeln orroo ku\u00e1vlui t\u00e1lutu\u00e1lupas\u00e2tt\u00e2s\u010d\u00e4\u00e4sih. Pas\u00e2tt\u00e2s\u010daasijd kalga tu\u00e1lvu\u0111 j\u00e1 kie\u0111\u00e2vu\u0161\u0161\u00e2\u0111 tienuuvt, ete tain ij \u0161ood\u00e2 uhke pirr\u00e2s pilledm\u00e2n. Kiddoduv om\u00e2steijee v\u00e4stid ain tast, ete kiddoduv\u00e2st lii t\u00e1lutu\u00e1lupas\u00e2tt\u00e2s\u010daasij kie\u0111\u00e2vu\u0161\u0161\u00e2m v\u00e1r\u00e1s hi\u00e4ivul\u00e2\u0161 pas\u00e2tt\u00e2s\u010daasij kie\u0111\u00e2vu\u0161\u0161\u00e2mvu\u00e1h\u00e1d\u00e2h.<\/p>\n\n\n\n<p>Riddo- j\u00e1 ponne\u010d\u00e4ciku\u00e1vluin orroo kiddoduv\u00e2in kalga le\u0111e pir\u00e2ssuoj\u00e2lemlaav\u00e2st mi\u00e4ru\u0161t\u00e2llum vu\u00e1\u0111ut\u00e4\u00e4si putestemv\u00e1t\u00e1m\u00e2\u0161\u00e2i mi\u00e4ld\u00e1s\u00e2\u0161 pas\u00e2tt\u00e2s\u010daasij kie\u0111\u00e2vu\u0161\u0161\u00e2mvu\u00e1h\u00e1d\u00e2h. Putestemt\u00e1\u00e1s\u00e1n kyeskee v\u00e1t\u00e1m\u00e2\u0161 nu\u00e1vditmist luov\u00e2neh automaatl\u00e1vt uc\u00e2mu\u0161tt\u00e1\u00e1 kiddoduv om\u00e2steijeeh, ki\u00e4h l\u00e1\u00e1 \u0161odd\u00e2m ovdil 9.3.1943.<\/p>\n\n\n\n<p>Love spiek\u00e2sti\u0111 vu\u00e1\u0111ut\u00e4\u00e4si putestemv\u00e1t\u00e1m\u00e2\u0161\u00e2in lii m\u00e1h\u0111ul\u00e2\u0161 uucc\u00e2\u0111, jis t\u00e1rbul\u00e2\u0161 investistem li\u010dij kiddoduv hald\u00e2\u0161eijei merettes styeres. Spiek\u00e2stem pu\u00e1ht\u00e1 mie\u0111etti\u0111 sehe fast\u00e2 assum kiddod\u00e2h\u00e2n j\u00e1 asto\u00e4\u00e4igi kiddod\u00e2h\u00e2n. Spiek\u00e2stem mie\u0111ettuvvoo en\u00e2must\u00e1\u00e1 vii\u0111\u00e2 ih\u00e1n h\u00e4\u00e4vild.<\/p>\n<\/div>\n\n\n\n<hr class=\"wp-block-separator has-alpha-channel-opacity\" style=\"margin-top:2em;margin-bottom:4em\"\/>\n<\/div>\n\n\n\n<div class=\"wp-block-group is-layout-flow wp-block-group-is-layout-flow\">\n<h2 class=\"wp-block-heading\">\u010c\u00e4cihuol\u00e2tt\u00e2slaah\u00e2<\/h2>\n\n\n\n<div class=\"wp-block-group has-alys-trans-red-background-color has-background has-global-padding is-layout-constrained wp-container-core-group-is-layout-5 wp-block-group-is-layout-constrained\" style=\"border-radius:1.75em;margin-top:1em;margin-bottom:1em;padding-top:2em;padding-right:1em;padding-bottom:2em;padding-left:1em\">\n<p>\u010c\u00e4cihuol\u00e2tt\u00e2slaav\u00e2 (119\/2001) ulmen lii turvi\u0111 taggaar \u010d\u00e4cihuol\u00e2tt\u00e2s, ete ku\u00e1htulij koloiguin lii finniimist tu\u00e1rvi tierv\u00e2sl\u00e2\u0161 j\u00e1 mudoi-uv pyeri t\u00e1lutu\u00e1lu\u010d\u00e4\u00e4ci sehe tierv\u00e2svuo\u0111\u00e2- j\u00e1 pir\u00e2ssuoj\u00e2lem t\u00e1\u00e1hust \u00e4\u00e4\u0161imi\u00e4ld\u00e1s\u00e2\u0161 pas\u00e2tt\u00e2s\u010d\u00e4citu\u00e1lvoo.<\/p>\n\n\n\n<div class=\"wp-block-group has-global-padding is-layout-constrained wp-block-group-is-layout-constrained\">\n<p style=\"margin-top:2em;margin-bottom:0em;padding-top:1em;padding-right:1em;padding-bottom:1em;padding-left:1em\">\u010cu\u00e1kkip\u00e4\u00e4ihi ulguubeln kiddoduv ij taarb\u00e2\u0161 lahte\u0111 \u010d\u00e4cihuol\u00e2tt\u00e2sl\u00e1j\u00e1d\u00e2s \u010d\u00e4cipoccei, jis:<\/p>\n\n\n\n<ol style=\"margin-top:0em;margin-bottom:0em;padding-top:0;padding-right:2em;padding-bottom:1em;padding-left:4em\" class=\"wp-block-list\">\n<li>kiddoduv \u010d\u00e4cihuol\u00e2tt\u00e2srustigeh l\u00e1\u00e1 rahtum ovdil \u010d\u00e4cihuol\u00e2tt\u00e2sl\u00e1j\u00e1d\u00e2s toim\u00e2ku\u00e1vlu tuhhiittem; j\u00e1<\/li>\n\n\n\n<li>kiddoduv\u00e2st lii kevttimn\u00e1\u00e1l tu\u00e1rvi t\u00e1lutu\u00e1lu\u010d\u00e4\u00e4ci, mii ti\u00e4vd\u00e1 tierv\u00e2svuo\u0111\u00e2suoj\u00e2lemlaav\u00e2st as\u00e2ttum kvaliteetv\u00e1t\u00e1m\u00e2\u0161\u00e2id.<\/li>\n<\/ol>\n<\/div>\n\n\n\n<div class=\"wp-block-group has-global-padding is-layout-constrained wp-block-group-is-layout-constrained\">\n<p style=\"margin-top:2em;margin-bottom:0em;padding-top:1em;padding-right:1em;padding-bottom:1em;padding-left:1em\">\u010cu\u00e1kkip\u00e4\u00e4ihi ulguubeln kiddoduv ij taarb\u00e2\u0161 lahte\u0111 \u010d\u00e4cihuol\u00e2tt\u00e2sl\u00e1j\u00e1d\u00e2s pas\u00e2tt\u00e2s\u010d\u00e4citu\u00e1lvoi, jis:<\/p>\n\n\n\n<ol style=\"margin-top:0em;margin-bottom:0em;padding-top:0;padding-right:2em;padding-bottom:1em;padding-left:4em\" class=\"wp-block-list\">\n<li>kiddoduv \u010d\u00e4cihuol\u00e2tt\u00e2srustigeh l\u00e1\u00e1 rahtum ovdil \u010d\u00e4cihuol\u00e2tt\u00e2sl\u00e1j\u00e1d\u00e2s toim\u00e2ku\u00e1vlu tuhhiittem j\u00e1 pas\u00e2tt\u00e2s\u010daasij tu\u00e1lvumist j\u00e1 kie\u0111\u00e2vu\u0161mist nu\u00e1vditteh, mii pir\u00e2ssuoj\u00e2lemlaav\u00e2st (527\/2014) as\u00e2ttuvvoo; teik\u00e2<\/li>\n\n\n\n<li>kiddoduv\u00e2st ij lah \u010d\u00e4cihiivsig j\u00e1 ton pas\u00e2tt\u00e2s\u010daasij tu\u00e1lvumist j\u00e1 kie\u0111\u00e2vu\u0161mist nu\u00e1vditteh, mii pir\u00e2ssuoj\u00e2lemlaav\u00e2st as\u00e2ttuvvoo.<\/li>\n<\/ol>\n<\/div>\n\n\n\n<p>Eres t\u00e1b\u00e1htus\u00e2st kield\u00e2 pir\u00e2ssuoj\u00e2lemvirgeom\u00e2h\u00e1\u00e1st pu\u00e1ht\u00e1 uucc\u00e2\u0111 luov\u00e2smittem pas\u00e2tt\u00e2s\u010d\u00e4citu\u00e1lvoi j\u00e1 \u010d\u00e4cipoccei lohtuumist. I\u00e4htun \u010d\u00e4cipoccei lahtemkenig\u00e2svuo\u0111\u00e2st luov\u00e2smitm\u00e2n lii, ete kiddoduv\u00e2st lii kevttimn\u00e1\u00e1l tu\u00e1rvi t\u00e1lutu\u00e1lu\u010d\u00e4\u00e4ci, mii ti\u00e4vd\u00e1 v\u00e1t\u00e1m\u00e2\u0161\u00e2id. <\/p>\n\n\n\n<p>L\u00e4htun pas\u00e2tt\u00e2s\u010d\u00e4citu\u00e1lvoi lahtemkenig\u00e2svuo\u0111\u00e2st luov\u00e2smitm\u00e2n lii eereeb i\u00e4rr\u00e1s, ete pyehtih orni\u0111 kiddoduv pas\u00e2tt\u00e2s\u010daasij tu\u00e1lvum j\u00e1 kie\u0111\u00e2vu\u0161\u0161\u00e2m pir\u00e2ssuoj\u00e2lemlaav\u00e2st as\u00e2ttum v\u00e1t\u00e1m\u00e2\u0161\u00e2i mield.<\/p>\n<\/div>\n<\/div>\n<\/div>\n\n\n\n<div class=\"wp-block-column is-layout-flow wp-block-column-is-layout-flow\" style=\"flex-basis:33.33%\">\n<h3 class=\"wp-block-heading links\">Asiakirjat<\/h3>\n\n\n\n<div class=\"wp-block-file\"><a href=\"https:\/\/arktisenlapinys.fi\/wp-content\/uploads\/Poikkeamiskaavake-j\u00e4tevesien-k\u00e4sittelyst\u00e4.pdf\">Poikkeamiskaavake j\u00e4tevesien k\u00e4sittelyst\u00e4 (pdf)<\/a><\/div>\n\n\n\n<div class=\"wp-block-file\"><a href=\"https:\/\/arktisenlapinys.fi\/wp-content\/uploads\/Liite-2-Selvitys-j\u00e4tevesij\u00e4rjestelm\u00e4st\u00e4.pdf\">Liite 2: Selvitys j\u00e4tevesij\u00e4rjestelm\u00e4st\u00e4 (pdf)<\/a><\/div>\n\n\n\n<div class=\"wp-block-file\"><a href=\"https:\/\/arktisenlapinys.fi\/wp-content\/uploads\/Liite-3A_J\u00e4tevesien-v\u00e4h\u00e4isyys.pdf\">Liite 3A: J\u00e4tevesien v\u00e4h\u00e4isys (pdf)<\/a><\/div>\n\n\n\n<div class=\"wp-block-file\"><a href=\"https:\/\/arktisenlapinys.fi\/wp-content\/uploads\/Liite-3B_Liitt\u00e4minen-viem\u00e4riverkkoon.pdf\">Liite 3B: Liitt\u00e4minen viem\u00e4riverkkoon (pdf)<\/a><\/div>\n\n\n\n<div class=\"wp-block-file\"><a href=\"https:\/\/arktisenlapinys.fi\/wp-content\/uploads\/Liite-3C_-Kiinteist\u00f6n-haltijan-korkea-ik\u00e4-ja-muut-el\u00e4m\u00e4ntilanteet.pdf\">Liite 3C: Kiinteist\u00f6n haltijan korkea ik\u00e4 ja muut el\u00e4m\u00e4ntilanteet (pdf)<\/a><\/div>\n\n\n\n<div class=\"wp-block-file\"><a href=\"https:\/\/arktisenlapinys.fi\/wp-content\/uploads\/Liite-3D_Varallisuus_muu-suorituseste.pdf\">Liite 3D: Varallisuus muu suorituseste (pdf)<\/a><\/div>\n\n\n\n<h3 class=\"wp-block-heading\">Linkit<\/h3>\n\n\n\n<p class=\"links\" style=\"margin-top:1em;margin-bottom:1em\"><a href=\"https:\/\/www.finlex.fi\/fi\/laki\/ajantasa\/2014\/20140527\">Ymp\u00e4rist\u00f6nsuojelulaki (527\/2014)<\/a><\/p>\n\n\n\n<p class=\"links\" style=\"margin-top:1em;margin-bottom:1em\"><a href=\"https:\/\/finlex.fi\/fi\/laki\/ajantasa\/2017\/20170157\">Valtioneuvoston asetus talousj\u00e4tevesien k\u00e4sittelyst\u00e4 viem\u00e4riverkostojen ulkopuolisilla alueilla (157\/2017)<\/a><\/p>\n\n\n\n<p class=\"links\" style=\"margin-top:1em;margin-bottom:1em\"><a href=\"https:\/\/finlex.fi\/fi\/laki\/ajantasa\/2001\/20010119\">Vesihuoltolaki (119\/2001)<\/a><\/p>\n\n\n\n<p class=\"links\" style=\"margin-top:1em;margin-bottom:1em\"><a href=\"http:\/\/www.sodankyla.fi\/asuminen\/Pages\/Rakennusvalvonta.aspx\">Sodankyl\u00e4n rakennusvalvonta<\/a><\/p>\n\n\n\n<p class=\"links\" style=\"margin-top:1em;margin-bottom:1em\"><a href=\"https:\/\/www.inari.fi\/fi\/palvelut\/tekniset-palvelut\/rakennusvalvonta.html\">Inarin rakennusvalvonta<\/a><\/p>\n\n\n\n<p class=\"links\" style=\"margin-top:1em;margin-bottom:1em\"><a href=\"https:\/\/www.muonio.fi\/elinvoima\/elinvoimapalvelut\/rakennusvalvonta.html\">Muonion rakennusvalvonta<\/a><\/p>\n\n\n\n<p class=\"links\" style=\"margin-top:1em;margin-bottom:1em\"><a href=\"https:\/\/enontekio.fi\/asuminen-ja-ymparisto\/rakennusvalvonta\/\">Enonteki\u00f6n rakennusvalvonta<\/a><\/p>\n\n\n\n<p class=\"links\" style=\"margin-top:1em;margin-bottom:1em\"><a href=\"https:\/\/www.utsjoki.fi\/asuminen-ja-ymparisto-2\/rakennusvalvonta\/\">Utsjoen rakennusvalvonta<\/a><\/p>\n<\/div>\n<\/div>\n<\/div>\n","protected":false},"excerpt":{"rendered":"<p>Pi\u00e4\u0111guiaass\u00e2m pas\u00e2tt\u00e2s\u010daasij kie\u0111\u00e2vu\u0161\u0161\u00e2m Pi\u00e4\u0111guiaass\u00e2m pas\u00e2tt\u00e2s\u010dassijn u\u00e1ivilduvvojeh pas\u00e2tt\u00e2s\u010d\u00e4civi\u00e4rm\u00e1duv\u00e2i ulguubeln orroo ku\u00e1vlui t\u00e1lutu\u00e1lupas\u00e2tt\u00e2s\u010d\u00e4\u00e4sih. Pas\u00e2tt\u00e2s\u010daasijd kalga tu\u00e1lvu\u0111 j\u00e1 kie\u0111\u00e2vu\u0161\u0161\u00e2\u0111 tienuuvt, ete tain ij \u0161ood\u00e2 uhke pirr\u00e2s pilledm\u00e2n. Kiddoduv om\u00e2steijee v\u00e4stid ain tast, ete kiddoduv\u00e2st lii t\u00e1lutu\u00e1lupas\u00e2tt\u00e2s\u010daasij kie\u0111\u00e2vu\u0161\u0161\u00e2m v\u00e1r\u00e1s hi\u00e4ivul\u00e2\u0161 pas\u00e2tt\u00e2s\u010daasij kie\u0111\u00e2vu\u0161\u0161\u00e2mvu\u00e1h\u00e1d\u00e2h. Riddo- j\u00e1 ponne\u010d\u00e4ciku\u00e1vluin orroo kiddoduv\u00e2in kalga le\u0111e pir\u00e2ssuoj\u00e2lemlaav\u00e2st mi\u00e4ru\u0161t\u00e2llum vu\u00e1\u0111ut\u00e4\u00e4si putestemv\u00e1t\u00e1m\u00e2\u0161\u00e2i mi\u00e4ld\u00e1s\u00e2\u0161 pas\u00e2tt\u00e2s\u010daasij kie\u0111\u00e2vu\u0161\u0161\u00e2mvu\u00e1h\u00e1d\u00e2h. Putestemt\u00e1\u00e1s\u00e1n kyeskee v\u00e1t\u00e1m\u00e2\u0161 [&hellip;]<\/p>\n","protected":false},"author":1,"featured_media":1622,"parent":0,"menu_order":0,"comment_status":"closed","ping_status":"closed","template":"","meta":{"footnotes":""},"class_list":["post-1759","page","type-page","status-publish","has-post-thumbnail","hentry"],"_links":{"self":[{"href":"https:\/\/arktisenlapinys.fi\/smn-fi\/wp-json\/wp\/v2\/pages\/1759","targetHints":{"allow":["GET"]}}],"collection":[{"href":"https:\/\/arktisenlapinys.fi\/smn-fi\/wp-json\/wp\/v2\/pages"}],"about":[{"href":"https:\/\/arktisenlapinys.fi\/smn-fi\/wp-json\/wp\/v2\/types\/page"}],"author":[{"embeddable":true,"href":"https:\/\/arktisenlapinys.fi\/smn-fi\/wp-json\/wp\/v2\/users\/1"}],"replies":[{"embeddable":true,"href":"https:\/\/arktisenlapinys.fi\/smn-fi\/wp-json\/wp\/v2\/comments?post=1759"}],"version-history":[{"count":2,"href":"https:\/\/arktisenlapinys.fi\/smn-fi\/wp-json\/wp\/v2\/pages\/1759\/revisions"}],"predecessor-version":[{"id":1761,"href":"https:\/\/arktisenlapinys.fi\/smn-fi\/wp-json\/wp\/v2\/pages\/1759\/revisions\/1761"}],"wp:featuredmedia":[{"embeddable":true,"href":"https:\/\/arktisenlapinys.fi\/smn-fi\/wp-json\/wp\/v2\/media\/1622"}],"wp:attachment":[{"href":"https:\/\/arktisenlapinys.fi\/smn-fi\/wp-json\/wp\/v2\/media?parent=1759"}],"curies":[{"name":"wp","href":"https:\/\/api.w.org\/{rel}","templated":true}]}}