{"id":1908,"date":"2024-09-20T11:41:32","date_gmt":"2024-09-20T08:41:32","guid":{"rendered":"https:\/\/arktisenlapinys.fi\/?page_id=1908"},"modified":"2024-10-08T09:22:53","modified_gmt":"2024-10-08T06:22:53","slug":"olahahttivuodacilgehus","status":"publish","type":"page","link":"https:\/\/arktisenlapinys.fi\/se-fi\/olahahttivuodacilgehus\/","title":{"rendered":"Olahahttivuo\u0111a\u010dilgehus"},"content":{"rendered":"\n<div class=\"wp-block-group is-layout-flow wp-block-group-is-layout-flow\" style=\"margin-top:2em;margin-bottom:2em\">\n<h1 class=\"wp-block-heading\"><strong>Olahahttivuo\u0111a\u010dilgehus<\/strong><\/h1>\n\n\n\n<div class=\"wp-block-group has-alys-trans-red-background-color has-background has-global-padding is-layout-constrained wp-container-core-group-is-layout-1 wp-block-group-is-layout-constrained\" style=\"border-radius:1.75em;margin-top:1em;margin-bottom:1em;padding-top:2em;padding-right:1em;padding-bottom:2em;padding-left:1em\">\n<p>D\u00e1t olahahttivuo\u0111a\u010dilgehus guosk\u00e1 b\u00e1lvalusa www.arktisenlapinys.fi ja lea r\u00e1hkaduvvon 30.9.2024. D\u00e1n b\u00e1lvalusa guosk\u00e1 l\u00e1hka digit\u00e1la b\u00e1lvalusaid f\u00e1llamis, mas g\u00e1ibiduvvo, ahte almmola\u0161 neahttab\u00e1lvalusat galget leat olahahttit. Mii leat \u00e1rvvo\u0161tallan b\u00e1lvalusa olahahttivuo\u0111a ie\u017ea.<\/p>\n\n\n\n<p>Digit\u00e1la b\u00e1lvalusa olahahttivuo\u0111a dilli<\/p>\n\n\n\n<p>Olahahttivuo\u0111ag\u00e1ib\u00e1dusat olla\u0161uvvet belohahkii.<\/p>\n\n\n\n<p>Ii olahahtti sisdoallu<\/p>\n\n\n\n<p>Neahttasiiddut eai leat vel\u00e1 oll\u00e1sit g\u00e1ib\u00e1dusaid mielde<\/p>\n\n\n\n<p>\u00c1\u0161\u0161egirjjit ja skovit: \u00c1rktala\u0161 Lappi birassuodjalanguovllu ruovttusiidduin leat \u010duovusvuorkk\u00e1t (pdf, doc, docx),main buot eai leat olahahttit. Neahttasiidduin leat maid pdf-skovit, mat buot eai leat olahahttit. Skoviid ja \u00e1\u0161\u0161egirjjiid boahtit beaiv\u00e1dit nu ahte dat v\u00e1stidit olahahttivuo\u0111ag\u00e1ib\u00e1dusaid. Olahahttivuo\u0111ag\u00e1ib\u00e1dusat mat eai olla\u0161uva: 1.4.5 Govat, main lea teaksta ja 1.1.1. Govat, main ii leat teaskta<\/p>\n\n\n\n<p>Fuom\u00e1\u0161itgo olahahttivuo\u0111av\u00e1ilevuo\u0111a digit\u00e1la b\u00e1lvalusasteamet? Muital dan midjiide de mii buoremus l\u00e1gi mielde divvut v\u00e1ilevuo\u0111a.<\/p>\n\n\n\n<p>Atte olahahttivuo\u0111as m\u00e1hcahaga \u0161lea\u0111gaboasttain s\u00e1ddemiin \u0161lea\u0111gaboastta \u010dujuhussii: kirjaamo@sodankyla.fi. D\u00e1rkk\u00e1lnuhte m\u00e1hcahusastat ahte ga\u017ealdagas lea www.arktisenlapinys.fi -siiddut.<\/p>\n\n\n\n<p>Bearr\u00e1igeah\u010d\u010di eisev\u00e1ldi<\/p>\n\n\n\n<p>Jos fuom\u00e1\u0161at ahte siidduin leat olahahttiv\u00e1ttisvuo\u0111at, atte vuos m\u00e1hcahaga midjiide dahjege siidduid baj\u00e1sdoall\u00e1i. V\u00e1st\u00e1dusas s\u00e1htt\u00e1 gollat 14 beaivvi. Jos it leat du\u0111ava\u0161 du o\u017e\u017eon v\u00e1st\u00e1dussii dahje it oa\u010d\u010do v\u00e1st\u00e1dusa ollege guovtti vahku siste, s\u00e1ht\u00e1t dahkat almmuhusa M\u00e1tta-Suoma guovlluh\u00e1lddahusdoaimmahahkii. M\u00e1tta-Suoma guovlluh\u00e1lddahusdoaimmahaga siidduin muitaluvvo d\u00e1rkilit, mo s\u00e1ht\u00e1t dahkat almmuhusa ja mo \u00e1\u0161\u0161i gie\u0111ahallo.<\/p>\n\n\n\n<p>Bearr\u00e1igeah\u010d\u010di eisev\u00e1lddi oktavuohtadie\u0111ut<\/p>\n\n\n\n<p>M\u00e1tta-Suoma guovlluh\u00e1lddahusdoaimmahaga<br>Olahahttivuo\u0111a bearr\u00e1igeah\u010du ovttadat<br>www.saavutettavuusvaatimukset.fi<br>saavutettavuus(at)avi.fi<br>telefonnummir guovdd\u00e1\u0161 0295 016 000<\/p>\n<\/div>\n\n\n\n<hr class=\"wp-block-separator has-alpha-channel-opacity\" style=\"margin-top:2em;margin-bottom:4em\"\/>\n<\/div>\n","protected":false},"excerpt":{"rendered":"<p>Olahahttivuo\u0111a\u010dilgehus D\u00e1t olahahttivuo\u0111a\u010dilgehus guosk\u00e1 b\u00e1lvalusa www.arktisenlapinys.fi ja lea r\u00e1hkaduvvon 30.9.2024. D\u00e1n b\u00e1lvalusa guosk\u00e1 l\u00e1hka digit\u00e1la b\u00e1lvalusaid f\u00e1llamis, mas g\u00e1ibiduvvo, ahte almmola\u0161 neahttab\u00e1lvalusat galget leat olahahttit. Mii leat \u00e1rvvo\u0161tallan b\u00e1lvalusa olahahttivuo\u0111a ie\u017ea. Digit\u00e1la b\u00e1lvalusa olahahttivuo\u0111a dilli Olahahttivuo\u0111ag\u00e1ib\u00e1dusat olla\u0161uvvet belohahkii. Ii olahahtti sisdoallu Neahttasiiddut eai leat vel\u00e1 oll\u00e1sit g\u00e1ib\u00e1dusaid mielde \u00c1\u0161\u0161egirjjit ja skovit: \u00c1rktala\u0161 Lappi birassuodjalanguovllu ruovttusiidduin [&hellip;]<\/p>\n","protected":false},"author":1,"featured_media":0,"parent":0,"menu_order":0,"comment_status":"closed","ping_status":"closed","template":"no-title","meta":{"footnotes":""},"class_list":["post-1908","page","type-page","status-publish","hentry"],"_links":{"self":[{"href":"https:\/\/arktisenlapinys.fi\/se-fi\/wp-json\/wp\/v2\/pages\/1908","targetHints":{"allow":["GET"]}}],"collection":[{"href":"https:\/\/arktisenlapinys.fi\/se-fi\/wp-json\/wp\/v2\/pages"}],"about":[{"href":"https:\/\/arktisenlapinys.fi\/se-fi\/wp-json\/wp\/v2\/types\/page"}],"author":[{"embeddable":true,"href":"https:\/\/arktisenlapinys.fi\/se-fi\/wp-json\/wp\/v2\/users\/1"}],"replies":[{"embeddable":true,"href":"https:\/\/arktisenlapinys.fi\/se-fi\/wp-json\/wp\/v2\/comments?post=1908"}],"version-history":[{"count":3,"href":"https:\/\/arktisenlapinys.fi\/se-fi\/wp-json\/wp\/v2\/pages\/1908\/revisions"}],"predecessor-version":[{"id":1912,"href":"https:\/\/arktisenlapinys.fi\/se-fi\/wp-json\/wp\/v2\/pages\/1908\/revisions\/1912"}],"wp:attachment":[{"href":"https:\/\/arktisenlapinys.fi\/se-fi\/wp-json\/wp\/v2\/media?parent=1908"}],"curies":[{"name":"wp","href":"https:\/\/api.w.org\/{rel}","templated":true}]}}