{"id":1869,"date":"2020-03-11T08:29:40","date_gmt":"2020-03-11T06:29:40","guid":{"rendered":"https:\/\/arktisenlapinys.fi\/?page_id=1869"},"modified":"2026-04-14T11:21:52","modified_gmt":"2026-04-14T08:21:52","slug":"oktavuodadiedut","status":"publish","type":"page","link":"https:\/\/arktisenlapinys.fi\/se-fi\/oktavuodadiedut\/","title":{"rendered":"Oktavuo\u0111adie\u0111ut"},"content":{"rendered":"\n<div class=\"wp-block-group has-global-padding is-layout-constrained wp-block-group-is-layout-constrained\">\n<h2 class=\"wp-block-heading\">\u00c1rktala\u0161 Lappi birassuodjaleami oktavuo\u0111adie\u0111ut ja bargoveahka<\/h2>\n\n\n\n<div class=\"wp-block-group has-global-padding is-layout-constrained wp-block-group-is-layout-constrained\" style=\"margin-top:2em;margin-bottom:2em\">\n<h2 class=\"wp-block-heading has-medium-font-size\"><strong>Lohpeohcamu\u0161at, cealk\u00e1mu\u0161bivdagat ja ear\u00e1 virgg\u00e1la\u0161 \u00e1\u0161\u0161eb\u00e1hp\u00e1rat:<\/strong><\/h2>\n\n\n\n<ul class=\"wp-block-list list-style-none\">\n<li>kirjaamo@sodankyla.fi \/ Arktisen Lapin ymp\u00e4rist\u00f6nsuojelu, PL 60, 99601 Sodankyl\u00e4<\/li>\n<\/ul>\n\n\n\n<h2 class=\"wp-block-heading has-medium-font-size\"><strong>Hehttehusalmmuhusat, dihto\u0161tallamat, die\u0111\u00e1husat ja ear\u00e1 \u00e1\u0161\u0161it:<\/strong><\/h2>\n\n\n\n<ul class=\"wp-block-list list-style-none\">\n<li>ymparistonsuojelu@sodankyla.fi<\/li>\n<\/ul>\n\n\n\n<hr class=\"wp-block-separator has-alpha-channel-opacity\" style=\"margin-top:2em;margin-bottom:4em\"\/>\n<\/div>\n\n\n\n<div class=\"wp-block-group is-layout-flow wp-block-group-is-layout-flow\" style=\"margin-top:2em;margin-bottom:2em\">\n<ul class=\"wp-block-list list-style-none\">\n<li style=\"margin-top:1em;margin-bottom:1em\"><strong>Birashoavda Teresa Ojala<\/strong>, (tel. 040 720 5665)<\/li>\n\n\n\n<li style=\"margin-top:1em;margin-bottom:1em\"><strong>Birasd\u00e1rkkisteaddji<\/strong>, Soa\u0111egili doaibmab\u00e1iki <\/li>\n\n\n\n<li style=\"margin-top:1em;margin-bottom:1em\"><strong>Birasd\u00e1rkkisteaddji Reetta Junttila<\/strong>, Soa\u0111egili doaibmab\u00e1iki (puh. 040 186 0214)<\/li>\n\n\n\n<li style=\"margin-top:1em;margin-bottom:1em\"><strong>Biras\u00e1\u0161\u0161edovdi Tommi Maasilta<\/strong>, Soa\u0111egili doaibmab\u00e1iki (puh. 040 578 9729)<\/li>\n\n\n\n<li style=\"margin-top:1em;margin-bottom:1em\"><strong>Birasd\u00e1rkkisteaddji Petteri Hoisko<\/strong>, Avvila doaibmab\u00e1iki (puh. 040 546 3218)<\/li>\n\n\n\n<li style=\"margin-top:1em;margin-bottom:1em\"><strong>Birasd\u00e1rkkisteaddji Joonas Neuvonen<\/strong>, Muonio doaibmab\u00e1iki (puh. 040 153 5227)<\/li>\n<\/ul>\n<\/div>\n\n\n\n<p class=\"border-left has-alys-white-color has-alys-grey-background-color has-text-color has-background has-link-color wp-elements-38689462e5e7726958e342b9f9f79705\">Bargoveaga \u0161lea\u0111gapoasta\u010dujuhusat leat h\u00e1mis etunimi.sukunimi@sodankyla.fi.<\/p>\n\n\n\n<div class=\"wp-block-group has-global-padding is-layout-constrained wp-block-group-is-layout-constrained\">\n<hr class=\"wp-block-separator has-css-opacity\" style=\"margin-top:2em;margin-bottom:4em\"\/>\n\n\n\n<h3 class=\"wp-block-heading has-medium-font-size\"><strong>Uksa\u010dujuhus:<\/strong> <\/h3>\n\n\n\n<ul class=\"wp-block-list list-style-none\">\n<li>Soa\u0111egili gielddad\u00e1llu, J\u00e4\u00e4merentie 1, 99600 Soa\u0111egilli<\/li>\n\n\n\n<li>An\u00e1ra gieldda birasovttadat, Piiskuntie 2, 99800 Avvil<\/li>\n\n\n\n<li>Muonio gieldda teknihkala\u0161 doaimmahat, Puthaanrannantie 15b, 99300 Muonio<\/li>\n\n\n\n<li>Eanodaga gielddad\u00e1llu, Ounastie 165, 99400 Eanodat<\/li>\n\n\n\n<li>Eanodaga gielddad\u00e1llu, Luossa 1a, 99980 Ohcejohka<\/li>\n<\/ul>\n\n\n\n<p>Mii b\u00e1lvalit buot gielddaid doaibmab\u00e1ikkiin soahpamu\u0161a mielde. Soaba deaivvadeami birra \u00e1lot ovddalgihtii telefovnna dahje \u0161lea\u0111gapoastta bokte. Bearr\u00e1igeah\u010d\u010do\u00e1\u0161\u0161iin v\u00e1ldde oktavuo\u0111a ovdasajis ie\u017eat guovllu birasd\u00e1rkkisteaddj\u00e1i.<\/p>\n<\/div>\n\n\n\n<div class=\"wp-block-group has-global-padding is-layout-constrained wp-block-group-is-layout-constrained\" style=\"margin-top:2em;margin-bottom:2em\">\n<hr class=\"wp-block-separator has-alpha-channel-opacity\" style=\"margin-top:2em;margin-bottom:4em\"\/>\n\n\n\n<h3 class=\"wp-block-heading has-medium-font-size\"><strong>Rehket\u010d\u00e1llin\u010dujuhus:<\/strong><\/h3>\n\n\n\n<ul class=\"wp-block-list list-style-none\">\n<li>Sodankyl\u00e4n kunta&nbsp;<\/li>\n\n\n\n<li>Arktisen Lapin ymp\u00e4rist\u00f6nsuojelu<\/li>\n\n\n\n<li>003701931691<\/li>\n\n\n\n<li>PL 5016<\/li>\n\n\n\n<li>02066 DOCUSCAN<\/li>\n<\/ul>\n\n\n\n<ul class=\"wp-block-list list-style-none\">\n<li>Verkkolaskuoperaattori: CGI Suomi Oy<\/li>\n\n\n\n<li>Verkkolaskuosoite\/OVT-tunnus: 003701931691<\/li>\n\n\n\n<li>V\u00e4litt\u00e4j\u00e4n tunnus: 003703575029<\/li>\n\n\n\n<li>Viite: Ymp\u00e4rist\u00f6nsuojelu<\/li>\n<\/ul>\n<\/div>\n<\/div>\n","protected":false},"excerpt":{"rendered":"<p>\u00c1rktala\u0161 Lappi birassuodjaleami oktavuo\u0111adie\u0111ut ja bargoveahka Lohpeohcamu\u0161at, cealk\u00e1mu\u0161bivdagat ja ear\u00e1 virgg\u00e1la\u0161 \u00e1\u0161\u0161eb\u00e1hp\u00e1rat: Hehttehusalmmuhusat, dihto\u0161tallamat, die\u0111\u00e1husat ja ear\u00e1 \u00e1\u0161\u0161it: Bargoveaga \u0161lea\u0111gapoasta\u010dujuhusat leat h\u00e1mis etunimi.sukunimi@sodankyla.fi. Uksa\u010dujuhus: Mii b\u00e1lvalit buot gielddaid doaibmab\u00e1ikkiin soahpamu\u0161a mielde. Soaba deaivvadeami birra \u00e1lot ovddalgihtii telefovnna dahje \u0161lea\u0111gapoastta bokte. Bearr\u00e1igeah\u010d\u010do\u00e1\u0161\u0161iin v\u00e1ldde oktavuo\u0111a ovdasajis ie\u017eat guovllu birasd\u00e1rkkisteaddj\u00e1i. Rehket\u010d\u00e1llin\u010dujuhus:<\/p>\n","protected":false},"author":1,"featured_media":2108,"parent":0,"menu_order":0,"comment_status":"closed","ping_status":"closed","template":"","meta":{"footnotes":""},"class_list":["post-1869","page","type-page","status-publish","has-post-thumbnail","hentry"],"_links":{"self":[{"href":"https:\/\/arktisenlapinys.fi\/se-fi\/wp-json\/wp\/v2\/pages\/1869","targetHints":{"allow":["GET"]}}],"collection":[{"href":"https:\/\/arktisenlapinys.fi\/se-fi\/wp-json\/wp\/v2\/pages"}],"about":[{"href":"https:\/\/arktisenlapinys.fi\/se-fi\/wp-json\/wp\/v2\/types\/page"}],"author":[{"embeddable":true,"href":"https:\/\/arktisenlapinys.fi\/se-fi\/wp-json\/wp\/v2\/users\/1"}],"replies":[{"embeddable":true,"href":"https:\/\/arktisenlapinys.fi\/se-fi\/wp-json\/wp\/v2\/comments?post=1869"}],"version-history":[{"count":9,"href":"https:\/\/arktisenlapinys.fi\/se-fi\/wp-json\/wp\/v2\/pages\/1869\/revisions"}],"predecessor-version":[{"id":2696,"href":"https:\/\/arktisenlapinys.fi\/se-fi\/wp-json\/wp\/v2\/pages\/1869\/revisions\/2696"}],"wp:featuredmedia":[{"embeddable":true,"href":"https:\/\/arktisenlapinys.fi\/se-fi\/wp-json\/wp\/v2\/media\/2108"}],"wp:attachment":[{"href":"https:\/\/arktisenlapinys.fi\/se-fi\/wp-json\/wp\/v2\/media?parent=1869"}],"curies":[{"name":"wp","href":"https:\/\/api.w.org\/{rel}","templated":true}]}}