{"id":1859,"date":"2020-03-11T08:28:51","date_gmt":"2020-03-11T06:28:51","guid":{"rendered":"https:\/\/arktisenlapinys.fi\/?page_id=1859"},"modified":"2024-09-30T10:37:05","modified_gmt":"2024-09-30T07:37:05","slug":"eanaavdnasiid-valdin","status":"publish","type":"page","link":"https:\/\/arktisenlapinys.fi\/se-fi\/eanaavdnasiid-valdin\/","title":{"rendered":"Eana\u00e1vdnasiid v\u00e1ldin"},"content":{"rendered":"\n<div class=\"wp-block-group has-global-padding is-layout-constrained wp-block-group-is-layout-constrained\">\n<div class=\"wp-block-columns is-layout-flex wp-container-core-columns-is-layout-1 wp-block-columns-is-layout-flex\">\n<div class=\"wp-block-column is-layout-flow wp-block-column-is-layout-flow\" style=\"flex-basis:66.66%\">\n<div class=\"wp-block-group has-global-padding is-layout-constrained wp-block-group-is-layout-constrained\">\n<h2 class=\"wp-block-heading\">Eana\u00e1vdnasiid v\u00e1ldinlohpi<\/h2>\n\n\n\n<div class=\"wp-block-group has-alys-trans-red-background-color has-background has-global-padding is-layout-constrained wp-container-core-group-is-layout-1 wp-block-group-is-layout-constrained\" style=\"border-radius:1.75em;margin-top:1em;margin-bottom:1em;padding-top:2em;padding-right:1em;padding-bottom:2em;padding-left:1em\">\n<p>Eana\u00e1vdnasiid v\u00e1ldin ear\u00e1i go ie\u017eas d\u00e1llodoalu geavahussii eaktuda \u00e1lot eana\u00e1vnnasl\u00e1ga mield\u00e1sa\u0161 lobi. Die\u0111uin, mat ovdanbuktojit lohpeohcamu\u0161as, ja v\u00e1ldinpl\u00e1na sisdoalus ja r\u00e1hkadusas lea \u00e1sahuvvon d\u00e1rkilabbot eana\u00e1vdnasiid v\u00e1ldimis addon st\u00e1htar\u00e1\u0111i \u00e1sahusas. Eana\u00e1vdnasiid v\u00e1ldinlobiid gie\u0111ahallamis berrojuvvo m\u00e1ksu, mii lea mero\u0161tallon eana\u00e1vnnast\u00e1vsttas.<\/p>\n<\/div>\n\n\n\n<hr class=\"wp-block-separator has-alpha-channel-opacity\" style=\"margin-top:2em;margin-bottom:4em\"\/>\n<\/div>\n\n\n\n<div class=\"wp-block-group has-global-padding is-layout-constrained wp-block-group-is-layout-constrained\">\n<h2 class=\"wp-block-heading\">Eana\u00e1vdnasiid v\u00e1ldinlohpeohcamu\u0161a ja biraslohpeohcamu\u0161a oktasa\u0161gie\u0111ahallan<\/h2>\n\n\n\n<div class=\"wp-block-group has-alys-trans-red-background-color has-background has-global-padding is-layout-constrained wp-container-core-group-is-layout-3 wp-block-group-is-layout-constrained\" style=\"border-radius:1.75em;margin-top:1em;margin-bottom:1em;padding-top:2em;padding-right:1em;padding-bottom:2em;padding-left:1em\">\n<p>Biraslohpi d\u00e1rbba\u0161uvvo birassuodjalan\u00e1sahusa 2 \u00a7:a mield\u00e1sa\u0161 eana\u00e1vdnasiid v\u00e1ldima oktavuo\u0111as.<\/p>\n<\/div>\n\n\n\n<hr class=\"wp-block-separator has-alpha-channel-opacity\" style=\"margin-top:2em;margin-bottom:4em\"\/>\n<\/div>\n\n\n\n<div class=\"wp-block-group has-global-padding is-layout-constrained wp-block-group-is-layout-constrained\">\n<h2 class=\"wp-block-heading\">Rokkanasb\u00e1zahusaid ruskafuolahuspl\u00e1na<\/h2>\n\n\n\n<div class=\"wp-block-group has-alys-trans-red-background-color has-background has-global-padding is-layout-constrained wp-container-core-group-is-layout-5 wp-block-group-is-layout-constrained\" style=\"border-radius:1.75em;margin-top:1em;margin-bottom:1em;padding-top:2em;padding-right:1em;padding-bottom:2em;padding-left:1em\">\n<p>Rokkanasb\u00e1zahusaid b\u00e1zahusfuolahuspl\u00e1na galg\u00e1 r\u00e1hkadit eana\u00e1vdnasiid v\u00e1ldindoaimmas \u0161addi rokkanasb\u00e1zahusain. Pl\u00e1na dahkkojuvvo lobivulo\u0161 doaimmas ja dat doaimmahuvvo bearr\u00e1igeah\u010d\u010dovirgeoapmaha\u017e\u017eii.<\/p>\n<\/div>\n\n\n\n<hr class=\"wp-block-separator has-alpha-channel-opacity\" style=\"margin-top:2em;margin-bottom:4em\"\/>\n<\/div>\n<\/div>\n\n\n\n<div class=\"wp-block-column is-layout-flow wp-block-column-is-layout-flow\" style=\"flex-basis:33.33%\">\n<h3 class=\"wp-block-heading\">Asiakirjat<\/h3>\n\n\n\n<div class=\"wp-block-group links is-layout-flow wp-block-group-is-layout-flow\" style=\"margin-top:1em;margin-bottom:1em\">\n<div class=\"wp-block-file has-link-color wp-elements-b9301d53c1a7fd487666f551649c1d1f\"><a href=\"https:\/\/arktisenlapinys.fi\/wp-content\/uploads\/Ohje-maa-ainesluvan-hakemiseen-2021.pdf\">Ohje maa-ainesten ottamisluvan hakemiseen (pdf)<\/a><\/div>\n\n\n\n<div class=\"wp-block-file has-link-color wp-elements-79066e93fba3bfbd37a5dfb9205b8c5b\"><a href=\"https:\/\/arktisenlapinys.fi\/wp-content\/uploads\/ymparistonsuojeluviranomaisen_maa_aineslain_mukainen_taksa_2023_227491.pdf\">Maa-aineslain mukainen taksa (pdf)<\/a><\/div>\n\n\n\n<div class=\"wp-block-file has-link-color wp-elements-601300dfa41ce167662905f71a8241eb\"><a href=\"https:\/\/arktisenlapinys.fi\/wp-content\/uploads\/ymparistonsuojeluviranomaisen_vakuuksien_kasittelyn_periaatteet_2023_227493.pdf\">Maa-aineslain ja ymp\u00e4rist\u00f6nsuojelulain mukaiset vakuudet (pdf)<\/a><\/div>\n\n\n\n<div class=\"wp-block-file has-link-color wp-elements-78c92dbe489c5145963929e60daec562\"><a href=\"https:\/\/arktisenlapinys.fi\/wp-content\/uploads\/Maa-ainesten-ottamislupahakemus-1.docx\">Lupahakemus maa-ainesten ottamiseen (doc)<\/a><\/div>\n\n\n\n<div class=\"wp-block-file has-link-color wp-elements-24feed54d2a61ba5a5d15b364f863df6\"><a href=\"https:\/\/arktisenlapinys.fi\/wp-content\/uploads\/Kaivannaisj\u00e4tteen-j\u00e4tehuoltosuunnitelma.doc\">Kaivannaisj\u00e4tteen j\u00e4tehuoltosuunnitelma (doc)<\/a><\/div>\n\n\n\n<div class=\"wp-block-file has-link-color wp-elements-f58362d38a9a96d79210650a890bb9d5\"><a href=\"https:\/\/arktisenlapinys.fi\/wp-content\/uploads\/Kotitarveotto-lomake-1.docx\">Ilmoituslomake maa-ainesten kotitarveotto (doc)<\/a><\/div>\n<\/div>\n\n\n\n<h3 class=\"wp-block-heading links\" style=\"margin-top:1em;margin-bottom:1em\">Linkit<\/h3>\n\n\n\n<p class=\"links\" style=\"margin-top:1em;margin-bottom:1em\"><a href=\"https:\/\/www.finlex.fi\/fi\/laki\/ajantasa\/1981\/19810555\">Maa-aineslaki (555\/1981)<\/a><\/p>\n\n\n\n<p class=\"links\" style=\"margin-top:1em;margin-bottom:1em\"><a href=\"https:\/\/www.finlex.fi\/fi\/laki\/alkup\/2005\/20050926\">Valtioneuvoston asetus maa-ainesten ottamisesta (926\/2005)<\/a><\/p>\n\n\n\n<p class=\"links\" style=\"margin-top:1em;margin-bottom:1em\"><a href=\"https:\/\/www.finlex.fi\/fi\/laki\/ajantasa\/2014\/20140713\">Valtioneuvoston asetus ymp\u00e4rist\u00f6nsuojelusta (713\/2014)<\/a><\/p>\n<\/div>\n<\/div>\n<\/div>\n","protected":false},"excerpt":{"rendered":"<p>Eana\u00e1vdnasiid v\u00e1ldinlohpi Eana\u00e1vdnasiid v\u00e1ldin ear\u00e1i go ie\u017eas d\u00e1llodoalu geavahussii eaktuda \u00e1lot eana\u00e1vnnasl\u00e1ga mield\u00e1sa\u0161 lobi. Die\u0111uin, mat ovdanbuktojit lohpeohcamu\u0161as, ja v\u00e1ldinpl\u00e1na sisdoalus ja r\u00e1hkadusas lea \u00e1sahuvvon d\u00e1rkilabbot eana\u00e1vdnasiid v\u00e1ldimis addon st\u00e1htar\u00e1\u0111i \u00e1sahusas. Eana\u00e1vdnasiid v\u00e1ldinlobiid gie\u0111ahallamis berrojuvvo m\u00e1ksu, mii lea mero\u0161tallon eana\u00e1vnnast\u00e1vsttas. Eana\u00e1vdnasiid v\u00e1ldinlohpeohcamu\u0161a ja biraslohpeohcamu\u0161a oktasa\u0161gie\u0111ahallan Biraslohpi d\u00e1rbba\u0161uvvo birassuodjalan\u00e1sahusa 2 \u00a7:a mield\u00e1sa\u0161 eana\u00e1vdnasiid v\u00e1ldima oktavuo\u0111as. Rokkanasb\u00e1zahusaid [&hellip;]<\/p>\n","protected":false},"author":1,"featured_media":1617,"parent":0,"menu_order":0,"comment_status":"closed","ping_status":"closed","template":"","meta":{"footnotes":""},"class_list":["post-1859","page","type-page","status-publish","has-post-thumbnail","hentry"],"_links":{"self":[{"href":"https:\/\/arktisenlapinys.fi\/se-fi\/wp-json\/wp\/v2\/pages\/1859","targetHints":{"allow":["GET"]}}],"collection":[{"href":"https:\/\/arktisenlapinys.fi\/se-fi\/wp-json\/wp\/v2\/pages"}],"about":[{"href":"https:\/\/arktisenlapinys.fi\/se-fi\/wp-json\/wp\/v2\/types\/page"}],"author":[{"embeddable":true,"href":"https:\/\/arktisenlapinys.fi\/se-fi\/wp-json\/wp\/v2\/users\/1"}],"replies":[{"embeddable":true,"href":"https:\/\/arktisenlapinys.fi\/se-fi\/wp-json\/wp\/v2\/comments?post=1859"}],"version-history":[{"count":3,"href":"https:\/\/arktisenlapinys.fi\/se-fi\/wp-json\/wp\/v2\/pages\/1859\/revisions"}],"predecessor-version":[{"id":1862,"href":"https:\/\/arktisenlapinys.fi\/se-fi\/wp-json\/wp\/v2\/pages\/1859\/revisions\/1862"}],"wp:featuredmedia":[{"embeddable":true,"href":"https:\/\/arktisenlapinys.fi\/se-fi\/wp-json\/wp\/v2\/media\/1617"}],"wp:attachment":[{"href":"https:\/\/arktisenlapinys.fi\/se-fi\/wp-json\/wp\/v2\/media?parent=1859"}],"curies":[{"name":"wp","href":"https:\/\/api.w.org\/{rel}","templated":true}]}}