{"id":1855,"date":"2020-03-11T08:28:25","date_gmt":"2020-03-11T06:28:25","guid":{"rendered":"https:\/\/arktisenlapinys.fi\/?page_id=1855"},"modified":"2025-01-21T14:50:01","modified_gmt":"2025-01-21T12:50:01","slug":"lohpe-ja-bearraigeahccoassit","status":"publish","type":"page","link":"https:\/\/arktisenlapinys.fi\/se-fi\/lohpe-ja-bearraigeahccoassit\/","title":{"rendered":"Lohpe- ja bearr\u00e1igeah\u010d\u010do\u00e1\u0161\u0161it"},"content":{"rendered":"\n<div class=\"wp-block-group has-global-padding is-layout-constrained wp-block-group-is-layout-constrained\">\n<div class=\"wp-block-columns is-layout-flex wp-container-core-columns-is-layout-1 wp-block-columns-is-layout-flex\">\n<div class=\"wp-block-column is-layout-flow wp-block-column-is-layout-flow\" style=\"flex-basis:66.66%\">\n<div class=\"wp-block-group is-layout-flow wp-block-group-is-layout-flow\">\n<h2 class=\"wp-block-heading\">Biraslohpi<\/h2>\n\n\n\n<div class=\"wp-block-group has-alys-trans-red-background-color has-background has-global-padding is-layout-constrained wp-container-core-group-is-layout-1 wp-block-group-is-layout-constrained\" style=\"border-radius:1.75em;margin-top:1em;margin-bottom:1em;padding-top:2em;padding-right:1em;padding-bottom:2em;padding-left:1em\">\n<p>Biraslobi vuoll\u00e1sa\u0161 doaimmat g\u00e1vdnojit birassuodjalanl\u00e1gas. Ohcamu\u0161\u0161ii galg\u00e1 laktit \u00e1\u0161\u0161i gie\u0111ahallama v\u00e1r\u00e1s d\u00e1rbba\u0161la\u0161 \u010dielggadusaid dan mielde go birassuodjalan\u00e1sahusas lea \u00e1sahuvvon. Biraslobiid d\u00e1rkilut ohcanr\u00e1vvagiid ja ohcanskoviid g\u00e1vnnat <a href=\"https:\/\/www.ymparisto.fi\/fi-FI\/Asiointi_luvat_ja_ymparistovaikutusten_arviointi\/Luvat_ilmoitukset_ja_rekisterointi\/Ymparistolupa\/Miten_ymparistolupa_haetaan__ohjeet_ja_lomakkeet\"><mark style=\"background-color:rgba(0, 0, 0, 0);color:#3c1cc0\" class=\"has-inline-color\">birash\u00e1lddahusa oktasa\u0161 neahttab\u00e1lvalusas<\/mark>.<\/a><\/p>\n<\/div>\n<\/div>\n\n\n\n<hr class=\"wp-block-separator has-css-opacity\" style=\"margin-top:2em;margin-bottom:4em\"\/>\n\n\n\n<div class=\"wp-block-group is-layout-flow wp-block-group-is-layout-flow\">\n<h2 class=\"wp-block-heading\">Registrerenalmmuhus<\/h2>\n\n\n\n<div class=\"wp-block-group has-alys-trans-red-background-color has-background has-global-padding is-layout-constrained wp-container-core-group-is-layout-3 wp-block-group-is-layout-constrained\" style=\"border-radius:1.75em;margin-top:1em;margin-bottom:1em;padding-top:2em;padding-right:1em;padding-bottom:2em;padding-left:1em\">\n<p>Doaimmat, mat registrerejuvvojit, leat eana\u0161 boald\u00e1mu\u0161f\u00e1mu d\u00e1fus vuoll\u00e1i 50 MW:a energiijabuvttadanl\u00e1g\u00e1dusat, golgosl\u00e1gan boald\u00e1mu\u0161aid juohkinsta\u0161uvnnat ja asf\u00e1ltasta\u0161uvnnat. Dan lassin birassuodjalanl\u00e1ga \u010duvvosis 2 m\u00e1inna\u0161uvvon kemihkala\u0161 buht\u00e1stagaid ja maidd\u00e1i doaimmaid, mat geavahit org\u00e1nala\u0161 luvven\u00e1vdnasiid, galg\u00e1 registreret.<\/p>\n\n\n\n<p>Doaimma, mii eaktuda registrerenalmmuhusa s\u00e1htt\u00e1 \u00e1lggahit, go gieldda birassuodjalanvirgeoapmaha\u0161 lea registreren doaimma dahje juo almmuhusa guo\u0111\u0111imis lea gollan 30 \u2013 60 beaivve, doaimma mielde. Registreremis berrojuvvo m\u00e1ksu. D\u00e1rkilut registrerenalmmuhusr\u00e1vvagiid ja skoviid g\u00e1vnnat <a href=\"https:\/\/www.ymparisto.fi\/fi-FI\/Asiointi_luvat_ja_ymparistovaikutusten_arviointi\/Luvat_ilmoitukset_ja_rekisterointi\/Ymparistonsuojelulain_mukainen_rekisterointi\"><mark style=\"background-color:rgba(0, 0, 0, 0);color:#3c1cc0\" class=\"has-inline-color\">birash\u00e1lddahusa oktasa\u0161 neahttab\u00e1lvalusas<\/mark><\/a>.<\/p>\n<\/div>\n\n\n\n<hr class=\"wp-block-separator has-css-opacity\" style=\"margin-top:2em;margin-bottom:4em\"\/>\n<\/div>\n\n\n\n<div class=\"wp-block-group is-layout-flow wp-block-group-is-layout-flow\">\n<h2 class=\"wp-block-heading\">Doaimma, mii dagaha v\u00e1la dahje spargima, guoski almmuhus<\/h2>\n\n\n\n<div class=\"wp-block-group has-alys-trans-red-background-color has-background has-global-padding is-layout-constrained wp-container-core-group-is-layout-5 wp-block-group-is-layout-constrained\" style=\"border-radius:1.75em;margin-top:1em;margin-bottom:1em;padding-top:2em;padding-right:1em;padding-bottom:2em;padding-left:1em\">\n<p>Birassuodjalanl\u00e1ga 118 \u00a7:a mielde doaimmah\u00e1rjeheaddji galg\u00e1 bargat gieldda birassuodjalanvirgeoapmaha\u017e\u017eii \u010d\u00e1lala\u0161 almmuhusa gaskaboddosa\u0161 v\u00e1la dahje spargima dagaheaddji doaibmabijus dahje d\u00e1hp\u00e1husas. Almmuhusa galg\u00e1 guo\u0111\u0111it ma\u014bimust\u00e1 30 jnd ovdal doaimma \u00e1lggahan\u00e1iggi. D\u00e1rkilut r\u00e1vvagiid ja almmuhanskoviid g\u00e1vnnat <a href=\"https:\/\/www.ymparisto.fi\/fi-FI\/Asiointi_luvat_ja_ymparistovaikutusten_arviointi\/Luvat_ilmoitukset_ja_rekisterointi\/YSLn_kertaluonteisen_toiminnan_ilmoitusmenettely\"><mark style=\"background-color:rgba(0, 0, 0, 0);color:#3c1cc0\" class=\"has-inline-color\">birash\u00e1lddahusa oktasa\u0161 neahttab\u00e1lvalusas<\/mark><\/a>.<\/p>\n<\/div>\n\n\n\n<hr class=\"wp-block-separator has-css-opacity\" style=\"margin-top:2em;margin-bottom:4em\"\/>\n<\/div>\n\n\n\n<div class=\"wp-block-group is-layout-flow wp-block-group-is-layout-flow\">\n<h2 class=\"wp-block-heading\">Birassuodjalanl\u00e1ga mield\u00e1sa\u0161 almmola\u0161 almmuhanmeannudeapmi<\/h2>\n\n\n\n<div class=\"wp-block-group has-alys-trans-red-background-color has-background has-global-padding is-layout-constrained wp-container-core-group-is-layout-7 wp-block-group-is-layout-constrained\" style=\"border-radius:1.75em;margin-top:1em;margin-bottom:1em;padding-top:2em;padding-right:1em;padding-bottom:2em;padding-left:1em\">\n<p>Doaimma almmuhangeatnegasvuo\u0111as \u00e1sahuvvo birassuodjalanl\u00e1ga 115 a \u00a7:s ja almmuhanvulo\u0161 doaimmat leat logahallon l\u00e1ga \u010duvvosis 4. Almmuhusa galg\u00e1 guo\u0111\u0111it doaibmav\u00e1ldd\u00e1la\u0161 virgeoapmaha\u017e\u017eii ma\u014bimust\u00e1 120 beaivve ovdal doaimma pl\u00e1nejuvvon \u00e1lggaheami. Lassidie\u0111ut g\u00e1vdnojit <a href=\"https:\/\/www.ymparisto.fi\/fi-FI\/Asiointi_luvat_ja_ymparistovaikutusten_arviointi\/Luvat_ilmoitukset_ja_rekisterointi\/YSLn_yleinen_ilmoitusmenettely\"><mark style=\"background-color:rgba(0, 0, 0, 0);color:#3c1cc0\" class=\"has-inline-color\">birash\u00e1lddahusa oktasa\u0161 neahttab\u00e1lvalusas<\/mark><\/a>.<\/p>\n<\/div>\n\n\n\n<hr class=\"wp-block-separator has-css-opacity\" style=\"margin-top:2em;margin-bottom:4em\"\/>\n<\/div>\n<\/div>\n\n\n\n<div class=\"wp-block-column is-layout-flow wp-block-column-is-layout-flow\" style=\"flex-basis:33.33%\">\n<h3 class=\"wp-block-heading\">Asiakirjat<\/h3>\n\n\n\n<div class=\"wp-block-group links is-layout-flow wp-block-group-is-layout-flow\" style=\"margin-top:1em;margin-bottom:1em\">\n<div class=\"wp-block-file has-link-color wp-elements-f9478ad37c4fae6c37fc3f3c290ef25c\"><a href=\"https:\/\/arktisenlapinys.fi\/wp-content\/uploads\/ymparistonsuojeluviranomaisen_vakuuksien_kasittelyn_periaatteet_2023_227493-1.pdf\">Maa-aineslain ja ymp\u00e4rist\u00f6nsuojelulain mukaiset vakuudet (pdf)<\/a><\/div>\n\n\n\n<div class=\"wp-block-file has-link-color wp-elements-10497242e01c807cb628b89421f6bdc3\"><a href=\"https:\/\/arktisenlapinys.fi\/wp-content\/uploads\/ymparistonsuojeluviranomaisen_taksa_2023_227489-1.pdf\">Ymp\u00e4rist\u00f6nsuojeluviranomaisen taksa (pdf)<\/a><\/div>\n<\/div>\n\n\n\n<h3 class=\"wp-block-heading links\" style=\"margin-top:1em;margin-bottom:1em\">Linkit<\/h3>\n\n\n\n<p class=\"links\" style=\"margin-top:1em;margin-bottom:1em\"><a href=\"https:\/\/www.finlex.fi\/fi\/laki\/ajantasa\/2014\/20140527\">Ymp\u00e4rist\u00f6nsuojelulaki (527\/2014)<\/a><\/p>\n\n\n\n<p class=\"links\" style=\"margin-top:1em;margin-bottom:1em\"><a href=\"https:\/\/www.finlex.fi\/fi\/laki\/ajantasa\/2014\/20140713\">Ymp\u00e4rist\u00f6nsuojeluasetus (713\/2014)<\/a><\/p>\n<\/div>\n<\/div>\n<\/div>\n\n\n\n<p><\/p>\n","protected":false},"excerpt":{"rendered":"<p>Biraslohpi Biraslobi vuoll\u00e1sa\u0161 doaimmat g\u00e1vdnojit birassuodjalanl\u00e1gas. Ohcamu\u0161\u0161ii galg\u00e1 laktit \u00e1\u0161\u0161i gie\u0111ahallama v\u00e1r\u00e1s d\u00e1rbba\u0161la\u0161 \u010dielggadusaid dan mielde go birassuodjalan\u00e1sahusas lea \u00e1sahuvvon. Biraslobiid d\u00e1rkilut ohcanr\u00e1vvagiid ja ohcanskoviid g\u00e1vnnat birash\u00e1lddahusa oktasa\u0161 neahttab\u00e1lvalusas. Registrerenalmmuhus Doaimmat, mat registrerejuvvojit, leat eana\u0161 boald\u00e1mu\u0161f\u00e1mu d\u00e1fus vuoll\u00e1i 50 MW:a energiijabuvttadanl\u00e1g\u00e1dusat, golgosl\u00e1gan boald\u00e1mu\u0161aid juohkinsta\u0161uvnnat ja asf\u00e1ltasta\u0161uvnnat. Dan lassin birassuodjalanl\u00e1ga \u010duvvosis 2 m\u00e1inna\u0161uvvon kemihkala\u0161 buht\u00e1stagaid ja [&hellip;]<\/p>\n","protected":false},"author":1,"featured_media":1707,"parent":0,"menu_order":0,"comment_status":"closed","ping_status":"closed","template":"","meta":{"footnotes":""},"class_list":["post-1855","page","type-page","status-publish","has-post-thumbnail","hentry"],"_links":{"self":[{"href":"https:\/\/arktisenlapinys.fi\/se-fi\/wp-json\/wp\/v2\/pages\/1855","targetHints":{"allow":["GET"]}}],"collection":[{"href":"https:\/\/arktisenlapinys.fi\/se-fi\/wp-json\/wp\/v2\/pages"}],"about":[{"href":"https:\/\/arktisenlapinys.fi\/se-fi\/wp-json\/wp\/v2\/types\/page"}],"author":[{"embeddable":true,"href":"https:\/\/arktisenlapinys.fi\/se-fi\/wp-json\/wp\/v2\/users\/1"}],"replies":[{"embeddable":true,"href":"https:\/\/arktisenlapinys.fi\/se-fi\/wp-json\/wp\/v2\/comments?post=1855"}],"version-history":[{"count":4,"href":"https:\/\/arktisenlapinys.fi\/se-fi\/wp-json\/wp\/v2\/pages\/1855\/revisions"}],"predecessor-version":[{"id":2439,"href":"https:\/\/arktisenlapinys.fi\/se-fi\/wp-json\/wp\/v2\/pages\/1855\/revisions\/2439"}],"wp:featuredmedia":[{"embeddable":true,"href":"https:\/\/arktisenlapinys.fi\/se-fi\/wp-json\/wp\/v2\/media\/1707"}],"wp:attachment":[{"href":"https:\/\/arktisenlapinys.fi\/se-fi\/wp-json\/wp\/v2\/media?parent=1855"}],"curies":[{"name":"wp","href":"https:\/\/api.w.org\/{rel}","templated":true}]}}