{"id":1851,"date":"2020-03-11T08:29:16","date_gmt":"2020-03-11T06:29:16","guid":{"rendered":"https:\/\/arktisenlapinys.fi\/?page_id=1851"},"modified":"2025-01-21T14:52:00","modified_gmt":"2025-01-21T12:52:00","slug":"bazahusfuolahus","status":"publish","type":"page","link":"https:\/\/arktisenlapinys.fi\/se-fi\/bazahusfuolahus\/","title":{"rendered":"B\u00e1zahusfuolahus"},"content":{"rendered":"\n<div class=\"wp-block-group has-global-padding is-layout-constrained wp-block-group-is-layout-constrained\">\n<div class=\"wp-block-columns is-layout-flex wp-container-core-columns-is-layout-1 wp-block-columns-is-layout-flex\">\n<div class=\"wp-block-column is-layout-flow wp-block-column-is-layout-flow\" style=\"flex-basis:66.66%\">\n<div class=\"wp-block-group has-global-padding is-layout-constrained wp-block-group-is-layout-constrained\">\n<h2 class=\"wp-block-heading\">B\u00e1zahusfuolahus<\/h2>\n\n\n\n<div class=\"wp-block-group has-alys-trans-red-background-color has-background has-global-padding is-layout-constrained wp-container-core-group-is-layout-1 wp-block-group-is-layout-constrained\" style=\"border-radius:1.75em;margin-top:1em;margin-bottom:1em;padding-top:2em;padding-right:1em;padding-bottom:2em;padding-left:1em\">\n<p>B\u00e1zahusfuolahusas Soa\u0111egili, An\u00e1ra, Muonio ja maidd\u00e1i Eanodaga gielddas v\u00e1stida\u00a0 <a href=\"https:\/\/lapeco.fi\/\"><mark style=\"background-color:rgba(0, 0, 0, 0);color:#3c1cc0\" class=\"has-inline-color\">Lappi B\u00e1zahusfuolahus gielddaidovttastupmi Lapeco<\/mark><\/a>. Ohcejoga gielddas b\u00e1zahusfuolahusas v\u00e1stida <a href=\"https:\/\/www.utsjoki.fi\/kuntalaiselle\/tekniset-palvelut\/jatehuolto\/\"><mark style=\"background-color:rgba(0, 0, 0, 0);color:#3c1cc0\" class=\"has-inline-color\">Ohcejoga gieldda b\u00e1zahusfuolahus<\/mark><\/a> ja b\u00e1zahus\u010doaggimis v\u00e1stida <a href=\"https:\/\/urbaser.fi\/\"><mark style=\"background-color:rgba(0, 0, 0, 0);color:#3c1cc0\" class=\"has-inline-color\">URBASER Oy<\/mark><\/a>. Olles \u00c1rktala\u0161 Lappi birassuodjaleami guovllus g\u00e1vdnojit Suoma P\u00e1hkkao\u0111aheapmi RINKI Oy:a \u010duogg\u00e1t (<a href=\"https:\/\/rinkiin.fi\/kotitalouksille\/rinki-ekopisteet\"><mark style=\"background-color:rgba(0, 0, 0, 0);color:#3c1cc0\" class=\"has-inline-color\">Rinki Oy:a eko\u010duogg\u00e1t<\/mark><\/a>).<\/p>\n<\/div>\n<\/div>\n\n\n\n<div class=\"wp-block-group is-layout-flow wp-block-group-is-layout-flow\">\n<h2 class=\"wp-block-heading\">Fitnodagaid b\u00e1zahusfuolahus<\/h2>\n\n\n\n<div class=\"wp-block-group has-alys-trans-red-background-color has-background has-global-padding is-layout-constrained wp-container-core-group-is-layout-3 wp-block-group-is-layout-constrained\" style=\"border-radius:1.75em;margin-top:1em;margin-bottom:1em;padding-top:2em;padding-right:1em;padding-bottom:2em;padding-left:1em\">\n<p>Fitnodagat ja servo\u0161at v\u00e1stidit ie\u017easet b\u00e1zahusfuolahusa ordnemis ja dan goluin. Fitnodagas boaht\u00e1n b\u00e1zahusat ja fitnodagaid b\u00e1zahusfuolahusa l\u00e1gideapmi eai gula gieldda ovddasv\u00e1st\u00e1dussii. Fitnodagaid b\u00e1zahusfuolahusa doaibmeva\u0161vuo\u0111a bearr\u00e1igeah\u010d\u010du gull\u00e1 birassuodjalanvirgeoapmaha\u010d\u010da ovddasv\u00e1st\u00e1dussii.<\/p>\n\n\n\n<p>B\u00e1zahusl\u00e1ga ja -\u00e1sahusa mielde fitnodagas lea \u010dielggasindoallo- ja rehketdoallogeatnegasvuohta fitnodagas boaht\u00e1n b\u00e1zahusaid kvalitehtas, mearis ja maidd\u00e1i biras- ja dearvvasvuo\u0111av\u00e1ikkuhusain. Rehketdoalu galg\u00e1 seailluhit uhcimust\u00e1 guhtta jagi. B\u00e1zahusaid oa\u017e\u017eu luohpadit du\u0161\u0161e dasa, geas lea b\u00e1zahusfuolahusregistara dahje biraslobi vuo\u0111ul vuoigatvuohta v\u00e1ldit dihto b\u00e1zahusaid vuost\u00e1.<\/p>\n\n\n\n<p>B\u00e1zahusaid h\u00e1ldda\u0161eaddji galg\u00e1 r\u00e1hkadit sirdin\u00e1\u0161\u0161eb\u00e1hp\u00e1ra v\u00e1rala\u0161 b\u00e1zahusain, suohkudan- ja giddesg\u00e1ivvo mo\u0111is, s\u00e1ddo- ja vuojasirreng\u00e1ivvuid mo\u0111is ja maidd\u00e1i billa\u0161uvvan eana\u00e1vdnasis ja ear\u00e1 viste- ja burginb\u00e1zahusain.<\/p>\n<\/div>\n\n\n\n<hr class=\"wp-block-separator has-alpha-channel-opacity\" style=\"margin-top:2em;margin-bottom:4em\"\/>\n<\/div>\n\n\n\n<div class=\"wp-block-group is-layout-flow wp-block-group-is-layout-flow\">\n<h2 class=\"wp-block-heading\">V\u00e1rala\u0161 b\u00e1zahusat<\/h2>\n\n\n\n<div class=\"wp-block-group has-alys-trans-red-background-color has-background has-global-padding is-layout-constrained wp-container-core-group-is-layout-5 wp-block-group-is-layout-constrained\" style=\"border-radius:1.75em;margin-top:1em;margin-bottom:1em;padding-top:2em;padding-right:1em;padding-bottom:2em;padding-left:1em\">\n<p>V\u00e1rala\u0161 b\u00e1zahus (ovdal problemab\u00e1zahus) lea buoll\u00e1n- dahje b\u00e1vkkihanv\u00e1rala\u0161, njoammunv\u00e1rala\u0161 dahje ear\u00e1 l\u00e1hkai dearvvasvuhtii dahje birrasii v\u00e1rala\u0161 b\u00e1zahus. V\u00e1rala\u0161 b\u00e1zahusat leat earret ear\u00e1 b\u00e1zahusoljjut, oljui durdon ear\u00e1 b\u00e1zahusat, anus eret biddjon akkumul\u00e1htorat, luvvadan\u00e1vdnasat, liimmat, l\u00e1hkat, goikkatkeahtes m\u00e1lat, goahcan-, \u010doaskudan- ja lavttagolgosat, deattagallehuvvon muorra, asbeastta sisttisdoalli burginmateri\u00e1lat, d\u00e1lkasat, \u010duovgabutkket ja b\u00e1htterat.<\/p>\n\n\n\n<p>V\u00e1rala\u0161 b\u00e1zahusaid galg\u00e1 p\u00e1hkket, merket ja fievrridit nu, ahte v\u00e1rala\u0161 b\u00e1zahusaid gie\u0111ahallan ja fievrrideapmi ii dagat v\u00e1ra. V\u00e1rala\u0161 b\u00e1zahusaid ii oa\u010d\u010do sehkket gaskaneaset dahje ear\u00e1 b\u00e1zahusaide. V\u00e1rala\u0161 b\u00e1zahusaid galg\u00e1 doaimmahit du\u0161\u0161e guoskeva\u0161 b\u00e1zahusaid virgg\u00e1la\u0161 vuost\u00e1iv\u00e1ldinb\u00e1ik\u00e1i dakk\u00e1r vuost\u00e1iv\u00e1ld\u00e1i, geas lea lohpi v\u00e1ldit vuost\u00e1i d\u00e1kk\u00e1r b\u00e1zahusaid.<\/p>\n<\/div>\n\n\n\n<hr class=\"wp-block-separator has-alpha-channel-opacity\" style=\"margin-top:2em;margin-bottom:4em\"\/>\n<\/div>\n\n\n\n<div class=\"wp-block-group is-layout-flow wp-block-group-is-layout-flow\">\n<h2 class=\"wp-block-heading\">Oljovah\u00e1gat<\/h2>\n\n\n\n<div class=\"wp-block-group has-alys-trans-red-background-color has-background has-global-padding is-layout-constrained wp-container-core-group-is-layout-7 wp-block-group-is-layout-constrained\" style=\"border-radius:1.75em;margin-top:1em;margin-bottom:1em;padding-top:2em;padding-right:1em;padding-bottom:2em;padding-left:1em\">\n<p>Oljovah\u00e1gis galg\u00e1 almmuhit farggamusat <a href=\"http:\/\/www.lapinpelastuslaitos.fi\/yhteystiedot\/\"><mark style=\"background-color:rgba(0, 0, 0, 0);color:#3c1cc0\" class=\"has-inline-color\">g\u00e1djunvirgeoapmaha\u017e\u017eii<\/mark><\/a>\u00a0 sihke birassuodjalanvirgeoapmaha\u017e\u017eii.<\/p>\n<\/div>\n\n\n\n<hr class=\"wp-block-separator has-alpha-channel-opacity\" style=\"margin-top:2em;margin-bottom:4em\"\/>\n<\/div>\n\n\n\n<div class=\"wp-block-group is-layout-flow wp-block-group-is-layout-flow\" style=\"margin-top:2em;margin-bottom:4em\">\n<h2 class=\"wp-block-heading\">Ludnen ja nuoskkideapmi<\/h2>\n\n\n\n<div class=\"wp-block-group has-alys-trans-red-background-color has-background has-global-padding is-layout-constrained wp-container-core-group-is-layout-9 wp-block-group-is-layout-constrained\" style=\"border-radius:1.75em;margin-top:1em;margin-bottom:1em;padding-top:2em;padding-right:1em;padding-bottom:2em;padding-left:1em\">\n<p>Birrasii ii oa\u010d\u010do guo\u0111\u0111it b\u00e1zahusaid, hilgut ma\u0161iinna, rusttega, fievrru, fatnasa dahje ear\u00e1 d\u00e1vvira iige golggahit \u00e1vdnasa nu, ahte dat dagaha durduma, birrasa ropmuma, guoibm\u00e1ivuo\u0111a geahpp\u00e1neami, olbmo dahje ealli l\u00e1pma\u0161uvvama v\u00e1r\u00e1 dahje ear\u00e1 seamm\u00e1 sullasa\u0161 v\u00e1ra dahje hehttehusa (b\u00e1zahusl\u00e1hka 646\/2011 72 \u00a7, nuoskkidangielddus).<\/p>\n\n\n\n<p>Nuoskkideaddji galg\u00e1 \u010dorget ie\u017eas b\u00e1zahusaid eret guovllus. Jos nuoskkideaddji eai boa\u0111e diehtit, \u010dorgengeatnegasvuohta dasto lea d\u00e1b\u00e1la\u010d\u010dat b\u00e1ikki oamasteaddjis. Gieldda birassuodjalanvirgeoapmaha\u0161 s\u00e1htt\u00e1 mearridit, ahte \u010dorgengeatnegas deavd\u00e1 ie\u017eas geatnegasvuo\u0111a.<\/p>\n\n\n\n<p>Birassuodjalanvirgeoapmaha\u017e\u017eii s\u00e1htt\u00e1 bargat almmuhusa nuoskkiduvvon b\u00e1ikki birra. Merke almmuhussii makk\u00e1r b\u00e1zahusas lea ga\u017ealdat ja man olu b\u00e1zahusat leat, nuoskkiduvvon b\u00e1ikki d\u00e1rkilis \u010dujuhusa dahje k\u00e1rtagova ja maidd\u00e1i ie\u017eat oktavuo\u0111adie\u0111uid. Lavtte almmuhussii vejola\u0161vuo\u0111aid mielde maidd\u00e1i govaid nuoskkiduvvon b\u00e1ikkis. Almmuhusa s\u00e1ht\u00e1t dahkat \u010d\u00e1lala\u010d\u010dat ovdamearkan \u0161lea\u0111gapoastta bokte \u010dujuhussii <a href=\"mailto:ymparistonsuojelu@sodankyla.fi\">ymparistonsuojelu@sodankyla.fi<\/a>.<\/p>\n<\/div>\n\n\n\n<hr class=\"wp-block-separator has-alpha-channel-opacity\" style=\"margin-top:2em;margin-bottom:4em\"\/>\n<\/div>\n\n\n\n<div class=\"wp-block-group is-layout-flow wp-block-group-is-layout-flow\">\n<h2 class=\"wp-block-heading\">Almmuhus b\u00e1zahusaid \u00e1mm\u00e1tla\u0161 \u010doaggindoaimmas b\u00e1zahusfuolahusregistarii<\/h2>\n\n\n\n<div class=\"wp-block-group has-alys-trans-red-background-color has-background has-global-padding is-layout-constrained wp-container-core-group-is-layout-11 wp-block-group-is-layout-constrained\" style=\"border-radius:1.75em;margin-top:1em;margin-bottom:1em;padding-top:2em;padding-right:1em;padding-bottom:2em;padding-left:1em\">\n<p>B\u00e1zahusaid \u00e1mm\u00e1tla\u0161 \u010doaggima h\u00e1rjeheaddji galg\u00e1 bargat b\u00e1zahusl\u00e1ga 100 \u00a7:a mield\u00e1sa\u0161 almmuhusa b\u00e1zahusfuolahanregistarii merkema v\u00e1r\u00e1s gieldda birassuodjalanvirgeoapmaha\u017e\u017eii. <\/p>\n\n\n\n<p>B\u00e1zahusl\u00e1ga 6 \u00a7:a mielde b\u00e1zahusaid \u010doaggimiin d\u00e1rkkuhuvvo b\u00e1zahusaid \u010dohkken giddodaga h\u00e1ldda\u0161eaddji, gieldda, buvttadeaddji, juohkki dahje ear\u00e1 oassebeali ordnen vuost\u00e1iv\u00e1ldinb\u00e1ik\u00e1i ie\u0161r\u00e1\u0111\u00e1la\u0161 gie\u0111ahallama v\u00e1r\u00e1s dahje b\u00e1zahusaid fievrrideami v\u00e1r\u00e1s gie\u0111ahallamii, nu ahte mielde b\u00e1zahusaid \u00e1lgomuttu sorteren ja gaskaboddosa\u0161 vurkkodeapmi. Almmuhusa gie\u0111ahallamis berrojuvvo m\u00e1ksu. Almmuhussii d\u00e1rbba\u0161la\u0161 skovit g\u00e1vdnojit <a href=\"https:\/\/www.suomi.fi\/palvelut\/lomake\/ilmoitus-jatteen-ammattimaisesta-keraystoiminnasta-jatehuoltorekisteriin-elinkeino-liikenne-ja-ymparistokeskus\/1eb02ecf-f9db-45f3-87df-4d25d3f5a7f9\"><mark style=\"background-color:rgba(0, 0, 0, 0);color:#3c1cc0\" class=\"has-inline-color\">Suomi.fi-palvelusta<\/mark><\/a>.<\/p>\n<\/div>\n\n\n\n<hr class=\"wp-block-separator has-alpha-channel-opacity\" style=\"margin-top:2em;margin-bottom:4em\"\/>\n<\/div>\n<\/div>\n\n\n\n<div class=\"wp-block-column is-layout-flow wp-block-column-is-layout-flow\" style=\"flex-basis:33.33%\">\n<h3 class=\"wp-block-heading\">Asiakirjat<\/h3>\n\n\n\n<p class=\"links\" style=\"margin-top:1em;margin-bottom:1em\"><a href=\"https:\/\/media.voog.com\/0000\/0044\/2776\/files\/1.7.2022%20Kunnalliset%20j%C3%A4tehuoltom%C3%A4%C3%A4r%C3%A4ykset-1.pdf\">Lapin J\u00e4tehuolto kuntayhtym\u00e4 &#8211; j\u00e4tehuoltom\u00e4\u00e4r\u00e4ykset (pdf)<\/a><\/p>\n\n\n\n<p class=\"links\" style=\"margin-top:1em;margin-bottom:1em\"><a href=\"https:\/\/www.utsjoki.fi\/wp-content\/uploads\/2019\/07\/utsjoen-kunnan-jatehuoltomaaraykset-2014-uudet.pdf\">Utsjoen kunnan j\u00e4tehuoltom\u00e4\u00e4r\u00e4ykset (pdf)<\/a><\/p>\n\n\n\n<h3 class=\"wp-block-heading links\">Linkit<\/h3>\n\n\n\n<p class=\"links\"><a href=\"https:\/\/www.finlex.fi\/fi\/laki\/ajantasa\/2011\/20110646\">J\u00e4telaki (646\/2011)<\/a><\/p>\n\n\n\n<p class=\"links\"><a href=\"https:\/\/finlex.fi\/fi\/laki\/alkup\/2021\/20210978\">Valtioneuvoston asetus j\u00e4tteist\u00e4 (978\/2021)<\/a><\/p>\n\n\n\n<p class=\"links\"><a href=\"https:\/\/www.kierratys.info\/\">Kierr\u00e4tys.info<\/a><\/p>\n\n\n\n<p class=\"links\"><a href=\"https:\/\/vaarallinenjate.fi\/\">vaarallinenjate.fi<\/a><\/p>\n\n\n\n<p class=\"links\"><a href=\"https:\/\/jatehuoltokompassi.fi\/\">J\u00e4tehuoltokompassi.fi<\/a><\/p>\n<\/div>\n<\/div>\n<\/div>\n\n\n\n<p><\/p>\n","protected":false},"excerpt":{"rendered":"<p>B\u00e1zahusfuolahus B\u00e1zahusfuolahusas Soa\u0111egili, An\u00e1ra, Muonio ja maidd\u00e1i Eanodaga gielddas v\u00e1stida\u00a0 Lappi B\u00e1zahusfuolahus gielddaidovttastupmi Lapeco. Ohcejoga gielddas b\u00e1zahusfuolahusas v\u00e1stida Ohcejoga gieldda b\u00e1zahusfuolahus ja b\u00e1zahus\u010doaggimis v\u00e1stida URBASER Oy. Olles \u00c1rktala\u0161 Lappi birassuodjaleami guovllus g\u00e1vdnojit Suoma P\u00e1hkkao\u0111aheapmi RINKI Oy:a \u010duogg\u00e1t (Rinki Oy:a eko\u010duogg\u00e1t). Fitnodagaid b\u00e1zahusfuolahus Fitnodagat ja servo\u0161at v\u00e1stidit ie\u017easet b\u00e1zahusfuolahusa ordnemis ja dan goluin. Fitnodagas boaht\u00e1n b\u00e1zahusat [&hellip;]<\/p>\n","protected":false},"author":1,"featured_media":1614,"parent":0,"menu_order":0,"comment_status":"closed","ping_status":"closed","template":"","meta":{"footnotes":""},"class_list":["post-1851","page","type-page","status-publish","has-post-thumbnail","hentry"],"_links":{"self":[{"href":"https:\/\/arktisenlapinys.fi\/se-fi\/wp-json\/wp\/v2\/pages\/1851","targetHints":{"allow":["GET"]}}],"collection":[{"href":"https:\/\/arktisenlapinys.fi\/se-fi\/wp-json\/wp\/v2\/pages"}],"about":[{"href":"https:\/\/arktisenlapinys.fi\/se-fi\/wp-json\/wp\/v2\/types\/page"}],"author":[{"embeddable":true,"href":"https:\/\/arktisenlapinys.fi\/se-fi\/wp-json\/wp\/v2\/users\/1"}],"replies":[{"embeddable":true,"href":"https:\/\/arktisenlapinys.fi\/se-fi\/wp-json\/wp\/v2\/comments?post=1851"}],"version-history":[{"count":4,"href":"https:\/\/arktisenlapinys.fi\/se-fi\/wp-json\/wp\/v2\/pages\/1851\/revisions"}],"predecessor-version":[{"id":2441,"href":"https:\/\/arktisenlapinys.fi\/se-fi\/wp-json\/wp\/v2\/pages\/1851\/revisions\/2441"}],"wp:featuredmedia":[{"embeddable":true,"href":"https:\/\/arktisenlapinys.fi\/se-fi\/wp-json\/wp\/v2\/media\/1614"}],"wp:attachment":[{"href":"https:\/\/arktisenlapinys.fi\/se-fi\/wp-json\/wp\/v2\/media?parent=1851"}],"curies":[{"name":"wp","href":"https:\/\/api.w.org\/{rel}","templated":true}]}}